{"id":1101,"date":"2022-10-08T17:05:47","date_gmt":"2022-10-08T17:05:47","guid":{"rendered":"http:\/\/ninaraem.de\/?page_id=1101"},"modified":"2026-02-03T06:59:13","modified_gmt":"2026-02-03T06:59:13","slug":"mental-coaching","status":"publish","type":"page","link":"http:\/\/ninaraem.de\/de\/coaching\/mental-coaching\/","title":{"rendered":"Mental Coaching"},"content":{"rendered":"\n<h2 class=\"wp-block-heading\">Die Kraft der Gedanken<\/h2>\n\n\n\n<p>Mental Coaching ist eine geistige Form des Trainings. Durch die Kraft der Gedanken, die anhand von Visualisierungen, Imaginationen und Affirmationen gest\u00e4rkt wird, sind Menschen u.a. in der Lage ihre gesamte Wahrnehmung zu ver\u00e4ndern, Klarheit der Gedanken zu finden, um ihre Ziele genau zu fokussieren und ihre Probleme zufriedenstellend zu l\u00f6sen. Auch Nervosit\u00e4t und eventuellen Angstzust\u00e4nden vor Wettk\u00e4mpfen kann mit dem mentalen Training begegnet werden. In einem ersten Schritt geschieht das mental, in einem zweiten dann real.<\/p>\n\n\n\n<p>Mein Angebot richtet sich in erster Linie an Sportler*innen, besonders aufgrund meines Hintergrunds als Freitaucherin an Freitaucher*innen.<\/p>\n\n\n\n<p>Die Sitzungen erfolgen als Einzelsitzungen. Am Anfang jeder Einheit steht eine Entspannungs\u00fcbung, die das Coaching einleitet. Je nach Thema und Zieldefinition werden verschiedene Methoden aus dem Mentaltraining herangezogen und praktisch angewendet. Eine Kombination von Mental und <a href=\"http:\/\/ninaraem.de\/de\/atem-coaching\/\" data-type=\"link\" data-id=\"http:\/\/ninaraem.de\/de\/atem-coaching\/\">Atem Coaching<\/a> ist ebenfalls denkbar, wenn das so gew\u00fcnscht wird. Die Coachings sind sehr individuell und k\u00f6nnen von einer einzelnen Sitzung bis zu mehreren Wochen oder Monaten Zusammenarbeit dauern.<\/p>\n\n\n\n<div style=\"height:30px\" aria-hidden=\"true\" class=\"wp-block-spacer\"><\/div>\n\n\n\n<p><strong>Orte<\/strong><\/p>\n\n\n\n<p>Einzelsitzungen live im Sommer in Berlin und im Herbst und Winter in Dahab und online via <a href=\"https:\/\/zoom.us\/de\" target=\"_blank\" data-type=\"link\" data-id=\"https:\/\/zoom.us\/de\" rel=\"noreferrer noopener\">zoom<\/a>.<\/p>\n\n\n\n<div style=\"height:30px\" aria-hidden=\"true\" class=\"wp-block-spacer\"><\/div>\n\n\n\n<p><strong>Preise<\/strong><br>Live-Sitzungen (60\/90\/120 Min.): Preise auf Anfrage<br>Online-Sitzungen (60 Min.): Preis auf Anfrage<\/p>\n\n\n\n<div style=\"height:30px\" aria-hidden=\"true\" class=\"wp-block-spacer\"><\/div>\n\n\n\n<p><strong>Kontakt<\/strong><br>M <a href=\"http:\/\/+4917621967547\" data-type=\"URL\" data-id=\"+4917621967547\">+4917621967547<\/a><br>E <a href=\"mailto:nina@ninaraem.de\" target=\"_blank\" rel=\"noreferrer noopener\">nina@ninaraem.de<\/a><\/p>\n","protected":false},"excerpt":{"rendered":"<p>Die Kraft der Gedanken Mental Coaching ist eine geistige Form des Trainings. Durch die Kraft der Gedanken, die anhand von Visualisierungen, Imaginationen und Affirmationen gest\u00e4rkt wird, sind Menschen u.a. in der Lage ihre gesamte Wahrnehmung zu ver\u00e4ndern, Klarheit der Gedanken zu finden, um ihre Ziele genau zu fokussieren und ihre Probleme zufriedenstellend zu l\u00f6sen. Auch [&hellip;]<\/p>\n","protected":false},"author":1,"featured_media":1809,"parent":746,"menu_order":0,"comment_status":"closed","ping_status":"closed","template":"","meta":{"footnotes":""},"class_list":["post-1101","page","type-page","status-publish","has-post-thumbnail","hentry"],"_links":{"self":[{"href":"http:\/\/ninaraem.de\/de\/wp-json\/wp\/v2\/pages\/1101","targetHints":{"allow":["GET"]}}],"collection":[{"href":"http:\/\/ninaraem.de\/de\/wp-json\/wp\/v2\/pages"}],"about":[{"href":"http:\/\/ninaraem.de\/de\/wp-json\/wp\/v2\/types\/page"}],"author":[{"embeddable":true,"href":"http:\/\/ninaraem.de\/de\/wp-json\/wp\/v2\/users\/1"}],"replies":[{"embeddable":true,"href":"http:\/\/ninaraem.de\/de\/wp-json\/wp\/v2\/comments?post=1101"}],"version-history":[{"count":34,"href":"http:\/\/ninaraem.de\/de\/wp-json\/wp\/v2\/pages\/1101\/revisions"}],"predecessor-version":[{"id":2914,"href":"http:\/\/ninaraem.de\/de\/wp-json\/wp\/v2\/pages\/1101\/revisions\/2914"}],"up":[{"embeddable":true,"href":"http:\/\/ninaraem.de\/de\/wp-json\/wp\/v2\/pages\/746"}],"wp:featuredmedia":[{"embeddable":true,"href":"http:\/\/ninaraem.de\/de\/wp-json\/wp\/v2\/media\/1809"}],"wp:attachment":[{"href":"http:\/\/ninaraem.de\/de\/wp-json\/wp\/v2\/media?parent=1101"}],"curies":[{"name":"wp","href":"https:\/\/api.w.org\/{rel}","templated":true}]}}