{"id":208,"date":"2021-05-19T10:23:07","date_gmt":"2021-05-19T10:23:07","guid":{"rendered":"http:\/\/ninaraem.de\/?page_id=208"},"modified":"2026-02-03T07:04:16","modified_gmt":"2026-02-03T07:04:16","slug":"yoga-online","status":"publish","type":"page","link":"http:\/\/ninaraem.de\/de\/yoga-spektrum\/yoga-online\/","title":{"rendered":"Yoga online"},"content":{"rendered":"\n<figure class=\"wp-block-image size-full\"><img loading=\"lazy\" decoding=\"async\" width=\"1500\" height=\"1000\" src=\"https:\/\/ninaraem.de\/wp-content\/uploads\/2023\/03\/Nina-Raem_Yoga-online-1.jpg\" alt=\"Nina Raem in der Yogastellung &quot;die Taube&quot; vor dem Computer Yoga \u00fcbend \" class=\"wp-image-1900\" srcset=\"https:\/\/ninaraem.de\/wp-content\/uploads\/2023\/03\/Nina-Raem_Yoga-online-1.jpg 1500w, https:\/\/ninaraem.de\/wp-content\/uploads\/2023\/03\/Nina-Raem_Yoga-online-1-300x200.jpg 300w, https:\/\/ninaraem.de\/wp-content\/uploads\/2023\/03\/Nina-Raem_Yoga-online-1-1024x683.jpg 1024w, https:\/\/ninaraem.de\/wp-content\/uploads\/2023\/03\/Nina-Raem_Yoga-online-1-768x512.jpg 768w, https:\/\/ninaraem.de\/wp-content\/uploads\/2023\/03\/Nina-Raem_Yoga-online-1-18x12.jpg 18w, https:\/\/ninaraem.de\/wp-content\/uploads\/2023\/03\/Nina-Raem_Yoga-online-1-600x400.jpg 600w\" sizes=\"auto, (max-width: 1500px) 100vw, 1500px\" \/><\/figure>\n\n\n\n<div style=\"height:30px\" aria-hidden=\"true\" class=\"wp-block-spacer\"><\/div>\n\n\n\n<p>Yoga online zu \u00fcben hat mehrere Vorteile, wohl aber auch Nachteile.<br>In der Regel ist es eine der Aufgaben eines Yogalehrenden, sich die Sch\u00fcler*innen beim Unterrichten genau anzuschauen, um entsprechend auf das Gesehene zu reagieren. Das f\u00e4llt beim Yoga online insofern weg, als dass die Lehrenden die \u00dcbungen gleichzeitig demonstrieren. Abgesehen davon werden in Yogaklassen Atmosph\u00e4ren geschaffen, die sich via Internet nur schwerlich rekonstruieren lassen. Im Anusara Yoga wird vorwiegend verbal unterrichtet, d.h. pr\u00e4zise Ansagen f\u00fchren die \u00dcbenden durch die Stunde, sekund\u00e4r sind dabei die sogenannten Hands-On, die eher sp\u00e4rlich und vorsichtig genutzt werden, um die Sch\u00fcler*innen zu unterst\u00fctzen (im Anusara Yoga wird der Begriff &#8220;Korrekturen&#8221; vermieden, da es wenig um das feste Bild einer Position geht, die eingenomen werden m\u00f6chte, sondern vielmehr um das Anwenden von Ausrichtungsprinzipien, die in jedem K\u00f6rper unterschiedlich ausschauen). Diesbez\u00fcglich hat der Anusara Yoga entsprechend einen Vorteil zu anderen Yogastilen, in denen viel K\u00f6rperkontakt herrscht.<br>Ein gro\u00dfes Plus des Onlineyoga ist die \u00f6rtliche Unabh\u00e4ngigkeit, so kann z.B. das Laptop oder das Mobiltelefon mit in den Urlaub genommen werden. Auch reiselustige Yogalehrende k\u00f6nnen online Kontakt halten zu ihren Sch\u00fcler*innen. In pandemischen Zeiten erkl\u00e4ren sich die Vorteile vom Unterrichten und \u00dcben online von selbst.<br>Meine Yogaklassen online gebe ich mit Hilfe der Software zoom, die einfach aus dem Netz runtergeladen werden kann. 30 Minuten vor der Yogaeinheit wird via E-Mail ein Link verschickt zur Einwahl ins Meeting. Die Stunden umfassen in der Regel 75 Minuten. Es gibt verschiedene Abos und Karten, bei Interesse bitte anfragen. Auch in Unternehmen, Vereinen oder Verwaltungen kann der Yoga online eine zus\u00e4tzliche M\u00f6glichkeit sein, um die Gesundheitspr\u00e4vention zu gestalten.<\/p>\n\n\n\n<div style=\"height:50px\" aria-hidden=\"true\" class=\"wp-block-spacer\"><\/div>\n\n\n\n<p><a href=\"http:\/\/ninaraem.de\/de\/yoga-fuer-anfaengerinnen\/\" data-type=\"link\" data-id=\"http:\/\/ninaraem.de\/de\/yoga-fuer-anfaengerinnen\/\"><strong>ANGEBOT LERNEN @HOME!!!<\/strong><\/a> <br>Yogakurs f\u00fcr Anf\u00e4nger*innen via Aufzeichnung (youtube Videos) <br>Kurs 5-teilig: 5x 90 Minuten Anusara Yoga = 49 \u20ac<br>Kurs 8-teilig: 8x 90 Minunten Anusara Yoga = 69 \u20ac<\/p>\n\n\n\n<div style=\"height:50px\" aria-hidden=\"true\" class=\"wp-block-spacer\"><\/div>\n\n\n\n<p><strong>Kontakt<\/strong><br>M <a href=\"http:\/\/+4917621967547\" data-type=\"URL\" data-id=\"+4917621967547\">+4917621967547<\/a><br>E <a href=\"mailto:nina@ninaraem.de\" target=\"_blank\" rel=\"noreferrer noopener\">nina@ninaraem.de<\/a><\/p>\n","protected":false},"excerpt":{"rendered":"<p>Yoga online zu \u00fcben hat mehrere Vorteile, wohl aber auch Nachteile.In der Regel ist es eine der Aufgaben eines Yogalehrenden, sich die Sch\u00fcler*innen beim Unterrichten genau anzuschauen, um entsprechend auf das Gesehene zu reagieren. Das f\u00e4llt beim Yoga online insofern weg, als dass die Lehrenden die \u00dcbungen gleichzeitig demonstrieren. Abgesehen davon werden in Yogaklassen Atmosph\u00e4ren [&hellip;]<\/p>\n","protected":false},"author":1,"featured_media":0,"parent":217,"menu_order":0,"comment_status":"closed","ping_status":"closed","template":"","meta":{"footnotes":""},"class_list":["post-208","page","type-page","status-publish","hentry"],"_links":{"self":[{"href":"http:\/\/ninaraem.de\/de\/wp-json\/wp\/v2\/pages\/208","targetHints":{"allow":["GET"]}}],"collection":[{"href":"http:\/\/ninaraem.de\/de\/wp-json\/wp\/v2\/pages"}],"about":[{"href":"http:\/\/ninaraem.de\/de\/wp-json\/wp\/v2\/types\/page"}],"author":[{"embeddable":true,"href":"http:\/\/ninaraem.de\/de\/wp-json\/wp\/v2\/users\/1"}],"replies":[{"embeddable":true,"href":"http:\/\/ninaraem.de\/de\/wp-json\/wp\/v2\/comments?post=208"}],"version-history":[{"count":44,"href":"http:\/\/ninaraem.de\/de\/wp-json\/wp\/v2\/pages\/208\/revisions"}],"predecessor-version":[{"id":3122,"href":"http:\/\/ninaraem.de\/de\/wp-json\/wp\/v2\/pages\/208\/revisions\/3122"}],"up":[{"embeddable":true,"href":"http:\/\/ninaraem.de\/de\/wp-json\/wp\/v2\/pages\/217"}],"wp:attachment":[{"href":"http:\/\/ninaraem.de\/de\/wp-json\/wp\/v2\/media?parent=208"}],"curies":[{"name":"wp","href":"https:\/\/api.w.org\/{rel}","templated":true}]}}