{"id":217,"date":"2021-05-20T02:45:27","date_gmt":"2021-05-20T02:45:27","guid":{"rendered":"http:\/\/ninaraem.de\/?page_id=217"},"modified":"2023-03-23T05:07:50","modified_gmt":"2023-03-23T05:07:50","slug":"yoga-spektrum","status":"publish","type":"page","link":"http:\/\/ninaraem.de\/de\/yoga-spektrum\/","title":{"rendered":"YOGA"},"content":{"rendered":"\n<h2 class=\"wp-block-heading\">Yoga Spektrum: Einheit in der Vielfalt<\/h2>\n\n\n\n<pre class=\"wp-block-verse\">\"When I practice, I am a philosopher. When I teach, I am a scientist. When I demonstrate, I am an artist.\" B.K.S. Iyengar<\/pre>\n\n\n\n<p>Das Spektrum ist urspr\u00fcnglich ein Begriff aus der Physik. Es gibt drei Definitionen:<br>1.) Band in den Regenbogenfarben, das entsteht, wenn wei\u00dfes Licht durch ein gl\u00e4sernes Prisma f\u00e4llt und so in die einzelnen Wellenl\u00e4ngen zerlegt wird, aus denen es sich zusammensetzt<br>2.) Gesamtheit der Schwingungen elektromagnetischer Wellen eines bestimmten Frequenzbereichs<br>3.) reiche Vielfalt<\/p>\n\n\n\n<p>Mein <a href=\"http:\/\/ninaraem.de\/de\/stundenplan\/\" target=\"_blank\" data-type=\"URL\" data-id=\"http:\/\/ninaraem.de\/de\/stundenplan\/\" rel=\"noreferrer noopener\">Yogaangebot<\/a> umfasst ein weites Spektrum, konzentriert sich allerdings wiederum auf den physischen Aspekt des Yoga. Mir geht es vor allen Dingen darum, die K\u00f6rperwahrnehmung zu verfeinern und den K\u00f6rper als eine Quelle zu verstehen, die kreatives Schaffen erm\u00f6glicht und bef\u00f6rdert. <br>Lediglich am Rande flie\u00dfen Meditationen mit in die Praxis ein. <a href=\"https:\/\/en.wikipedia.org\/wiki\/Bhakti_yoga\" target=\"_blank\" data-type=\"URL\" data-id=\"https:\/\/en.wikipedia.org\/wiki\/Bhakti_yoga\" rel=\"noreferrer noopener\">Bhakti Yoga<\/a>, <a href=\"https:\/\/en.wikipedia.org\/wiki\/Jnana_yoga\" target=\"_blank\" data-type=\"URL\" data-id=\"https:\/\/en.wikipedia.org\/wiki\/Jnana_yoga\" rel=\"noreferrer noopener\">Jnana Yoga<\/a> und auch <a href=\"https:\/\/en.wikipedia.org\/wiki\/Karma_yoga\" target=\"_blank\" data-type=\"URL\" data-id=\"https:\/\/en.wikipedia.org\/wiki\/Karma_yoga\" rel=\"noreferrer noopener\">Karma Yoga<\/a> wie sie im Integralen Yoga gelehrt werden sind mir gel\u00e4ufig, spielen aber in meinem Unterricht keine wesentliche Rolle. <\/p>\n\n\n\n<div style=\"height:50px\" aria-hidden=\"true\" class=\"wp-block-spacer\"><\/div>\n\n\n\n<p><strong>Kontakt<\/strong><br>M <a href=\"http:\/\/+4917621967547\" data-type=\"URL\" data-id=\"+4917621967547\">+4917621967547<\/a><br>E <a href=\"mailto:nina@ninaraem.de\" target=\"_blank\" rel=\"noreferrer noopener\">nina@ninaraem.de<\/a><\/p>\n","protected":false},"excerpt":{"rendered":"<p>Yoga Spektrum: Einheit in der Vielfalt &#8220;When I practice, I am a philosopher. When I teach, I am a scientist. When I demonstrate, I am an artist.&#8221; B.K.S. Iyengar Das Spektrum ist urspr\u00fcnglich ein Begriff aus der Physik. Es gibt drei Definitionen:1.) Band in den Regenbogenfarben, das entsteht, wenn wei\u00dfes Licht durch ein gl\u00e4sernes Prisma [&hellip;]<\/p>\n","protected":false},"author":1,"featured_media":1829,"parent":0,"menu_order":0,"comment_status":"closed","ping_status":"closed","template":"","meta":{"footnotes":""},"class_list":["post-217","page","type-page","status-publish","has-post-thumbnail","hentry"],"_links":{"self":[{"href":"http:\/\/ninaraem.de\/de\/wp-json\/wp\/v2\/pages\/217","targetHints":{"allow":["GET"]}}],"collection":[{"href":"http:\/\/ninaraem.de\/de\/wp-json\/wp\/v2\/pages"}],"about":[{"href":"http:\/\/ninaraem.de\/de\/wp-json\/wp\/v2\/types\/page"}],"author":[{"embeddable":true,"href":"http:\/\/ninaraem.de\/de\/wp-json\/wp\/v2\/users\/1"}],"replies":[{"embeddable":true,"href":"http:\/\/ninaraem.de\/de\/wp-json\/wp\/v2\/comments?post=217"}],"version-history":[{"count":26,"href":"http:\/\/ninaraem.de\/de\/wp-json\/wp\/v2\/pages\/217\/revisions"}],"predecessor-version":[{"id":1913,"href":"http:\/\/ninaraem.de\/de\/wp-json\/wp\/v2\/pages\/217\/revisions\/1913"}],"wp:featuredmedia":[{"embeddable":true,"href":"http:\/\/ninaraem.de\/de\/wp-json\/wp\/v2\/media\/1829"}],"wp:attachment":[{"href":"http:\/\/ninaraem.de\/de\/wp-json\/wp\/v2\/media?parent=217"}],"curies":[{"name":"wp","href":"https:\/\/api.w.org\/{rel}","templated":true}]}}