{"id":2354,"date":"2023-04-02T04:24:38","date_gmt":"2023-04-02T04:24:38","guid":{"rendered":"https:\/\/ninaraem.de\/?page_id=2354"},"modified":"2026-02-03T07:00:04","modified_gmt":"2026-02-03T07:00:04","slug":"pool-coaching","status":"publish","type":"page","link":"http:\/\/ninaraem.de\/de\/freedive\/pool-coaching\/","title":{"rendered":"Pool Coaching"},"content":{"rendered":"\n<h2 class=\"wp-block-heading\">Pool Coaching bringt dich voran! <\/h2>\n\n\n\n<p>Suchst du nach Unterst\u00fctzung f\u00fcr dein Pool Training? Bist du Anf\u00e4nger*in und w\u00fcnschst dir eine Einf\u00fchrung in die Pool-Disziplinen des Freediven? Oder bist du schon fortgeschritten in deiner Freedive-Praxis, hast vielleicht schon ein Trainingsprogramm und brauchst aber mentalen Beistand, der deine physischen \u00dcbungen erg\u00e4nzt?<\/p>\n\n\n\n<p>Mein Pool Coaching richtet sich zum einen an Freedivers, die neu sind und eine Einf\u00fchrung im Pool erfahren m\u00f6chten und zum anderen an Freedivers, die sich mental f\u00fcr den Pool besser aufstellen wollen, nach geeigneten Entspannungsmethoden suchen und darauf fokussieren wollen.<\/p>\n\n\n\n<p>Als <a href=\"http:\/\/ninaraem.de\/de\/mental-coaching\/\" data-type=\"URL\" data-id=\"http:\/\/ninaraem.de\/de\/mental-coaching\/\">Mental<\/a> und <a href=\"http:\/\/ninaraem.de\/de\/atem-coaching\/\" data-type=\"URL\" data-id=\"http:\/\/ninaraem.de\/de\/atem-coaching\/\">Atem<\/a> Coachin geht es in meinem Pool Coaching stark um die mentale Ebene, die neben dem geeigneten Trainingsprogramm ebenfalls eine zentrale Rolle spielt. Diverse Methoden aus dem mentalen Training wie Visualisierungen, Imaginationen und Affirmationen werden dabei herangezogen, um die Kraft der Gedanken zu nutzen.<\/p>\n\n\n\n<p>Hinzu kommen Entspannungs\u00fcbungen aus dem Yoga. Dabei k\u00f6nnen etliche Ans\u00e4tze verfolgt werden:<br>1.) Der <a href=\"http:\/\/ninaraem.de\/de\/yin-yoga\/\" data-type=\"URL\" data-id=\"http:\/\/ninaraem.de\/de\/yin-yoga\/\">Yin Yoga<\/a> sorgt f\u00fcr die Dehnung der tieferen Faszien und aktiviert den Parasympathikus, der uns entspannt.<br>2.) <a href=\"https:\/\/de.wikipedia.org\/wiki\/Pranayama\" data-type=\"URL\" data-id=\"https:\/\/de.wikipedia.org\/wiki\/Pranayama\" target=\"_blank\" rel=\"noreferrer noopener\">Atem\u00fcbungen<\/a> sorgen nicht nur f\u00fcr die optimale Vorbereitung f\u00fcr die Lungen, sondern regulieren auch das Nervensystem, st\u00e4rken das Immunsystem und je nachdem welche Atemtechniken gew\u00e4hlt werden, k\u00f6nnen sie auch reinigen und den K\u00f6rper energetisieren.<br>3.) <a href=\"https:\/\/de.wikipedia.org\/wiki\/Yoga_Nidra\" data-type=\"URL\" data-id=\"https:\/\/de.wikipedia.org\/wiki\/Yoga_Nidra\" target=\"_blank\" rel=\"noreferrer noopener\">Yoga Nidra<\/a> ist eine Methode der Tiefenentspannung, die gerade beim \u00dcben von STA eine gro\u00dfe Bereicherung darstellen kann.<\/p>\n\n\n\n<div style=\"height:30px\" aria-hidden=\"true\" class=\"wp-block-spacer\"><\/div>\n\n\n\n<p><strong>Preise<\/strong><br>1 Coaching: 45 \u20ac (1 Person), 35 \u20ac (2 Personen)<br>5 Coachings: 215 \u20ac (1 Person), 165 \u20ac (2 Personen)<br>10 Coachings: 405 \u20ac (1 Person), 315 \u20ac (2 Personen)<\/p>\n\n\n\n<div style=\"height:30px\" aria-hidden=\"true\" class=\"wp-block-spacer\"><\/div>\n\n\n\n<p><strong>Kontakt<\/strong><\/p>\n\n\n\n<p>M <a href=\"tel:\" data-type=\"tel\" data-id=\"tel:\">+4917621967547<\/a><br>E <a href=\"mailto:nina@ninaraem.de\" target=\"_blank\" rel=\"noreferrer noopener\">nina@ninaraem.de<\/a><\/p>\n","protected":false},"excerpt":{"rendered":"<p>Pool Coaching bringt dich voran! Suchst du nach Unterst\u00fctzung f\u00fcr dein Pool Training? Bist du Anf\u00e4nger*in und w\u00fcnschst dir eine Einf\u00fchrung in die Pool-Disziplinen des Freediven? Oder bist du schon fortgeschritten in deiner Freedive-Praxis, hast vielleicht schon ein Trainingsprogramm und brauchst aber mentalen Beistand, der deine physischen \u00dcbungen erg\u00e4nzt? Mein Pool Coaching richtet sich zum [&hellip;]<\/p>\n","protected":false},"author":1,"featured_media":2411,"parent":559,"menu_order":0,"comment_status":"closed","ping_status":"closed","template":"","meta":{"footnotes":""},"class_list":["post-2354","page","type-page","status-publish","has-post-thumbnail","hentry"],"_links":{"self":[{"href":"http:\/\/ninaraem.de\/de\/wp-json\/wp\/v2\/pages\/2354","targetHints":{"allow":["GET"]}}],"collection":[{"href":"http:\/\/ninaraem.de\/de\/wp-json\/wp\/v2\/pages"}],"about":[{"href":"http:\/\/ninaraem.de\/de\/wp-json\/wp\/v2\/types\/page"}],"author":[{"embeddable":true,"href":"http:\/\/ninaraem.de\/de\/wp-json\/wp\/v2\/users\/1"}],"replies":[{"embeddable":true,"href":"http:\/\/ninaraem.de\/de\/wp-json\/wp\/v2\/comments?post=2354"}],"version-history":[{"count":23,"href":"http:\/\/ninaraem.de\/de\/wp-json\/wp\/v2\/pages\/2354\/revisions"}],"predecessor-version":[{"id":3185,"href":"http:\/\/ninaraem.de\/de\/wp-json\/wp\/v2\/pages\/2354\/revisions\/3185"}],"up":[{"embeddable":true,"href":"http:\/\/ninaraem.de\/de\/wp-json\/wp\/v2\/pages\/559"}],"wp:featuredmedia":[{"embeddable":true,"href":"http:\/\/ninaraem.de\/de\/wp-json\/wp\/v2\/media\/2411"}],"wp:attachment":[{"href":"http:\/\/ninaraem.de\/de\/wp-json\/wp\/v2\/media?parent=2354"}],"curies":[{"name":"wp","href":"https:\/\/api.w.org\/{rel}","templated":true}]}}