{"id":2410,"date":"2023-05-19T12:15:13","date_gmt":"2023-05-19T12:15:13","guid":{"rendered":"https:\/\/ninaraem.de\/?page_id=2410"},"modified":"2026-04-19T13:29:59","modified_gmt":"2026-04-19T13:29:59","slug":"aida-pool-kurse","status":"publish","type":"page","link":"http:\/\/ninaraem.de\/de\/freedive\/aida-pool-kurse\/","title":{"rendered":"AIDA Pool Kurse"},"content":{"rendered":"\n<h2 class=\"wp-block-heading\">AIDA Pool Kurs 1: Einf\u00fchrung in den Pool<\/h2>\n\n\n\n<p>In dieser halbt\u00e4gigen Einf\u00fchrung lernst Du die absoluten Grundlagen des Freitauchens kennen, so z.B. den Atemzyklus. In ca. 3 Stunden werden Dir theoretische Informationen vermittelt, Du wirst aber auch ins Wasser gehen und Dich an erste \u00dcbungen des Zeittauchens herantasten. Dieser Baustein im AIDA-Ausbildungssystem ist nicht zwingend erforderlich f\u00fcr die Teilnahme am AIDA Pool-Kurs 2, gibt Dir aber die M\u00f6glichkeit ins Freitauchen zu schnuppern ohne gro\u00dfe Kosten in Kauf nehmen zu m\u00fcssen.<br><strong>Preis: 70\u20ac (+ eventuelle Leihgeb\u00fchren f\u00fcr das Equipment, Skript inklusive)<\/strong><\/p>\n\n\n\n<div style=\"height:50px\" aria-hidden=\"true\" class=\"wp-block-spacer\"><\/div>\n\n\n\n<h2 class=\"wp-block-heading\">AIDA Pool Kurs 2: Basis schaffen im Pool<\/h2>\n\n\n\n<p>Der <a href=\"https:\/\/www.aidainternational.org\/\" data-type=\"URL\" data-id=\"https:\/\/www.aidainternational.org\/\" target=\"_blank\" rel=\"noreferrer noopener\">AIDA<\/a> Pool-Kurs 2 erfolgt in der Regel an zwei Tagen. Du erlernst die Grundlagen des Freitauchens, die n\u00f6tigen praktischen Fertigkeiten und theoretischen Kenntnisse um als Freizeit-Freitaucher*in sicher tauchen zu k\u00f6nnen. Du lernst au\u00dferdem, Dich im Pool zu orientieren und die entsprechenden Sicherheitsvorkehrungen solide auszuf\u00fchren. Im AIDA Pool-Kurs 2 bekommst Du erste Eindr\u00fccke der verschiedenen Pool-Disziplinen wie <a href=\"https:\/\/de.wikipedia.org\/wiki\/Zeittauchen\" target=\"_blank\" data-type=\"URL\" data-id=\"https:\/\/de.wikipedia.org\/wiki\/Zeittauchen\" rel=\"noreferrer noopener\">Zeittauchen<\/a> (STA) und <a href=\"https:\/\/de.wikipedia.org\/wiki\/Streckentauchen\" target=\"_blank\" data-type=\"URL\" data-id=\"https:\/\/de.wikipedia.org\/wiki\/Streckentauchen\" rel=\"noreferrer noopener\">Streckentauchen<\/a> mit Flossen (DYN). Das Anlegen des Equipments und das Freitauchen mit Equipment wird f\u00fcr Dich vertraut. Ein wichtiger Aspekt sind die Atmung und die Entspannung. Im Rahmen des Kurses wirst Du beides n\u00e4her erfahren.<br><strong>Preis: 180\u20ac (+ eventuelle Leihgeb\u00fchren f\u00fcr das Equipment, Skript inklusive)<\/strong><\/p>\n\n\n\n<div style=\"height:50px\" aria-hidden=\"true\" class=\"wp-block-spacer\"><\/div>\n\n\n\n<h2 class=\"wp-block-heading\">AIDA Pool Kurs 3: Der Pool f\u00fcr Fortgeschrittene<\/h2>\n\n\n\n<p>Der AIDA Pool-Kurs 3 ist konzipiert f\u00fcr fortgeschrittene Freizeit-Freitaucher*innen. Aufbauend auf den erlernten Fertigkeiten aus dem vorherigen Pool-Kurs, werden Dir an drei Tagen sowohl neues theoretisches Wissen als auch neue praktische Werkzeuge vermittelt, so z.B. spezielle Trainingsmethoden (Trainingstabellen). Du wirst sowohl Deine Flossentechnik verbessern als auch Dein Atemanhalten weiter ausbauen. Um Deine Tauchg\u00e4nge mit Deinen Buddys sicherer zu machen, werden Dir auch weitere Sicherheits\u00fcbungen nahegebracht. Am Ende des Kurses wirst Du in der Lage sein 2:45min den Atem anzuhalten und 55m weit zu tauchen.<br><strong>Preis: 225\u20ac (+ eventuelle Leihgeb\u00fchren f\u00fcr das Equipment, Skript inklusive)<\/strong><\/p>\n\n\n\n<div style=\"height:50px\" aria-hidden=\"true\" class=\"wp-block-spacer\"><\/div>\n\n\n\n<h2 class=\"wp-block-heading\">Ausserdem: Pool Coachings<\/h2>\n\n\n\n<p>Neben den AIDA Pool Kursen biete ich auch individuelle <a href=\"https:\/\/ninaraem.de\/de\/freedive\/pool-coaching\/\" target=\"_blank\" data-type=\"link\" data-id=\"https:\/\/ninaraem.de\/de\/freedive\/pool-coaching\/\" rel=\"noreferrer noopener\">Pool Coachings<\/a> an au\u00dferhalb des AIDA Kurssystems. Sie richten sich an Anf\u00e4nger*innen, die sich eine Einf\u00fchrung ins Freitauchen im Pool w\u00fcnschen und an fortgeschrittene Freedivers, die nach mentalen Trainings und Unterst\u00fctzung suchen.<\/p>\n","protected":false},"excerpt":{"rendered":"<p>AIDA Pool Kurs 1: Einf\u00fchrung in den Pool In dieser halbt\u00e4gigen Einf\u00fchrung lernst Du die absoluten Grundlagen des Freitauchens kennen, so z.B. den Atemzyklus. In ca. 3 Stunden werden Dir theoretische Informationen vermittelt, Du wirst aber auch ins Wasser gehen und Dich an erste \u00dcbungen des Zeittauchens herantasten. Dieser Baustein im AIDA-Ausbildungssystem ist nicht zwingend [&hellip;]<\/p>\n","protected":false},"author":1,"featured_media":2417,"parent":559,"menu_order":0,"comment_status":"closed","ping_status":"closed","template":"","meta":{"footnotes":""},"class_list":["post-2410","page","type-page","status-publish","has-post-thumbnail","hentry"],"_links":{"self":[{"href":"http:\/\/ninaraem.de\/de\/wp-json\/wp\/v2\/pages\/2410","targetHints":{"allow":["GET"]}}],"collection":[{"href":"http:\/\/ninaraem.de\/de\/wp-json\/wp\/v2\/pages"}],"about":[{"href":"http:\/\/ninaraem.de\/de\/wp-json\/wp\/v2\/types\/page"}],"author":[{"embeddable":true,"href":"http:\/\/ninaraem.de\/de\/wp-json\/wp\/v2\/users\/1"}],"replies":[{"embeddable":true,"href":"http:\/\/ninaraem.de\/de\/wp-json\/wp\/v2\/comments?post=2410"}],"version-history":[{"count":29,"href":"http:\/\/ninaraem.de\/de\/wp-json\/wp\/v2\/pages\/2410\/revisions"}],"predecessor-version":[{"id":3604,"href":"http:\/\/ninaraem.de\/de\/wp-json\/wp\/v2\/pages\/2410\/revisions\/3604"}],"up":[{"embeddable":true,"href":"http:\/\/ninaraem.de\/de\/wp-json\/wp\/v2\/pages\/559"}],"wp:featuredmedia":[{"embeddable":true,"href":"http:\/\/ninaraem.de\/de\/wp-json\/wp\/v2\/media\/2417"}],"wp:attachment":[{"href":"http:\/\/ninaraem.de\/de\/wp-json\/wp\/v2\/media?parent=2410"}],"curies":[{"name":"wp","href":"https:\/\/api.w.org\/{rel}","templated":true}]}}