{"id":2589,"date":"2023-10-09T12:29:30","date_gmt":"2023-10-09T12:29:30","guid":{"rendered":"https:\/\/ninaraem.de\/?page_id=2589"},"modified":"2026-02-03T07:01:13","modified_gmt":"2026-02-03T07:01:13","slug":"relax-coaching","status":"publish","type":"page","link":"http:\/\/ninaraem.de\/de\/coaching\/relax-coaching\/","title":{"rendered":"Relax Coaching"},"content":{"rendered":"\n<figure class=\"wp-block-image size-large\"><img loading=\"lazy\" decoding=\"async\" width=\"1024\" height=\"683\" src=\"https:\/\/ninaraem.de\/wp-content\/uploads\/2023\/03\/Nina-Raem_Yoga-Mental-Strong-1-1024x683.jpg\" alt=\"Relax Coaching mit Nina Raem, die hier  eine Yoga \u00dcbung, genannt die stehende Vorbeuge, demonstriert, bei der der Oberk\u00f6rper nach vorne gebeugt ist. Die H\u00e4nde ber\u00fchren dabei den Boden\" class=\"wp-image-1898\" srcset=\"https:\/\/ninaraem.de\/wp-content\/uploads\/2023\/03\/Nina-Raem_Yoga-Mental-Strong-1-1024x683.jpg 1024w, https:\/\/ninaraem.de\/wp-content\/uploads\/2023\/03\/Nina-Raem_Yoga-Mental-Strong-1-300x200.jpg 300w, https:\/\/ninaraem.de\/wp-content\/uploads\/2023\/03\/Nina-Raem_Yoga-Mental-Strong-1-768x512.jpg 768w, https:\/\/ninaraem.de\/wp-content\/uploads\/2023\/03\/Nina-Raem_Yoga-Mental-Strong-1-18x12.jpg 18w, https:\/\/ninaraem.de\/wp-content\/uploads\/2023\/03\/Nina-Raem_Yoga-Mental-Strong-1-600x400.jpg 600w, https:\/\/ninaraem.de\/wp-content\/uploads\/2023\/03\/Nina-Raem_Yoga-Mental-Strong-1.jpg 1500w\" sizes=\"auto, (max-width: 1024px) 100vw, 1024px\" \/><\/figure>\n\n\n\n<p><\/p>\n\n\n\n<h2 class=\"wp-block-heading\">Stress? Frei? Leben!<\/h2>\n\n\n\n<p>Im Relax Coaching fokussieren wir auf das Thema <strong>STRESS<\/strong>. Wir unterscheiden dabei in positiven und negativen Stress. Im Allgemeinen wird Stress als \u201eindividuelle physische und mentale Reaktion auf bestimmte \u00e4u\u00dfere Reize\u201c verstanden, wobei er dazu dient, sich an sich ver\u00e4ndernde Situationen und Stressoren anzupassen. Das Empfinden von Stress ist durchaus individuell, d.h. sowohl Ursachen als auch Kennzeichen des Stress k\u00f6nnen sich sehr unterschiedlich darstellen und sind meistens vielf\u00e4ltig. Im Relax Coaching ist es unsere Aufgabe verschiedene Aspekte des Ph\u00e4nomens Stress zu beleuchten. In einem ersten Schritt werden Mithilfe eines Stresstagebuchs Stress-Situationen analysiert und schriftlich festgehalten. Es werden dabei u.a. Stressoren identifiziert und Reaktionen des K\u00f6rpers und Geistes vergegenw\u00e4rtigt. In einem zweiten Schritt geht es dann um konkrete Strategien der Stressbew\u00e4ltigung. Dazu werden verschiedene Tools aus dem <a href=\"http:\/\/ninaraem.de\/de\/yoga-spektrum\/\" data-type=\"link\" data-id=\"http:\/\/ninaraem.de\/de\/yoga-spektrum\/\">Yoga,<\/a> dem <a href=\"http:\/\/ninaraem.de\/de\/mental-coaching\/\" data-type=\"link\" data-id=\"http:\/\/ninaraem.de\/de\/mental-coaching\/\">Mental<\/a> und <a href=\"http:\/\/ninaraem.de\/de\/atem-coaching\/\" data-type=\"link\" data-id=\"http:\/\/ninaraem.de\/de\/atem-coaching\/\">Atem Coaching<\/a>, ggfls. auch aus dem Freediven kennengelernt, ge\u00fcbt und wiederholt.<\/p>\n\n\n\n<div style=\"height:30px\" aria-hidden=\"true\" class=\"wp-block-spacer\"><\/div>\n\n\n\n<p><strong>FREIER DOWNLOAD!!!<\/strong><br><a href=\"https:\/\/drive.google.com\/file\/d\/1sCYG2NdB9pqcNJeZmeIuyKWYzkuYYeOr\/view?usp=sharing\" target=\"_blank\" data-type=\"link\" data-id=\"https:\/\/drive.google.com\/file\/d\/1JLj4KLkIbVAoJegii6ZS9NrtPxG0G_ns\/view\" rel=\"noreferrer noopener\">PDF &#8220;stress notes&#8221; (Stresstagebuch) zum Ausdrucken.<\/a><\/p>\n\n\n\n<div style=\"height:30px\" aria-hidden=\"true\" class=\"wp-block-spacer\"><\/div>\n\n\n\n<p><strong>Orte<\/strong><\/p>\n\n\n\n<p>Einzelsitzungen live im Sommer in Berlin und im Herbst und Winter in Dahab und online via <a href=\"https:\/\/zoom.us\/\" target=\"_blank\" data-type=\"link\" data-id=\"https:\/\/zoom.us\/\" rel=\"noreferrer noopener\">zoom<\/a>.<\/p>\n\n\n\n<div style=\"height:30px\" aria-hidden=\"true\" class=\"wp-block-spacer\"><\/div>\n\n\n\n<p><strong>Preise<\/strong><\/p>\n\n\n\n<p>Live-Sitzungen (60\/90\/120 Min.): Preise auf Anfrage<br>Online-Sitzungen (60 Min.): Preis auf Anfrage<\/p>\n\n\n\n<div style=\"height:30px\" aria-hidden=\"true\" class=\"wp-block-spacer\"><\/div>\n\n\n\n<p><strong>Kontakt<\/strong><br>M +4917621967547<br>E <a href=\"mailto:nina@ninaraem.de\" target=\"_blank\" rel=\"noreferrer noopener\">nina@ninaraem.de<\/a><\/p>\n","protected":false},"excerpt":{"rendered":"<p>Stress? Frei? Leben! Im Relax Coaching fokussieren wir auf das Thema STRESS. Wir unterscheiden dabei in positiven und negativen Stress. Im Allgemeinen wird Stress als \u201eindividuelle physische und mentale Reaktion auf bestimmte \u00e4u\u00dfere Reize\u201c verstanden, wobei er dazu dient, sich an sich ver\u00e4ndernde Situationen und Stressoren anzupassen. Das Empfinden von Stress ist durchaus individuell, d.h. [&hellip;]<\/p>\n","protected":false},"author":1,"featured_media":0,"parent":746,"menu_order":0,"comment_status":"closed","ping_status":"closed","template":"","meta":{"footnotes":""},"class_list":["post-2589","page","type-page","status-publish","hentry"],"_links":{"self":[{"href":"http:\/\/ninaraem.de\/de\/wp-json\/wp\/v2\/pages\/2589","targetHints":{"allow":["GET"]}}],"collection":[{"href":"http:\/\/ninaraem.de\/de\/wp-json\/wp\/v2\/pages"}],"about":[{"href":"http:\/\/ninaraem.de\/de\/wp-json\/wp\/v2\/types\/page"}],"author":[{"embeddable":true,"href":"http:\/\/ninaraem.de\/de\/wp-json\/wp\/v2\/users\/1"}],"replies":[{"embeddable":true,"href":"http:\/\/ninaraem.de\/de\/wp-json\/wp\/v2\/comments?post=2589"}],"version-history":[{"count":15,"href":"http:\/\/ninaraem.de\/de\/wp-json\/wp\/v2\/pages\/2589\/revisions"}],"predecessor-version":[{"id":2953,"href":"http:\/\/ninaraem.de\/de\/wp-json\/wp\/v2\/pages\/2589\/revisions\/2953"}],"up":[{"embeddable":true,"href":"http:\/\/ninaraem.de\/de\/wp-json\/wp\/v2\/pages\/746"}],"wp:attachment":[{"href":"http:\/\/ninaraem.de\/de\/wp-json\/wp\/v2\/media?parent=2589"}],"curies":[{"name":"wp","href":"https:\/\/api.w.org\/{rel}","templated":true}]}}