{"id":65,"date":"2020-12-21T16:45:09","date_gmt":"2020-12-21T16:45:09","guid":{"rendered":"http:\/\/ninaraem.de\/?page_id=65"},"modified":"2026-02-03T07:03:27","modified_gmt":"2026-02-03T07:03:27","slug":"yoga-individuell","status":"publish","type":"page","link":"http:\/\/ninaraem.de\/de\/yoga-spektrum\/yoga-individuell\/","title":{"rendered":"Yoga individuell"},"content":{"rendered":"\n<figure class=\"wp-block-image size-full\"><img loading=\"lazy\" decoding=\"async\" width=\"1500\" height=\"1000\" src=\"https:\/\/ninaraem.de\/wp-content\/uploads\/2023\/03\/Nina-Raem_Personal-Yoga.jpg\" alt=\"Nina Raem bietet Yoga individuell. Hier dehnt sie die rechte Beinr\u00fcckseite und nutz daf\u00fcr einen Yogagurt\" class=\"wp-image-1872\" srcset=\"https:\/\/ninaraem.de\/wp-content\/uploads\/2023\/03\/Nina-Raem_Personal-Yoga.jpg 1500w, https:\/\/ninaraem.de\/wp-content\/uploads\/2023\/03\/Nina-Raem_Personal-Yoga-300x200.jpg 300w, https:\/\/ninaraem.de\/wp-content\/uploads\/2023\/03\/Nina-Raem_Personal-Yoga-1024x683.jpg 1024w, https:\/\/ninaraem.de\/wp-content\/uploads\/2023\/03\/Nina-Raem_Personal-Yoga-768x512.jpg 768w, https:\/\/ninaraem.de\/wp-content\/uploads\/2023\/03\/Nina-Raem_Personal-Yoga-18x12.jpg 18w, https:\/\/ninaraem.de\/wp-content\/uploads\/2023\/03\/Nina-Raem_Personal-Yoga-600x400.jpg 600w\" sizes=\"auto, (max-width: 1500px) 100vw, 1500px\" \/><\/figure>\n\n\n\n<p>Immer wieder geraten wir in Yogaklassen, die uns zwar bewegen, aber dennoch nicht auf unsere individuellen Bed\u00fcrfnisse und W\u00fcnsche eingehen. Einige Kurse sind \u00fcberf\u00fcllt, gew\u00e4hlte Themen und allgemeine Ansagen helfen uns nicht weiter bzw. sorgen f\u00fcr immer mehr Fragen, die in diesem Rahmen nicht gekl\u00e4rt werden k\u00f6nnen.<\/p>\n\n\n\n<p>Yoga individuell als Einzelunterricht kann f\u00fcr Dich u.a. von Interesse sein, wenn\u2026<\/p>\n\n\n\n<p>\u2026Du eine auf Dich individuell abgestimmte Yogasequenz regelm\u00e4\u00dfig \u00fcben m\u00f6chtest<br>\u2026Du Deine Praxis gezielt verbessern m\u00f6chtest<br>\u2026Du spezielle Asanas erlernen m\u00f6chtest<br>\u2026Dich als Pers\u00f6nlichkeit weiterentwickeln m\u00f6chtest und darin Unterst\u00fctzung suchst, Deine Haltung und K\u00f6rperhaltung ver\u00e4ndern m\u00f6chtest<br>\u2026Du einen anderen Grund hast als die bereits benannten<\/p>\n\n\n\n<div style=\"height:30px\" aria-hidden=\"true\" class=\"wp-block-spacer\"><\/div>\n\n\n\n<p><strong>Angebote &amp; Kosten<br><\/strong>Angebot 1: Einzelstunde  60 Minuten = 60 \u20ac<br>Angebot 2: Einzelstunde Yoga individuell 90 Minuten = 80 \u20ac<br>Angebot 3: Einzelstunde Yoga individuell 120 Minuten = 100 \u20ac<br>Angebot 4: 3er Paket Einzelstunde 60 Minuten = 140 \u20ac<\/p>\n\n\n\n<div style=\"height:30px\" aria-hidden=\"true\" class=\"wp-block-spacer\"><\/div>\n\n\n\n<p>Dieses Angebot ist auch f\u00fcr den <a href=\"http:\/\/ninaraem.de\/de\/yoga-online\/\" target=\"_blank\" data-type=\"URL\" data-id=\"http:\/\/ninaraem.de\/de\/yoga-online\/\" rel=\"noreferrer noopener\">Onlineunterricht<\/a> sehr gut geeignet. <\/p>\n\n\n\n<div style=\"height:50px\" aria-hidden=\"true\" class=\"wp-block-spacer\"><\/div>\n\n\n\n<p><strong>Kontakt<\/strong><br>M <a href=\"http:\/\/+4917621967547\" data-type=\"URL\" data-id=\"+4917621967547\">+4917621967547<\/a><br>E <a href=\"mailto:nina@ninaraem.de\" target=\"_blank\" rel=\"noreferrer noopener\">nina@ninaraem.de<\/a><\/p>\n","protected":false},"excerpt":{"rendered":"<p>Immer wieder geraten wir in Yogaklassen, die uns zwar bewegen, aber dennoch nicht auf unsere individuellen Bed\u00fcrfnisse und W\u00fcnsche eingehen. Einige Kurse sind \u00fcberf\u00fcllt, gew\u00e4hlte Themen und allgemeine Ansagen helfen uns nicht weiter bzw. sorgen f\u00fcr immer mehr Fragen, die in diesem Rahmen nicht gekl\u00e4rt werden k\u00f6nnen. Yoga individuell als Einzelunterricht kann f\u00fcr Dich u.a. [&hellip;]<\/p>\n","protected":false},"author":1,"featured_media":0,"parent":217,"menu_order":0,"comment_status":"closed","ping_status":"closed","template":"","meta":{"footnotes":""},"class_list":["post-65","page","type-page","status-publish","hentry"],"_links":{"self":[{"href":"http:\/\/ninaraem.de\/de\/wp-json\/wp\/v2\/pages\/65","targetHints":{"allow":["GET"]}}],"collection":[{"href":"http:\/\/ninaraem.de\/de\/wp-json\/wp\/v2\/pages"}],"about":[{"href":"http:\/\/ninaraem.de\/de\/wp-json\/wp\/v2\/types\/page"}],"author":[{"embeddable":true,"href":"http:\/\/ninaraem.de\/de\/wp-json\/wp\/v2\/users\/1"}],"replies":[{"embeddable":true,"href":"http:\/\/ninaraem.de\/de\/wp-json\/wp\/v2\/comments?post=65"}],"version-history":[{"count":32,"href":"http:\/\/ninaraem.de\/de\/wp-json\/wp\/v2\/pages\/65\/revisions"}],"predecessor-version":[{"id":1963,"href":"http:\/\/ninaraem.de\/de\/wp-json\/wp\/v2\/pages\/65\/revisions\/1963"}],"up":[{"embeddable":true,"href":"http:\/\/ninaraem.de\/de\/wp-json\/wp\/v2\/pages\/217"}],"wp:attachment":[{"href":"http:\/\/ninaraem.de\/de\/wp-json\/wp\/v2\/media?parent=65"}],"curies":[{"name":"wp","href":"https:\/\/api.w.org\/{rel}","templated":true}]}}