{"id":77,"date":"2020-12-21T16:47:47","date_gmt":"2020-12-21T16:47:47","guid":{"rendered":"http:\/\/ninaraem.de\/?page_id=77"},"modified":"2026-03-30T18:46:26","modified_gmt":"2026-03-30T18:46:26","slug":"yoga-fuer-anfaengerinnen","status":"publish","type":"page","link":"http:\/\/ninaraem.de\/de\/yoga-spektrum\/yoga-fuer-anfaengerinnen\/","title":{"rendered":"Yoga f\u00fcr Anf\u00e4nger*innen"},"content":{"rendered":"\n<h2 class=\"wp-block-heading\">Es gibt unendlich viele Gr\u00fcnde weswegen wir Yoga \u00fcben sollten<\/h2>\n\n\n\n<p>Im Yoga f\u00fcr Anf\u00e4nger*innen erlernst Du an 8 aufeinanderfolgenden Terminen die Grundlagen des Yoga. Im Hatha Yoga wird auf den k\u00f6rperlichen Aspekt des Yoga fokussiert, ge\u00fcbt werden dabei in erster Linie die K\u00f6rperhaltungen (Asanas), sp\u00e4ter kommen auch Atemtechniken dazu (Pranayama). <a href=\"https:\/\/www.anusarayoga.com\/\" data-type=\"URL\" data-id=\"https:\/\/www.anusarayoga.com\/\" target=\"_blank\" rel=\"noreferrer noopener\">Anusara Yoga<\/a>, der Yogastil, den ich unterrichte, beinhaltet u.a. 5 Ausrichtungsprinzipien, neben weiteren 7 Loops, die die Prinzipien verfeinern. Die \u00dcbungen werden in diesem System pr\u00e4zise ausgef\u00fchrt. Standstellungen r\u00fccken vorerst in den Vordergrund des Yoga f\u00fcr Anf\u00e4nger*innen, es werden aber auch H\u00fcft\u00f6ffner, Vorbeugen, Twists und R\u00fcckbeugen ge\u00fcbt. Armbalancen und Umkehrhaltungen hingegen werden anschlie\u00dfend in einem Aufbaukurs vermittelt. Am Ende jeder Einheit gibt es eine Ruhephase, in der Du lernst, Deinen K\u00f6rper zu entspannen. Bequeme Kleidung und ein Getr\u00e4nk ist mitzubringen, Matten, Decken, Kl\u00f6tze und Gurte werden hingegen gestellt.<\/p>\n\n\n\n<div style=\"height:50px\" aria-hidden=\"true\" class=\"wp-block-spacer\"><\/div>\n\n\n\n<p><a href=\"http:\/\/ninaraem.de\/de\/yoga-fuer-anfaengerinnen\/\" data-type=\"link\" data-id=\"http:\/\/ninaraem.de\/de\/yoga-fuer-anfaengerinnen\/\"><strong>ANGEBOT LERNEN @HOME!!!<\/strong><\/a> <br>Yogakurs f\u00fcr Anf\u00e4nger*innen via Aufzeichnung (youtube Videos) <br>Kurs 5-teilig: 5x 90 Minuten Anusara Yoga = 49 \u20ac<br>Kurs 8-teilig: 8x 90 Minunten Anusara Yoga = 69 \u20ac<\/p>\n\n\n\n<div style=\"height:50px\" aria-hidden=\"true\" class=\"wp-block-spacer\"><\/div>\n\n\n\n<p><strong>Kontakt<\/strong><br>M <a href=\"http:\/\/+4917621967547\" data-type=\"URL\" data-id=\"+4917621967547\">+4917621967547<\/a><br>E <a href=\"mailto:nina@ninaraem.de\" target=\"_blank\" rel=\"noreferrer noopener\">nina@ninaraem.de<\/a><\/p>\n","protected":false},"excerpt":{"rendered":"<p>Es gibt unendlich viele Gr\u00fcnde weswegen wir Yoga \u00fcben sollten Im Yoga f\u00fcr Anf\u00e4nger*innen erlernst Du an 8 aufeinanderfolgenden Terminen die Grundlagen des Yoga. Im Hatha Yoga wird auf den k\u00f6rperlichen Aspekt des Yoga fokussiert, ge\u00fcbt werden dabei in erster Linie die K\u00f6rperhaltungen (Asanas), sp\u00e4ter kommen auch Atemtechniken dazu (Pranayama). Anusara Yoga, der Yogastil, den [&hellip;]<\/p>\n","protected":false},"author":1,"featured_media":1875,"parent":217,"menu_order":0,"comment_status":"closed","ping_status":"closed","template":"","meta":{"footnotes":""},"class_list":["post-77","page","type-page","status-publish","has-post-thumbnail","hentry"],"_links":{"self":[{"href":"http:\/\/ninaraem.de\/de\/wp-json\/wp\/v2\/pages\/77","targetHints":{"allow":["GET"]}}],"collection":[{"href":"http:\/\/ninaraem.de\/de\/wp-json\/wp\/v2\/pages"}],"about":[{"href":"http:\/\/ninaraem.de\/de\/wp-json\/wp\/v2\/types\/page"}],"author":[{"embeddable":true,"href":"http:\/\/ninaraem.de\/de\/wp-json\/wp\/v2\/users\/1"}],"replies":[{"embeddable":true,"href":"http:\/\/ninaraem.de\/de\/wp-json\/wp\/v2\/comments?post=77"}],"version-history":[{"count":36,"href":"http:\/\/ninaraem.de\/de\/wp-json\/wp\/v2\/pages\/77\/revisions"}],"predecessor-version":[{"id":3561,"href":"http:\/\/ninaraem.de\/de\/wp-json\/wp\/v2\/pages\/77\/revisions\/3561"}],"up":[{"embeddable":true,"href":"http:\/\/ninaraem.de\/de\/wp-json\/wp\/v2\/pages\/217"}],"wp:featuredmedia":[{"embeddable":true,"href":"http:\/\/ninaraem.de\/de\/wp-json\/wp\/v2\/media\/1875"}],"wp:attachment":[{"href":"http:\/\/ninaraem.de\/de\/wp-json\/wp\/v2\/media?parent=77"}],"curies":[{"name":"wp","href":"https:\/\/api.w.org\/{rel}","templated":true}]}}