{"id":1101,"date":"2022-10-08T17:05:47","date_gmt":"2022-10-08T17:05:47","guid":{"rendered":"http:\/\/ninaraem.de\/?page_id=1101"},"modified":"2026-02-03T06:59:13","modified_gmt":"2026-02-03T06:59:13","slug":"mental-coaching","status":"publish","type":"page","link":"http:\/\/ninaraem.de\/en\/coaching\/mental-coaching\/","title":{"rendered":"Mental Coaching"},"content":{"rendered":"<h2 class=\"wp-block-heading\">The Power of Thought<\/h2>\n\n\n\n<p>Mental coaching is a form of mental training. Through the power of thought, which is strengthened through visualization, imagination and affirmation, people are able to change their entire perception, find clarity of thought in order to focus their goals precisely and solve their problems satisfactorily, among other things. Nervousness and possible states of anxiety before competitions can also be counteracted with mental training. In a first step, this happens mentally, in a second then in real life.<\/p>\n\n\n\n<p>My offer is primarily aimed at athletes, especially freedivers due to my background as a freediver.<\/p>\n\n\n\n<p class=\"translation-block\">The sessions take place as individual sessions. At the beginning of each unit there is a relaxation exercise that initiates the coaching. Depending on the topic and goal definition, different methods from mental training are used and applied in practice. A combination of mental and <a href=\"http:\/\/ninaraem.de\/en\/atem-coaching\/\" data-type=\"link\" data-id=\"http:\/\/ninaraem.de\/de\/atem-coaching \/\" target=\"_self\">Breath Coaching<\/a> is also possible if desired. The coaching sessions are very individual and can last from a single session to several weeks or months of collaboration.<\/p>\n\n\n\n<div style=\"height:30px\" aria-hidden=\"true\" class=\"wp-block-spacer\"><\/div>\n\n\n\n<p><strong>Locations<\/strong><\/p>\n\n\n\n<p class=\"translation-block\">Individual sessions live in summer in Berlin and in autumn and winter in Dahab and online via <a href=\"https:\/\/zoom.us\/\" target=\"_blank\" data-type=\"link\" data-id=\"https:\/ \/zoom.us\/\" rel=\"noreferrer noopener\">zoom<\/a>.<\/p>\n\n\n\n<div style=\"height:30px\" aria-hidden=\"true\" class=\"wp-block-spacer\"><\/div>\n\n\n\n<p class=\"translation-block\"><strong>Prices<\/strong><br>Live sessions (60\/90\/120 min.): Prices on request<br>Online sessions (60 min.): Price on request<\/p>\n\n\n\n<div style=\"height:30px\" aria-hidden=\"true\" class=\"wp-block-spacer\"><\/div>\n\n\n\n<p><strong>Contact<\/strong><br>M <a href=\"http:\/\/+4917621967547\" data-type=\"URL\" data-id=\"+4917621967547\">+4917621967547<\/a><br>E <a href=\"mailto:nina@ninaraem.de\" target=\"_blank\" rel=\"noreferrer noopener\">nina@ninaraem.de<\/a><\/p>","protected":false},"excerpt":{"rendered":"<p>Die Kraft der Gedanken Mental Coaching ist eine geistige Form des Trainings. Durch die Kraft der Gedanken, die anhand von Visualisierungen, Imaginationen und Affirmationen gest\u00e4rkt wird, sind Menschen u.a. in der Lage ihre gesamte Wahrnehmung zu ver\u00e4ndern, Klarheit der Gedanken zu finden, um ihre Ziele genau zu fokussieren und ihre Probleme zufriedenstellend zu l\u00f6sen. Auch [&hellip;]<\/p>\n","protected":false},"author":1,"featured_media":1809,"parent":746,"menu_order":0,"comment_status":"closed","ping_status":"closed","template":"","meta":{"footnotes":""},"class_list":["post-1101","page","type-page","status-publish","has-post-thumbnail","hentry"],"_links":{"self":[{"href":"http:\/\/ninaraem.de\/en\/wp-json\/wp\/v2\/pages\/1101","targetHints":{"allow":["GET"]}}],"collection":[{"href":"http:\/\/ninaraem.de\/en\/wp-json\/wp\/v2\/pages"}],"about":[{"href":"http:\/\/ninaraem.de\/en\/wp-json\/wp\/v2\/types\/page"}],"author":[{"embeddable":true,"href":"http:\/\/ninaraem.de\/en\/wp-json\/wp\/v2\/users\/1"}],"replies":[{"embeddable":true,"href":"http:\/\/ninaraem.de\/en\/wp-json\/wp\/v2\/comments?post=1101"}],"version-history":[{"count":34,"href":"http:\/\/ninaraem.de\/en\/wp-json\/wp\/v2\/pages\/1101\/revisions"}],"predecessor-version":[{"id":2914,"href":"http:\/\/ninaraem.de\/en\/wp-json\/wp\/v2\/pages\/1101\/revisions\/2914"}],"up":[{"embeddable":true,"href":"http:\/\/ninaraem.de\/en\/wp-json\/wp\/v2\/pages\/746"}],"wp:featuredmedia":[{"embeddable":true,"href":"http:\/\/ninaraem.de\/en\/wp-json\/wp\/v2\/media\/1809"}],"wp:attachment":[{"href":"http:\/\/ninaraem.de\/en\/wp-json\/wp\/v2\/media?parent=1101"}],"curies":[{"name":"wp","href":"https:\/\/api.w.org\/{rel}","templated":true}]}}