{"id":2589,"date":"2023-10-09T12:29:30","date_gmt":"2023-10-09T12:29:30","guid":{"rendered":"https:\/\/ninaraem.de\/?page_id=2589"},"modified":"2026-02-03T07:01:13","modified_gmt":"2026-02-03T07:01:13","slug":"relax-coaching","status":"publish","type":"page","link":"http:\/\/ninaraem.de\/en\/coaching\/relax-coaching\/","title":{"rendered":"Relax Coaching"},"content":{"rendered":"<figure class=\"wp-block-image size-large\"><img loading=\"lazy\" decoding=\"async\" width=\"1024\" height=\"683\" src=\"https:\/\/ninaraem.de\/wp-content\/uploads\/2023\/03\/Nina-Raem_Yoga-Mental-Strong-1-1024x683.jpg\" alt=\"Relax Coaching mit Nina Raem, die hier  eine Yoga \u00dcbung, genannt die stehende Vorbeuge, demonstriert, bei der der Oberk\u00f6rper nach vorne gebeugt ist. Die H\u00e4nde ber\u00fchren dabei den Boden\" class=\"wp-image-1898\" srcset=\"https:\/\/ninaraem.de\/wp-content\/uploads\/2023\/03\/Nina-Raem_Yoga-Mental-Strong-1-1024x683.jpg 1024w, https:\/\/ninaraem.de\/wp-content\/uploads\/2023\/03\/Nina-Raem_Yoga-Mental-Strong-1-300x200.jpg 300w, https:\/\/ninaraem.de\/wp-content\/uploads\/2023\/03\/Nina-Raem_Yoga-Mental-Strong-1-768x512.jpg 768w, https:\/\/ninaraem.de\/wp-content\/uploads\/2023\/03\/Nina-Raem_Yoga-Mental-Strong-1-18x12.jpg 18w, https:\/\/ninaraem.de\/wp-content\/uploads\/2023\/03\/Nina-Raem_Yoga-Mental-Strong-1-600x400.jpg 600w, https:\/\/ninaraem.de\/wp-content\/uploads\/2023\/03\/Nina-Raem_Yoga-Mental-Strong-1.jpg 1500w\" sizes=\"auto, (max-width: 1024px) 100vw, 1024px\" \/><\/figure>\n\n\n\n<p><\/p>\n\n\n\n<h2 class=\"wp-block-heading\">For Your Inner Freedom and Peace: Release!<\/h2>\n\n\n\n<p class=\"translation-block\">In Relax Coaching we focus on the topic of STRESS. We differentiate between positive and negative stress. In general, stress is understood as an \u201cindividual physical and mental reaction to certain external stimuli\u201d, whereby it serves to adapt to changing situations and stressors. The feeling of stress is entirely individual, i.e. both the causes and characteristics of stress can appear very differently and are usually diverse. In Relax Coaching, our task is to shed light on various aspects of the phenomenon of stress. In a first step, stressful situations are analyzed and recorded in writing using a stress diary. Among other things, stressors are identified and reactions of the body and mind are visualized. The second step is about concrete strategies for dealing with stress. For this purpose, various tools from yoga, mental and breath coaching, if necessary. also learned from freediving, practiced and repeated.<\/p>\n\n\n\n<div style=\"height:30px\" aria-hidden=\"true\" class=\"wp-block-spacer\"><\/div>\n\n\n\n<p class=\"translation-block\"><strong>FREE DOWNLOAD!!!<\/strong><br><a href=\"https:\/\/drive.google.com\/file\/d\/1JLj4KLkIbVAoJegii6ZS9NrtPxG0G_ns\/view\" data-type=\"link\" data-id=\" https:\/\/drive.google.com\/file\/d\/1JLj4KLkIbVAoJegii6ZS9NrtPxG0G_ns\/view\" target=\"_blank\" rel=\"noopener\">PDF \"stress notes\" (stress diary) for printing.<\/a><\/p>\n\n\n\n<div style=\"height:30px\" aria-hidden=\"true\" class=\"wp-block-spacer\"><\/div>\n\n\n\n<p><strong>Locations<\/strong><\/p>\n\n\n\n<p class=\"translation-block\">Individual sessions live in summer in Berlin and in autumn and winter in Dahab and online via <a href=\"https:\/\/zoom.us\/\" target=\"_blank\" data-type=\"link\" data-id=\"https:\/ \/zoom.us\/\" rel=\"noreferrer noopener\">zoom<\/a>.<\/p>\n\n\n\n<div style=\"height:30px\" aria-hidden=\"true\" class=\"wp-block-spacer\"><\/div>\n\n\n\n<p><strong>Prices<\/strong><\/p>\n\n\n\n<p class=\"translation-block\">Live sessions (60\/90\/120 min.): Prices on request<br>Online sessions (60 min.): Prices on request<\/p>\n\n\n\n<div style=\"height:30px\" aria-hidden=\"true\" class=\"wp-block-spacer\"><\/div>\n\n\n\n<p><strong>Contact<\/strong><br>M +4917621967547<br>E <a href=\"mailto:nina@ninaraem.de\" target=\"_blank\" rel=\"noreferrer noopener\">nina@ninaraem.de<\/a><\/p>","protected":false},"excerpt":{"rendered":"<p>Stress? Frei? Leben! Im Relax Coaching fokussieren wir auf das Thema STRESS. Wir unterscheiden dabei in positiven und negativen Stress. Im Allgemeinen wird Stress als \u201eindividuelle physische und mentale Reaktion auf bestimmte \u00e4u\u00dfere Reize\u201c verstanden, wobei er dazu dient, sich an sich ver\u00e4ndernde Situationen und Stressoren anzupassen. Das Empfinden von Stress ist durchaus individuell, d.h. [&hellip;]<\/p>\n","protected":false},"author":1,"featured_media":0,"parent":746,"menu_order":0,"comment_status":"closed","ping_status":"closed","template":"","meta":{"footnotes":""},"class_list":["post-2589","page","type-page","status-publish","hentry"],"_links":{"self":[{"href":"http:\/\/ninaraem.de\/en\/wp-json\/wp\/v2\/pages\/2589","targetHints":{"allow":["GET"]}}],"collection":[{"href":"http:\/\/ninaraem.de\/en\/wp-json\/wp\/v2\/pages"}],"about":[{"href":"http:\/\/ninaraem.de\/en\/wp-json\/wp\/v2\/types\/page"}],"author":[{"embeddable":true,"href":"http:\/\/ninaraem.de\/en\/wp-json\/wp\/v2\/users\/1"}],"replies":[{"embeddable":true,"href":"http:\/\/ninaraem.de\/en\/wp-json\/wp\/v2\/comments?post=2589"}],"version-history":[{"count":15,"href":"http:\/\/ninaraem.de\/en\/wp-json\/wp\/v2\/pages\/2589\/revisions"}],"predecessor-version":[{"id":2953,"href":"http:\/\/ninaraem.de\/en\/wp-json\/wp\/v2\/pages\/2589\/revisions\/2953"}],"up":[{"embeddable":true,"href":"http:\/\/ninaraem.de\/en\/wp-json\/wp\/v2\/pages\/746"}],"wp:attachment":[{"href":"http:\/\/ninaraem.de\/en\/wp-json\/wp\/v2\/media?parent=2589"}],"curies":[{"name":"wp","href":"https:\/\/api.w.org\/{rel}","templated":true}]}}