{"id":3428,"date":"2026-01-19T16:21:57","date_gmt":"2026-01-19T16:21:57","guid":{"rendered":"https:\/\/ninaraem.de\/?page_id=3428"},"modified":"2026-04-19T13:49:54","modified_gmt":"2026-04-19T13:49:54","slug":"fundives","status":"publish","type":"page","link":"http:\/\/ninaraem.de\/en\/freedive\/fundives\/","title":{"rendered":"Fundives"},"content":{"rendered":"<h2 class=\"wp-block-heading\">More than just fun!<\/h2>\n\n\n\n<p class=\"translation-block\">Fundives are relaxed freedives, free from performance pressure. The focus is on experiencing the underwater world and\/or connecting with yourself.<\/p>\n\n\n\n<h4 class=\"wp-block-heading\">Inner Exploration<\/h4>\n\n\n\n<p>During fundives, the focus shifts inward. Body awareness and breath control take center stage. By perceiving your body's subtle signals and responding calmly, you develop confidence and security in the water. At the same time, fundamental skills such as equalization, buoyancy control, and efficient movement are practiced naturally and playfully.<\/p>\n\n\n\n<div style=\"height:30px\" aria-hidden=\"true\" class=\"wp-block-spacer\"><\/div>\n\n\n\n<div class=\"wp-block-columns is-layout-flex wp-container-core-columns-is-layout-9d6595d7 wp-block-columns-is-layout-flex\">\n<div class=\"wp-block-column is-layout-flow wp-block-column-is-layout-flow\">\n<figure class=\"wp-block-image size-full\"><img loading=\"lazy\" decoding=\"async\" width=\"2000\" height=\"1466\" src=\"https:\/\/ninaraem.de\/wp-content\/uploads\/2026\/04\/Nina-Raem_Freedive_Fundives_Inner_1.jpg\" alt=\"Fundive in Dahab, \u00c4gypten in Eel Garden. Freediverin Nina Raem entspannt in R\u00fcckenlage, schwebend im Wasser\" class=\"wp-image-3586\" srcset=\"https:\/\/ninaraem.de\/wp-content\/uploads\/2026\/04\/Nina-Raem_Freedive_Fundives_Inner_1.jpg 2000w, https:\/\/ninaraem.de\/wp-content\/uploads\/2026\/04\/Nina-Raem_Freedive_Fundives_Inner_1-300x220.jpg 300w, https:\/\/ninaraem.de\/wp-content\/uploads\/2026\/04\/Nina-Raem_Freedive_Fundives_Inner_1-1024x751.jpg 1024w, https:\/\/ninaraem.de\/wp-content\/uploads\/2026\/04\/Nina-Raem_Freedive_Fundives_Inner_1-768x563.jpg 768w, https:\/\/ninaraem.de\/wp-content\/uploads\/2026\/04\/Nina-Raem_Freedive_Fundives_Inner_1-1536x1126.jpg 1536w, https:\/\/ninaraem.de\/wp-content\/uploads\/2026\/04\/Nina-Raem_Freedive_Fundives_Inner_1-16x12.jpg 16w, https:\/\/ninaraem.de\/wp-content\/uploads\/2026\/04\/Nina-Raem_Freedive_Fundives_Inner_1-600x440.jpg 600w\" sizes=\"auto, (max-width: 2000px) 100vw, 2000px\" \/><\/figure>\n<\/div>\n<\/div>\n\n\n\n<h4 class=\"wp-block-heading\">Outer Exploration<\/h4>\n\n\n\n<p class=\"translation-block\">At the same time, fundive sites invite you to explore the world around you. Each location offers its own unique underwater discoveries. Colorful reefs, landscapes, and marine life make every dive experience unique. Diving with buddies or friends creates an inspiring, supportive atmosphere, while creative elements like underwater photography or videography open up new perspectives underwater.<\/p>\n\n\n\n<div style=\"height:30px\" aria-hidden=\"true\" class=\"wp-block-spacer\"><\/div>\n\n\n\n<div class=\"wp-block-columns is-layout-flex wp-container-core-columns-is-layout-9d6595d7 wp-block-columns-is-layout-flex\">\n<div class=\"wp-block-column is-layout-flow wp-block-column-is-layout-flow\">\n<figure class=\"wp-block-image size-full\"><img loading=\"lazy\" decoding=\"async\" width=\"2000\" height=\"1125\" src=\"https:\/\/ninaraem.de\/wp-content\/uploads\/2026\/04\/Nina-Raem_Freedive_Fundives_Outer_2.jpg\" alt=\"\" class=\"wp-image-3588\" srcset=\"https:\/\/ninaraem.de\/wp-content\/uploads\/2026\/04\/Nina-Raem_Freedive_Fundives_Outer_2.jpg 2000w, https:\/\/ninaraem.de\/wp-content\/uploads\/2026\/04\/Nina-Raem_Freedive_Fundives_Outer_2-300x169.jpg 300w, https:\/\/ninaraem.de\/wp-content\/uploads\/2026\/04\/Nina-Raem_Freedive_Fundives_Outer_2-1024x576.jpg 1024w, https:\/\/ninaraem.de\/wp-content\/uploads\/2026\/04\/Nina-Raem_Freedive_Fundives_Outer_2-768x432.jpg 768w, https:\/\/ninaraem.de\/wp-content\/uploads\/2026\/04\/Nina-Raem_Freedive_Fundives_Outer_2-1536x864.jpg 1536w, https:\/\/ninaraem.de\/wp-content\/uploads\/2026\/04\/Nina-Raem_Freedive_Fundives_Outer_2-18x10.jpg 18w, https:\/\/ninaraem.de\/wp-content\/uploads\/2026\/04\/Nina-Raem_Freedive_Fundives_Outer_2-1160x653.jpg 1160w, https:\/\/ninaraem.de\/wp-content\/uploads\/2026\/04\/Nina-Raem_Freedive_Fundives_Outer_2-600x338.jpg 600w\" sizes=\"auto, (max-width: 2000px) 100vw, 2000px\" \/><\/figure>\n<\/div>\n<\/div>\n\n\n\n<div style=\"height:30px\" aria-hidden=\"true\" class=\"wp-block-spacer\"><\/div>\n\n\n\n<h4 class=\"wp-block-heading\">A balanced freediving experience<\/h4>\n\n\n\n<p class=\"translation-block\">Fundives are also the ideal way to unwind after intensive training phases and clear your mind. They offer space to discover new things and consciously experience the moment underwater, all without pressure or targets. Alongside the <a href=\"https:\/\/ninaraem.de\/en\/freedive\/aida-kurs\/\" data-type=\"link\" data-id=\"https:\/\/ninaraem.de\/de\/aida-kurse\/\" target=\"_self\">AIDA courses<\/a> and the <a href=\"https:\/\/ninaraem.de\/en\/freedive\/open-water-coaching\/\" data-type=\"link\" data-id=\"https:\/\/ninaraem.de\/de\/freedive\/open-water-coaching\/\" target=\"_self\">Open Water Coaching sessions<\/a>, which primarily focus on skills development, the fundives provide the perfect balance for an individually guided, holistic experience centered on mental state, relaxation, and your own diving style.<\/p>\n\n\n\n<h4 class=\"wp-block-heading\">Simple! Free! Diving!<\/h4>","protected":false},"excerpt":{"rendered":"<p>Mehr als nur Spa\u00df! Fundives sind entspannte Freitauchg\u00e4nge, frei vom Leistungsdruck. Im Fokus stehen das Erleben der Unterwasserwelt und\/oder die Verbindung zu dir selbst. Innenschau W\u00e4hrend der Fundives richtet sich die Aufmerksamkeit nach innen. K\u00f6rperwahrnehmung und Atemkontrolle stehen im Vordergrund. Indem du die feinen Signale deines K\u00f6rpers wahrnimmst und ruhig darauf reagierst, entwickelst du Selbstvertrauen [&hellip;]<\/p>\n","protected":false},"author":1,"featured_media":3587,"parent":559,"menu_order":0,"comment_status":"closed","ping_status":"closed","template":"","meta":{"footnotes":""},"class_list":["post-3428","page","type-page","status-publish","has-post-thumbnail","hentry"],"_links":{"self":[{"href":"http:\/\/ninaraem.de\/en\/wp-json\/wp\/v2\/pages\/3428","targetHints":{"allow":["GET"]}}],"collection":[{"href":"http:\/\/ninaraem.de\/en\/wp-json\/wp\/v2\/pages"}],"about":[{"href":"http:\/\/ninaraem.de\/en\/wp-json\/wp\/v2\/types\/page"}],"author":[{"embeddable":true,"href":"http:\/\/ninaraem.de\/en\/wp-json\/wp\/v2\/users\/1"}],"replies":[{"embeddable":true,"href":"http:\/\/ninaraem.de\/en\/wp-json\/wp\/v2\/comments?post=3428"}],"version-history":[{"count":29,"href":"http:\/\/ninaraem.de\/en\/wp-json\/wp\/v2\/pages\/3428\/revisions"}],"predecessor-version":[{"id":3628,"href":"http:\/\/ninaraem.de\/en\/wp-json\/wp\/v2\/pages\/3428\/revisions\/3628"}],"up":[{"embeddable":true,"href":"http:\/\/ninaraem.de\/en\/wp-json\/wp\/v2\/pages\/559"}],"wp:featuredmedia":[{"embeddable":true,"href":"http:\/\/ninaraem.de\/en\/wp-json\/wp\/v2\/media\/3587"}],"wp:attachment":[{"href":"http:\/\/ninaraem.de\/en\/wp-json\/wp\/v2\/media?parent=3428"}],"curies":[{"name":"wp","href":"https:\/\/api.w.org\/{rel}","templated":true}]}}