{"id":1183,"date":"2022-10-16T13:46:25","date_gmt":"2022-10-16T13:46:25","guid":{"rendered":"http:\/\/ninaraem.de\/?page_id=1183"},"modified":"2023-03-27T09:35:42","modified_gmt":"2023-03-27T09:35:42","slug":"allgemeine-geschaeftsbedingungen","status":"publish","type":"page","link":"https:\/\/ninaraem.de\/de\/allgemeine-geschaeftsbedingungen\/","title":{"rendered":"AGB"},"content":{"rendered":"\n<h2 class=\"wp-block-heading\">Allgemeine Gesch\u00e4ftsbedingungen<\/h2>\n\n\n\n<p><strong>Einzeltermine<\/strong><\/p>\n\n\n\n<p>Mit Ihrer verbindlich zugesagten Terminvereinbarung f\u00fcr die Inanspruchnahme einer meiner Dienstleitungen als Yogalehrerin, Freitauchlehrerin oder Coachin best\u00e4tigen Sie, dass Sie psychisch gesund sind und dass sie keine k\u00f6rperlichen Einschr\u00e4nkungen haben, welche die Teilnahme an einem meiner Angebote ausschlie\u00dfen. Ich, Nina Raem, \u00fcbernehme als Lehrerin oder Coachin f\u00fcr eventuell aufkommende Sch\u00e4den diesbez\u00fcglich keine Haftung.<\/p>\n\n\n\n<p>Stornierung eines Termins von meiner Seite: 100% Erstattung meinerseits<br>Stornierung seitens eines Sch\u00fclers \/ einer Sch\u00fclerin oder einer Klientin \/ eines Klienten:<br>Stornierung bis 24 Stunden vor Termin: 0% des vereinbarten Preises wird f\u00e4llig<br>Stornierung weniger 24 Stunden vor Termin: 50% des vereinbarten Preises wird f\u00e4llig<br>kurzfristige Absagen bis 4 Stunden vor Termin: 100% des vereinbarten Preises wird f\u00e4llig<\/p>\n\n\n\n<div style=\"height:30px\" aria-hidden=\"true\" class=\"wp-block-spacer\"><\/div>\n\n\n\n<p><strong>Buchung f\u00fcr u.a. Ausbildungen, Retreats, Reisen<\/strong><\/p>\n\n\n\n<p>Beim Buchen einer meiner Dienstleistungen als Yogalehrerin, Freitauchlehrerin oder Coachin f\u00fcr u.a. Ausbildungen, Retreats, Reiseveranstaltungen:<\/p>\n\n\n\n<p>Stornierung eines Termins von meiner Seite: 100% Erstattung meinerseits<br>Stornierung seitens des Auftraggebers:<br>Stornierung bis 28 Tage vor Termin: 0% des vereinbarten Preises wird f\u00e4llig<br>Stornierung 28 bis 14 Tage vor Termin: 50% des vereinbarten Preises wird f\u00e4llig<br>Stornierung weniger 14 Tage vor Termin: 80% des vereinbarten Preises wird f\u00e4llig<br>kurzfristige Absagen bis 72 Stunden vor Termin: 100% des vereinbarten Preises wird f\u00e4llig<\/p>\n\n\n\n<div style=\"height:30px\" aria-hidden=\"true\" class=\"wp-block-spacer\"><\/div>\n\n\n\n<p>Das Honorar ist sp\u00e4testens 14 Tage nach Rechnungsstellung auf folgendes Konto zu \u00fcberweisen:<br>Nina Raem<br>Berliner Sparkasse<br>IBAN: DE43100500000610303783<br>BIC: BELADEBEXXX<\/p>\n\n\n\n<div style=\"height:31px\" aria-hidden=\"true\" class=\"wp-block-spacer\"><\/div>\n\n\n\n<p>Ich bin mit den Allgemeinen Gesch\u00e4ftsbedingungen einverstanden und erkl\u00e4re f\u00fcr mich allein verantwortlich zu sein. <br>Hiermit erkl\u00e4re ich mich mit den Bedingungen einverstanden.<\/p>\n\n\n\n<div style=\"height:30px\" aria-hidden=\"true\" class=\"wp-block-spacer\"><\/div>\n\n\n\n<p>Ort, Datum<\/p>\n\n\n\n<div style=\"height:30px\" aria-hidden=\"true\" class=\"wp-block-spacer\"><\/div>\n\n\n\n<p>Unterschrift<\/p>\n\n\n\n<div style=\"height:30px\" aria-hidden=\"true\" class=\"wp-block-spacer\"><\/div>\n\n\n\n<p><a href=\"http:\/\/ninaraem.de\/wp-content\/uploads\/2022\/10\/Nina-Raem_AGB-PDF.pdf\" data-type=\"URL\" data-id=\"http:\/\/ninaraem.de\/wp-content\/uploads\/2022\/10\/Nina-Raem_AGB-PDF.pdf\" target=\"_blank\" rel=\"noreferrer noopener\"><strong>Allgemeine Gesch\u00e4ftsbedingungen als PDF zum Downloaden und Ausf\u00fcllen!<\/strong> <\/a><br>Es gelten immer die AGB wie sie in der aktuellen PDF ausgef\u00fchrt werden.<\/p>\n","protected":false},"excerpt":{"rendered":"<p>Allgemeine Gesch\u00e4ftsbedingungen Einzeltermine Mit Ihrer verbindlich zugesagten Terminvereinbarung f\u00fcr die Inanspruchnahme einer meiner Dienstleitungen als Yogalehrerin, Freitauchlehrerin oder Coachin best\u00e4tigen Sie, dass Sie psychisch gesund sind und dass sie keine k\u00f6rperlichen Einschr\u00e4nkungen haben, welche die Teilnahme an einem meiner Angebote ausschlie\u00dfen. Ich, Nina Raem, \u00fcbernehme als Lehrerin oder Coachin f\u00fcr eventuell aufkommende Sch\u00e4den diesbez\u00fcglich keine [&hellip;]<\/p>\n","protected":false},"author":1,"featured_media":0,"parent":0,"menu_order":0,"comment_status":"closed","ping_status":"closed","template":"","meta":{"footnotes":""},"class_list":["post-1183","page","type-page","status-publish","hentry"],"_links":{"self":[{"href":"https:\/\/ninaraem.de\/de\/wp-json\/wp\/v2\/pages\/1183","targetHints":{"allow":["GET"]}}],"collection":[{"href":"https:\/\/ninaraem.de\/de\/wp-json\/wp\/v2\/pages"}],"about":[{"href":"https:\/\/ninaraem.de\/de\/wp-json\/wp\/v2\/types\/page"}],"author":[{"embeddable":true,"href":"https:\/\/ninaraem.de\/de\/wp-json\/wp\/v2\/users\/1"}],"replies":[{"embeddable":true,"href":"https:\/\/ninaraem.de\/de\/wp-json\/wp\/v2\/comments?post=1183"}],"version-history":[{"count":22,"href":"https:\/\/ninaraem.de\/de\/wp-json\/wp\/v2\/pages\/1183\/revisions"}],"predecessor-version":[{"id":1925,"href":"https:\/\/ninaraem.de\/de\/wp-json\/wp\/v2\/pages\/1183\/revisions\/1925"}],"wp:attachment":[{"href":"https:\/\/ninaraem.de\/de\/wp-json\/wp\/v2\/media?parent=1183"}],"curies":[{"name":"wp","href":"https:\/\/api.w.org\/{rel}","templated":true}]}}