{"id":20,"date":"2020-12-18T03:48:53","date_gmt":"2020-12-18T03:48:53","guid":{"rendered":"http:\/\/ninaraem.de\/?page_id=20"},"modified":"2026-03-21T06:35:35","modified_gmt":"2026-03-21T06:35:35","slug":"person-nina-raem","status":"publish","type":"page","link":"https:\/\/ninaraem.de\/de\/person-nina-raem\/","title":{"rendered":"\u00dcber mich"},"content":{"rendered":"\n<p><strong>Haltung &amp; Intention<\/strong><\/p>\n\n\n\n<p>Das \u00fcbergeordnete Ziel meiner gesamten Arbeit ist es, Menschen zu mehr Entspannung zu verhelfen. Das Unterrichten mit Freude und Spa\u00df ist mir sehr wichtig, es darf humorvoll zugehen. Meine Intention ist es, meinen Sch\u00fclern und Sch\u00fclerinnen offen zu begegnen, sie mit Geduld und Mitgef\u00fchl in ihrem Prozess zu unterst\u00fctzen.<\/p>\n\n\n\n<p>Im Yoga geht es in meinem Verst\u00e4ndnis prim\u00e4r darum, das wir lernen, unseren K\u00f6rper zu erforschen, ihn zu akzeptieren und achtsam mit ihm umzugehen. Der Yoga bietet uns zudem die M\u00f6glichkeit, uns von gewohnten ungesunden Bewegungsmustern und auch Denkstrukturen zu befreien. Mein Yogaunterricht ist sehr \u201ephysisch\u201c (und wenig esoterisch), d.h. die Ausrichtungsprinzipien des Anusara Yoga werden in einer reduzierten, klaren Sprache vermittelt.<\/p>\n\n\n\n<p>Das Freediven f\u00fchrt uns an unsere Grenzen. Wir entdecken sie neu, erweitern sie, verlassen daf\u00fcr die eigene Komfortzone und meistern dabei mentale H\u00fcrden. Mein gr\u00f6\u00dftes Anliegen ist es, einen sicheren Raum f\u00fcr meine Sch\u00fcler*innen zu kreieren, in dem sie sie selber sein k\u00f6nnen, ihre Erfahrungen und Gef\u00fchle teilen. Ein sensibler Umgang mit ihren Herausforderungen und \u00c4ngsten ist f\u00fcr mich Fundament meiner Arbeit als Freitauchlehrerin.<\/p>\n\n\n\n<p>Zuh\u00f6ren ist eine Kunst. In meinen Coachings bem\u00fche ich mich stets um Gespr\u00e4che auf Augenh\u00f6he. Es geht mir um eine ruhige Atmosph\u00e4re, in der gemeinsam kreative L\u00f6sungsans\u00e4tze entwickelt werden, die einfach in den Alltag zu integrieren und daher nachhaltig sind.<\/p>\n\n\n\n<div style=\"height:30px\" aria-hidden=\"true\" class=\"wp-block-spacer\"><\/div>\n\n\n\n<div class=\"wp-block-media-text alignwide\"><figure class=\"wp-block-media-text__media\"><img loading=\"lazy\" decoding=\"async\" width=\"1000\" height=\"560\" src=\"https:\/\/ninaraem.de\/wp-content\/uploads\/2023\/03\/nina-raem_yoga.jpg\" alt=\"Corporate Identity von Nina Raem f\u00fcr den Arbeitsbereich Yoga\" class=\"wp-image-1829 size-medium\" srcset=\"https:\/\/ninaraem.de\/wp-content\/uploads\/2023\/03\/nina-raem_yoga.jpg 1000w, https:\/\/ninaraem.de\/wp-content\/uploads\/2023\/03\/nina-raem_yoga-300x168.jpg 300w, https:\/\/ninaraem.de\/wp-content\/uploads\/2023\/03\/nina-raem_yoga-768x430.jpg 768w, https:\/\/ninaraem.de\/wp-content\/uploads\/2023\/03\/nina-raem_yoga-18x10.jpg 18w, https:\/\/ninaraem.de\/wp-content\/uploads\/2023\/03\/nina-raem_yoga-600x336.jpg 600w\" sizes=\"auto, (max-width: 1000px) 100vw, 1000px\" \/><\/figure><div class=\"wp-block-media-text__content\">\n<h2 class=\"wp-block-heading\"><strong>YOGA SPEKTRUM<\/strong><\/h2>\n<\/div><\/div>\n\n\n\n<div style=\"height:30px\" aria-hidden=\"true\" class=\"wp-block-spacer\"><\/div>\n\n\n\n<p class=\"has-text-align-left\"><strong>Ausbildungen im \u00dcberblick<\/strong><br>2009: vierw\u00f6chige Intensivausbildung zur Sivananda Yogalehrerin bei Swami Atmaramananda in Polen<br>2012 bis 2014: Anusara Yoga Ausbildung (200h) bei Vilas und Lalla Turske und Christina Lobe in Berlin <br>2019 bis 2021: Yin Yogaausbildung bei Katrin Knauth und Wolfgang Riedl in Berlin und Online<br>2023: Weiterbildung Yoga Nidra bei der AHAB-Akademie in Berlin<\/p>\n\n\n\n<p class=\"has-text-align-left\"><strong>Sivananda &amp; Satyananda Yoga<\/strong><br>W\u00e4hrend meines Architekturstudiums an der TU Berlin nahm ich 2004 an einem ersten Yogakurs vom Hochschulsport teil. In den folgenden Jahren \u00fcbte ich vorwiegend im <a href=\"https:\/\/berlin.sivananda.yoga\/\" data-type=\"URL\" data-id=\"https:\/\/berlin.sivananda.yoga\/\" target=\"_blank\" rel=\"noreferrer noopener\">Sivananda Yoga Vedanta Zentrum Berlin<\/a>. Auf einer l\u00e4ngeren Reise durch Neuseeland nach meinem Diplom verbrachte ich einen Monat im <a href=\"https:\/\/www.anahata-retreat.org.nz\/\" data-type=\"URL\" data-id=\"https:\/\/www.anahata-retreat.org.nz\/\" target=\"_blank\" rel=\"noreferrer noopener\">Anahata Retreat<\/a> (Satyananda Yoga) und wollte von dort an Yogalehrerin werden. Ende 2009 schloss ich dann in Polen bei Swami Atmaramananda meine erste Ausbildung zur Yogalehrerin ab und unterrichte seitdem in verschiedenen Studios. Von 2011 bis 2015 leitete ich auch Yogaseminare f\u00fcr Kinder und Jugendliche in den Seminarh\u00e4usern von <a href=\"https:\/\/www.yoga-vidya.de\/\" data-type=\"URL\" data-id=\"https:\/\/www.yoga-vidya.de\/\" target=\"_blank\" rel=\"noreferrer noopener\">Yoga Vidya<\/a> in Bad Meinberg und an der Nordsee, in denen ich die k\u00f6rperlichen Yogastunden nutzte, um den kreativen Ausdruck der Kinder und Jugendlichen zu f\u00f6rdern.<\/p>\n\n\n\n<p><strong>Anusara &amp; Iyengar Yoga<\/strong><br>Auf der Suche nach einem neuen Yogastil, lernte ich 2011 den YogaRaumBerlin kennen und wurde bis 2013 enge Sch\u00fclerin von <a href=\"https:\/\/elementyoga.de\/\" data-type=\"URL\" data-id=\"https:\/\/elementyoga.de\/\" target=\"_blank\" rel=\"noreferrer noopener\">Alexander Kr\u00f6ker<\/a>. Meine Anusara Yoga Immersion absolvierte ich 2012 bei <a href=\"https:\/\/www.lallaundvilas.de\/\" data-type=\"URL\" data-id=\"https:\/\/www.lallaundvilas.de\/\" target=\"_blank\" rel=\"noreferrer noopener\">Vilas und Lalla Turske<\/a>. Im selben Jahr verbrachte ich auch einige Zeit in New York, lernte <a href=\"https:\/\/elenabrower.com\/\" data-type=\"URL\" data-id=\"https:\/\/elenabrower.com\/\" target=\"_blank\" rel=\"noreferrer noopener\">Elena Brower<\/a> kennen und sch\u00e4tzen. W\u00e4hrend meiner dreimonatigen Reisen durch Indien Anfang 2013 und 2015 intensivierte ich meine Iyengar Yogapraxis bei verschiedenen Lehrenden in Gokarna und Rishikesh. \u00dcber 10 Jahre besuchte ich regelm\u00e4\u00dfig Yogaklassen im Berliner Studio <a href=\"https:\/\/www.yogatribe.de\/\" data-type=\"URL\" data-id=\"https:\/\/www.yogatribe.de\/\" target=\"_blank\" rel=\"noreferrer noopener\">yogatribe<\/a>. Im Herbst 2014 durfte ich dort bei <a href=\"https:\/\/christinalobe.com\/\" data-type=\"URL\" data-id=\"https:\/\/christinalobe.com\/\" target=\"_blank\" rel=\"noreferrer noopener\">Tina Lobe<\/a> mein <a href=\"https:\/\/www.anusarayoga.com\/\" data-type=\"URL\" data-id=\"https:\/\/www.anusarayoga.com\/\" target=\"_blank\" rel=\"noreferrer noopener\">Anusara Yoga<\/a> Teacher Training genie\u00dfen. Seit einiger Zeit bin ich lediglich im Sommer in Berlin und praktiziere an verschiedenen Orten bei ausgew\u00e4hlten Lehrenden.<\/p>\n\n\n\n<p><strong>Yin Yoga<br><\/strong>Nicht genug der Ausbildungen schloss ich im April 2021 meine Yin Yoga Aufbauausbildung bei <a href=\"https:\/\/www.yogaelements.de\/\" data-type=\"URL\" data-id=\"https:\/\/www.yogaelements.de\/\" target=\"_blank\" rel=\"noreferrer noopener\">Katrin Knauth<\/a> und Wolfgang Riedl ab (meine Basisausbildung erfolgte bereits 2019 bei Katrin).<\/p>\n\n\n\n<p><strong>Yoga Nidra<\/strong><br>Yoga Nidra hatte ich 2009 in Neuseeland im Anahata Yogaretreat kennen- und lieben gelernt. Nach etlichen Jahren konnte ich mich 2023 entschlie\u00dfen, eine kompakte Weiterbildung in Angriff zu nehmen, die mir sehr viel Freude bereitete. Yoga Nidra nutze ich momentan vorwiegend als Entspannungs\u00fcbung am Ende meiner Atemkurse und Yin Yogastunden.<\/p>\n\n\n\n<div style=\"height:50px\" aria-hidden=\"true\" class=\"wp-block-spacer\"><\/div>\n\n\n\n<div class=\"wp-block-media-text alignwide\"><figure class=\"wp-block-media-text__media\"><img loading=\"lazy\" decoding=\"async\" width=\"1000\" height=\"560\" src=\"https:\/\/ninaraem.de\/wp-content\/uploads\/2023\/03\/nina-raem_freedive.jpg\" alt=\"Corporate Identity von Nina Raem f\u00fcr den Arbeitsbereich Freedive\" class=\"wp-image-1830 size-full\" srcset=\"https:\/\/ninaraem.de\/wp-content\/uploads\/2023\/03\/nina-raem_freedive.jpg 1000w, https:\/\/ninaraem.de\/wp-content\/uploads\/2023\/03\/nina-raem_freedive-300x168.jpg 300w, https:\/\/ninaraem.de\/wp-content\/uploads\/2023\/03\/nina-raem_freedive-768x430.jpg 768w, https:\/\/ninaraem.de\/wp-content\/uploads\/2023\/03\/nina-raem_freedive-18x10.jpg 18w, https:\/\/ninaraem.de\/wp-content\/uploads\/2023\/03\/nina-raem_freedive-600x336.jpg 600w\" sizes=\"auto, (max-width: 1000px) 100vw, 1000px\" \/><\/figure><div class=\"wp-block-media-text__content\">\n<h2 class=\"wp-block-heading\"><strong>FREE DIVE <\/strong><br><strong>FREE MIND<\/strong><\/h2>\n<\/div><\/div>\n\n\n\n<div style=\"height:30px\" aria-hidden=\"true\" class=\"wp-block-spacer\"><\/div>\n\n\n\n<p><strong>Ausbildungen im \u00dcberblick<\/strong><br>2021 und 2022: AIDA Kurse 1-4<br>2021: AIDA Judge Kurs<br>2022: Ausbildung zur AIDA Pool Instruktorin bei <a href=\"https:\/\/freedivenegypt.com\/\" data-type=\"link\" data-id=\"https:\/\/freedivenegypt.com\/\" target=\"_blank\" rel=\"noreferrer noopener\">Freedive &#8216;N&#8217; Egypt<\/a><br>2024: Ausbildung zur AIDA Open Water Instruktorin bei <a href=\"https:\/\/freedivenegypt.com\/\" data-type=\"link\" data-id=\"https:\/\/freedivenegypt.com\/\" target=\"_blank\" rel=\"noreferrer noopener\">Freedive &#8216;N&#8217; Egypt<\/a><br>seit 2024: Zusammenarbeit mit den <a href=\"https:\/\/www.dahabfreedivers.com\/\" data-type=\"link\" data-id=\"https:\/\/www.dahabfreedivers.com\/\" target=\"_blank\" rel=\"noreferrer noopener\">Dahab Freedivers<\/a><br>2025: Initiatorin des Projektes <a href=\"https:\/\/ninaraem.de\/de\/freedive\/pre-dive-mastery-relaxation-in-freediving\/\" data-type=\"link\" data-id=\"https:\/\/ninaraem.de\/de\/freedive\/pre-dive-mastery-relaxation-in-freediving\/\">&#8220;Pre-Dive-Mastery&#8221;<\/a><br>2026: Ausbildung zur AIDA Youth Instruktorin<\/p>\n\n\n\n<p><strong>AIDA<\/strong><br>Meine neue gro\u00dfe Leidenschaft neben dem Yoga ist das Freediven. Im November 2020 verschlug es mich das erste Mal nach \u00c4gypten, genauer in den Sinai nach Dahab. W\u00e4hrend eines achtmonatigen Aufenthalts wechselte ich vom Scuba-Tauchen zum Freediven und schloss in relativ kurzer Zeit meine Kurse <a href=\"https:\/\/www.aidainternational.org\/\" data-type=\"URL\" data-id=\"https:\/\/www.aidainternational.org\/\" target=\"_blank\" rel=\"noreferrer noopener\">AIDA<\/a> 1 bis 4 ab. Erneute mehrmonatige Aufenthalte in Dahab, dem Freedive-Mekka in 2022, 2023 und 2024 boten mir die M\u00f6glichkeit tiefer in das Wesen des Freitauchens einzutauchen. Seit Mai 2022 bin ich nun Pool-Instruktorin, im Fr\u00fchjahr 2024 konnte ich auch den Open Water Teil der Ausbildung beenden.<\/p>\n\n\n\n<div style=\"height:50px\" aria-hidden=\"true\" class=\"wp-block-spacer\"><\/div>\n\n\n\n<div class=\"wp-block-media-text alignwide\"><figure class=\"wp-block-media-text__media\"><img loading=\"lazy\" decoding=\"async\" width=\"1000\" height=\"560\" src=\"https:\/\/ninaraem.de\/wp-content\/uploads\/2023\/03\/nina-raem_coaching.jpg\" alt=\"Corporate Identity von Nina Raem f\u00fcr den Arbeitsbereich Coaching\" class=\"wp-image-1827 size-full\" srcset=\"https:\/\/ninaraem.de\/wp-content\/uploads\/2023\/03\/nina-raem_coaching.jpg 1000w, https:\/\/ninaraem.de\/wp-content\/uploads\/2023\/03\/nina-raem_coaching-300x168.jpg 300w, https:\/\/ninaraem.de\/wp-content\/uploads\/2023\/03\/nina-raem_coaching-768x430.jpg 768w, https:\/\/ninaraem.de\/wp-content\/uploads\/2023\/03\/nina-raem_coaching-18x10.jpg 18w, https:\/\/ninaraem.de\/wp-content\/uploads\/2023\/03\/nina-raem_coaching-600x336.jpg 600w\" sizes=\"auto, (max-width: 1000px) 100vw, 1000px\" \/><\/figure><div class=\"wp-block-media-text__content\">\n<h2 class=\"wp-block-heading\"><strong>WANDLUNG <\/strong><strong>IN DER PRAXIS<\/strong><\/h2>\n<\/div><\/div>\n\n\n\n<div style=\"height:30px\" aria-hidden=\"true\" class=\"wp-block-spacer\"><\/div>\n\n\n\n<p><strong>Weiterbildungen im \u00dcberblick<\/strong><br>2022: Mental Coach Ausbildung bei der <a href=\"https:\/\/www.ahab-akademie.de\/\" data-type=\"URL\" data-id=\"https:\/\/www.ahab-akademie.de\/\" target=\"_blank\" rel=\"noreferrer noopener\">AHAB-Akademie<\/a><br>2023: Atem Coach Ausbildung bei der <a href=\"https:\/\/www.ahab-akademie.de\/\" data-type=\"URL\" data-id=\"https:\/\/www.ahab-akademie.de\/\" target=\"_blank\" rel=\"noreferrer noopener\">AHAB-Akademie<\/a><br>2023: Ausbildung zur <a href=\"https:\/\/www.mhfa-ersthelfer.de\/de\/\" data-type=\"URL\" data-id=\"https:\/\/www.mhfa-ersthelfer.de\/de\/\" target=\"_blank\" rel=\"noreferrer noopener\">Mental Health First Aid Ersthelferin <\/a>bei der <a href=\"https:\/\/kipggmbh.de\/\" data-type=\"URL\" data-id=\"https:\/\/kipggmbh.de\/\" target=\"_blank\" rel=\"noreferrer noopener\">KIP gGmbH<\/a><br>2023: Ausbildung zur Stressmanagement Trainerin bei der <a href=\"https:\/\/www.ahab-akademie.de\/\" data-type=\"link\" data-id=\"https:\/\/www.ahab-akademie.de\/\" target=\"_blank\" rel=\"noopener\">AHAB Akademie<\/a><br><br>Seit geraumer Zeit bilde ich mich fortlaufend bez\u00fcglich meiner Coaching-Aktivit\u00e4t weiter. Erste vergleichbare Erfahrungen sammelte ich bereits als Yogalehrerin im individuellen Unterricht, in dem u.a. der Gespr\u00e4chsanteil umfassender ist als im Gruppenunterricht, eine Analyse der aktuellen Situation vorgenommen wird und konkrete Ziele gesetzt werden. Abgeschlossen ausgebildet wurde ich bei der AHAB-Akademie in Berlin zur Mental und Atem Coachin, zum Mental-Health-First-Aid-Helfer bei der KIP gGmbH und zur Stressmanagement Trainerin.<\/p>\n\n\n\n<div style=\"height:50px\" aria-hidden=\"true\" class=\"wp-block-spacer\"><\/div>\n\n\n\n<p><strong>Sonstige Inspiration<\/strong><br>Verschiedene Methoden der K\u00f6rperarbeit begleiteten mich stets und verhelfen mir zu pers\u00f6nlichem Wachstum, so z.B. <a href=\"http:\/\/www.grinbergmethod.com\/ge\/\" data-type=\"URL\" data-id=\"http:\/\/www.grinbergmethod.com\/ge\/\" target=\"_blank\" rel=\"noreferrer noopener\">Grinberg<\/a> und die <a href=\"https:\/\/de.wikipedia.org\/wiki\/Feldenkrais-Methode\" data-type=\"link\" data-id=\"https:\/\/de.wikipedia.org\/wiki\/Feldenkrais-Methode\" target=\"_blank\" rel=\"noreferrer noopener\">Feldenkrais- Methode<\/a>. Massagen jeglicher Art und <a href=\"https:\/\/de.wikipedia.org\/wiki\/Osteopathie_(Alternativmedizin)\" data-type=\"link\" data-id=\"https:\/\/de.wikipedia.org\/wiki\/Osteopathie_(Alternativmedizin)\" target=\"_blank\" rel=\"noreferrer noopener\">osteopathische Behandlungen<\/a> sind zudem f\u00fcr mich ein weiteres Tool zum Reflektieren, Entspannen und Loslassen. <\/p>\n","protected":false},"excerpt":{"rendered":"<p>Haltung &amp; Intention Das \u00fcbergeordnete Ziel meiner gesamten Arbeit ist es, Menschen zu mehr Entspannung zu verhelfen. Das Unterrichten mit Freude und Spa\u00df ist mir sehr wichtig, es darf humorvoll zugehen. Meine Intention ist es, meinen Sch\u00fclern und Sch\u00fclerinnen offen zu begegnen, sie mit Geduld und Mitgef\u00fchl in ihrem Prozess zu unterst\u00fctzen. Im Yoga geht [&hellip;]<\/p>\n","protected":false},"author":1,"featured_media":1814,"parent":0,"menu_order":0,"comment_status":"closed","ping_status":"closed","template":"","meta":{"footnotes":""},"class_list":["post-20","page","type-page","status-publish","has-post-thumbnail","hentry"],"_links":{"self":[{"href":"https:\/\/ninaraem.de\/de\/wp-json\/wp\/v2\/pages\/20","targetHints":{"allow":["GET"]}}],"collection":[{"href":"https:\/\/ninaraem.de\/de\/wp-json\/wp\/v2\/pages"}],"about":[{"href":"https:\/\/ninaraem.de\/de\/wp-json\/wp\/v2\/types\/page"}],"author":[{"embeddable":true,"href":"https:\/\/ninaraem.de\/de\/wp-json\/wp\/v2\/users\/1"}],"replies":[{"embeddable":true,"href":"https:\/\/ninaraem.de\/de\/wp-json\/wp\/v2\/comments?post=20"}],"version-history":[{"count":295,"href":"https:\/\/ninaraem.de\/de\/wp-json\/wp\/v2\/pages\/20\/revisions"}],"predecessor-version":[{"id":3469,"href":"https:\/\/ninaraem.de\/de\/wp-json\/wp\/v2\/pages\/20\/revisions\/3469"}],"wp:featuredmedia":[{"embeddable":true,"href":"https:\/\/ninaraem.de\/de\/wp-json\/wp\/v2\/media\/1814"}],"wp:attachment":[{"href":"https:\/\/ninaraem.de\/de\/wp-json\/wp\/v2\/media?parent=20"}],"curies":[{"name":"wp","href":"https:\/\/api.w.org\/{rel}","templated":true}]}}