{"id":220,"date":"2021-05-20T02:52:37","date_gmt":"2021-05-20T02:52:37","guid":{"rendered":"http:\/\/ninaraem.de\/?page_id=220"},"modified":"2026-02-03T07:02:01","modified_gmt":"2026-02-03T07:02:01","slug":"yin-yoga","status":"publish","type":"page","link":"https:\/\/ninaraem.de\/de\/yoga-spektrum\/yin-yoga\/","title":{"rendered":"Yin Yoga"},"content":{"rendered":"\n<figure class=\"wp-block-image size-full\"><img loading=\"lazy\" decoding=\"async\" width=\"1500\" height=\"1000\" src=\"https:\/\/ninaraem.de\/wp-content\/uploads\/2023\/03\/Nina-Raem_Yin-Yoga.jpg\" alt=\"Nina Raem in der Yin Yogastellung namens cat tail\" class=\"wp-image-1868\" srcset=\"https:\/\/ninaraem.de\/wp-content\/uploads\/2023\/03\/Nina-Raem_Yin-Yoga.jpg 1500w, https:\/\/ninaraem.de\/wp-content\/uploads\/2023\/03\/Nina-Raem_Yin-Yoga-300x200.jpg 300w, https:\/\/ninaraem.de\/wp-content\/uploads\/2023\/03\/Nina-Raem_Yin-Yoga-1024x683.jpg 1024w, https:\/\/ninaraem.de\/wp-content\/uploads\/2023\/03\/Nina-Raem_Yin-Yoga-768x512.jpg 768w, https:\/\/ninaraem.de\/wp-content\/uploads\/2023\/03\/Nina-Raem_Yin-Yoga-18x12.jpg 18w, https:\/\/ninaraem.de\/wp-content\/uploads\/2023\/03\/Nina-Raem_Yin-Yoga-600x400.jpg 600w\" sizes=\"auto, (max-width: 1500px) 100vw, 1500px\" \/><\/figure>\n\n\n\n<div style=\"height:30px\" aria-hidden=\"true\" class=\"wp-block-spacer\"><\/div>\n\n\n\n<p>Meine Yin Yogastunden sind in der Regel einem <a href=\"https:\/\/ninaraem.de\/de\/yoga-spektrum\/\" target=\"_blank\" data-type=\"URL\" data-id=\"https:\/\/ninaraem.de\/de\/yoga-spektrum\/\" rel=\"noreferrer noopener\">physischen Thema<\/a> gewidmet, das kann z.B. der Fokus auf das Becken sein, die Schultern. Es kann aber auch den gesamten K\u00f6rper umfassen. Andere Lehrende haben sich hingegen u.a. auf die <a href=\"https:\/\/de.wikipedia.org\/wiki\/Traditionelle_chinesische_Medizin\" target=\"_blank\" data-type=\"URL\" data-id=\"https:\/\/de.wikipedia.org\/wiki\/Traditionelle_chinesische_Medizin\" rel=\"noreferrer noopener\">Traditionelle Chinesische Medizin <\/a>spezialisiert oder lassen vermehrt Meditationen in ihren Unterricht einflie\u00dfen. <\/p>\n\n\n\n<p><\/p>\n\n\n\n<p>Yin Yoga ist der Gegenpol zum Yang Yoga, sprich zum dynamischen, kraftvollen <a href=\"https:\/\/de.wikipedia.org\/wiki\/Hatha_Yoga\" target=\"_blank\" data-type=\"URL\" data-id=\"https:\/\/de.wikipedia.org\/wiki\/Hatha_Yoga\" rel=\"noreferrer noopener\">Hatha Yoga<\/a>, welcher vorwiegend praktiziert wird. Beim Yin Yoga verweilen die \u00dcbenden wesentlich l\u00e4nger in den einzelnen Positionen, die passiv und meistens im Sitzen oder Liegen ausgef\u00fchrt werden. Werden beim Yang Yoga in erster Linie die Muskeln angesprochen, geht es beim Yin Yoga um die tieferen Schichten des Bindegewebes, die Faszien. Die k\u00f6nnen nur gedehnt werden, wenn die Haltungen \u00fcber einen l\u00e4ngeren Zeitraum von 5 bis 6 Minuten eingenommen werden. Anders als beim Anusara Yoga und seiner klaren Ausrichtung und einem stets geraden R\u00fccken, wird der R\u00fccken beim Yin Yoga rund gemacht, was die Dehnung intensiviert. Unterst\u00fctzt werden die Stellungen, die auch einen eigenen Namen tragen, mit Decken, Kissen und Kl\u00f6tzen, so dass der K\u00f6rper individuell behandelt wird und die Asana entsprechend angepasst. <\/p>\n\n\n\n<p>Die Yin Yogapraxis ist in den meisten F\u00e4llen eine sehr erdende, ruhige \u00dcbungsreihe.<\/p>\n\n\n\n<div style=\"height:50px\" aria-hidden=\"true\" class=\"wp-block-spacer\"><\/div>\n\n\n\n<p><strong>Kontakt<\/strong><br>M <a href=\"http:\/\/+4917621967547\" data-type=\"URL\" data-id=\"+4917621967547\">+4917621967547<\/a><br>E <a href=\"mailto:nina@ninaraem.de\" target=\"_blank\" rel=\"noreferrer noopener\">nina@ninaraem.de<\/a><\/p>\n","protected":false},"excerpt":{"rendered":"<p>Meine Yin Yogastunden sind in der Regel einem physischen Thema gewidmet, das kann z.B. der Fokus auf das Becken sein, die Schultern. Es kann aber auch den gesamten K\u00f6rper umfassen. Andere Lehrende haben sich hingegen u.a. auf die Traditionelle Chinesische Medizin spezialisiert oder lassen vermehrt Meditationen in ihren Unterricht einflie\u00dfen. Yin Yoga ist der Gegenpol [&hellip;]<\/p>\n","protected":false},"author":1,"featured_media":0,"parent":217,"menu_order":0,"comment_status":"closed","ping_status":"closed","template":"","meta":{"footnotes":""},"class_list":["post-220","page","type-page","status-publish","hentry"],"_links":{"self":[{"href":"https:\/\/ninaraem.de\/de\/wp-json\/wp\/v2\/pages\/220","targetHints":{"allow":["GET"]}}],"collection":[{"href":"https:\/\/ninaraem.de\/de\/wp-json\/wp\/v2\/pages"}],"about":[{"href":"https:\/\/ninaraem.de\/de\/wp-json\/wp\/v2\/types\/page"}],"author":[{"embeddable":true,"href":"https:\/\/ninaraem.de\/de\/wp-json\/wp\/v2\/users\/1"}],"replies":[{"embeddable":true,"href":"https:\/\/ninaraem.de\/de\/wp-json\/wp\/v2\/comments?post=220"}],"version-history":[{"count":28,"href":"https:\/\/ninaraem.de\/de\/wp-json\/wp\/v2\/pages\/220\/revisions"}],"predecessor-version":[{"id":3123,"href":"https:\/\/ninaraem.de\/de\/wp-json\/wp\/v2\/pages\/220\/revisions\/3123"}],"up":[{"embeddable":true,"href":"https:\/\/ninaraem.de\/de\/wp-json\/wp\/v2\/pages\/217"}],"wp:attachment":[{"href":"https:\/\/ninaraem.de\/de\/wp-json\/wp\/v2\/media?parent=220"}],"curies":[{"name":"wp","href":"https:\/\/api.w.org\/{rel}","templated":true}]}}