{"id":2897,"date":"2024-05-03T10:37:46","date_gmt":"2024-05-03T10:37:46","guid":{"rendered":"https:\/\/ninaraem.de\/?page_id=2897"},"modified":"2026-04-19T13:37:06","modified_gmt":"2026-04-19T13:37:06","slug":"open-water-coaching","status":"publish","type":"page","link":"https:\/\/ninaraem.de\/de\/freedive\/open-water-coaching\/","title":{"rendered":"Open Water Coaching"},"content":{"rendered":"\n<h2 class=\"wp-block-heading\">Bessere Technik &amp; mehr Entspannung!<\/h2>\n\n\n\n<p>Suchst du nach einem passenden Coaching f\u00fcr dein Open Water Training? Bist du Anf\u00e4nger*in und w\u00fcnschst dir Unterst\u00fctzung bei deinen Tauchg\u00e4ngen? Oder bist du bereits fortgeschritten in deinem Tauchen, brauchst ein Trainingsprogramm und suchst nach mentaler St\u00e4rke?<\/p>\n\n\n\n<p>Meine Open Water Coachings richten sich sowohl an Freitaucher*innen, die neu sind im Tieftauchen als auch an Fortgeschrittene, die ihre Leistungen weiter ausbauen m\u00f6chten. Zus\u00e4tzlich biete ich Freitaucher*innen auch <a href=\"https:\/\/ninaraem.de\/de\/coaching\/mental-coaching\/\" data-type=\"link\" data-id=\"https:\/\/ninaraem.de\/de\/coaching\/mental-coaching\/\" target=\"_blank\" rel=\"noreferrer noopener\">mentale Trainings<\/a> an. Diverse Methoden aus dem mentalen Training wie Visualisierungen, Imaginationen und Affirmationen werden dabei herangezogen, um die Kraft der Gedanken zu nutzen. <\/p>\n\n\n\n<p>Hinzu kommen Entspannungs\u00fcbungen aus dem Yoga. Dabei k\u00f6nnen im Open Water Coaching etliche Ans\u00e4tze verfolgt werden:<br>1.) Der <a href=\"https:\/\/ninaraem.de\/de\/yin-yoga\/\" data-type=\"link\" data-id=\"https:\/\/ninaraem.de\/de\/yin-yoga\/\">Yin Yoga<\/a> sorgt f\u00fcr die Dehnung der tieferen Faszien und aktiviert den Parasympathikus, der uns entspannt.<br>2.) <a href=\"https:\/\/ninaraem.de\/de\/atem-coaching\/\" data-type=\"link\" data-id=\"https:\/\/ninaraem.de\/de\/atem-coaching\/\">Atem\u00fcbungen<\/a> sorgen nicht nur f\u00fcr die optimale Vorbereitung f\u00fcr die Lungen, sondern regulieren auch das Nervensystem, st\u00e4rken das Immunsystem und je nachdem welche Atemtechniken gew\u00e4hlt werden, k\u00f6nnen sie auch reinigen und den K\u00f6rper energetisieren.<br>3.) <a href=\"https:\/\/ninaraem.de\/de\/yoga-nidra\/\" data-type=\"link\" data-id=\"https:\/\/ninaraem.de\/de\/yoga-nidra\/\">Yoga Nidra<\/a> ist eine Methode der Tiefenentspannung, die ebenfalls eine gro\u00dfe Bereicherung darstellen kann.<\/p>\n\n\n\n<div style=\"height:30px\" aria-hidden=\"true\" class=\"wp-block-spacer\"><\/div>\n\n\n\n<p><strong>Preise<\/strong><br>1 Coaching: 45 \u20ac (1 Person), 35 \u20ac (2 Personen)<br>5 Coachings: 215 \u20ac (1 Person), 165 \u20ac (2 Personen)<br>10 Coachings: 405 \u20ac (1 Person), 315 \u20ac (2 Personen)<\/p>\n\n\n\n<div style=\"height:30px\" aria-hidden=\"true\" class=\"wp-block-spacer\"><\/div>\n\n\n\n<p><strong>Kontakt<\/strong><br>M +4917621967547<br>E <a href=\"mailto:nina@ninaraem.de\">nina@ninaraem.de<\/a><\/p>\n","protected":false},"excerpt":{"rendered":"<p>Bessere Technik &amp; mehr Entspannung! Suchst du nach einem passenden Coaching f\u00fcr dein Open Water Training? Bist du Anf\u00e4nger*in und w\u00fcnschst dir Unterst\u00fctzung bei deinen Tauchg\u00e4ngen? Oder bist du bereits fortgeschritten in deinem Tauchen, brauchst ein Trainingsprogramm und suchst nach mentaler St\u00e4rke? Meine Open Water Coachings richten sich sowohl an Freitaucher*innen, die neu sind im [&hellip;]<\/p>\n","protected":false},"author":1,"featured_media":3580,"parent":559,"menu_order":0,"comment_status":"closed","ping_status":"closed","template":"","meta":{"footnotes":""},"class_list":["post-2897","page","type-page","status-publish","has-post-thumbnail","hentry"],"_links":{"self":[{"href":"https:\/\/ninaraem.de\/de\/wp-json\/wp\/v2\/pages\/2897","targetHints":{"allow":["GET"]}}],"collection":[{"href":"https:\/\/ninaraem.de\/de\/wp-json\/wp\/v2\/pages"}],"about":[{"href":"https:\/\/ninaraem.de\/de\/wp-json\/wp\/v2\/types\/page"}],"author":[{"embeddable":true,"href":"https:\/\/ninaraem.de\/de\/wp-json\/wp\/v2\/users\/1"}],"replies":[{"embeddable":true,"href":"https:\/\/ninaraem.de\/de\/wp-json\/wp\/v2\/comments?post=2897"}],"version-history":[{"count":36,"href":"https:\/\/ninaraem.de\/de\/wp-json\/wp\/v2\/pages\/2897\/revisions"}],"predecessor-version":[{"id":3614,"href":"https:\/\/ninaraem.de\/de\/wp-json\/wp\/v2\/pages\/2897\/revisions\/3614"}],"up":[{"embeddable":true,"href":"https:\/\/ninaraem.de\/de\/wp-json\/wp\/v2\/pages\/559"}],"wp:featuredmedia":[{"embeddable":true,"href":"https:\/\/ninaraem.de\/de\/wp-json\/wp\/v2\/media\/3580"}],"wp:attachment":[{"href":"https:\/\/ninaraem.de\/de\/wp-json\/wp\/v2\/media?parent=2897"}],"curies":[{"name":"wp","href":"https:\/\/api.w.org\/{rel}","templated":true}]}}