{"id":3428,"date":"2026-01-19T16:21:57","date_gmt":"2026-01-19T16:21:57","guid":{"rendered":"https:\/\/ninaraem.de\/?page_id=3428"},"modified":"2026-03-30T18:42:59","modified_gmt":"2026-03-30T18:42:59","slug":"fundives","status":"publish","type":"page","link":"https:\/\/ninaraem.de\/de\/freedive\/fundives\/","title":{"rendered":"Fundives"},"content":{"rendered":"\n<h2 class=\"wp-block-heading\">Mehr als nur Spa\u00df!<\/h2>\n\n\n\n<p>Fundives sind entspannte Freitauchg\u00e4nge, frei vom Leistungsdruck. Im Fokus stehen das <a href=\"https:\/\/www.youtube.com\/watch?v=8IJFJDrY2CY&amp;list=RD8IJFJDrY2CY&amp;start_radio=1\" data-type=\"link\" data-id=\"https:\/\/www.youtube.com\/watch?v=8IJFJDrY2CY&amp;list=RD8IJFJDrY2CY&amp;start_radio=1\" target=\"_blank\" rel=\"noopener\">Erleben der Unterwasserwelt<\/a> und die Verbindung zu dir selbst. Jeder einzelne Tauchgang wird zu einer Gelegenheit, Neues zu entdecken und den Moment unter Wasser bewusst zu genie\u00dfen.<\/p>\n\n\n\n<h4 class=\"wp-block-heading\">Innenschau<\/h4>\n\n\n\n<p>W\u00e4hrend der Fundives richtet sich die Aufmerksamkeit nach innen. K\u00f6rperwahrnehmung und Atemkontrolle stehen im Vordergrund. Indem du die feinen Signale deines K\u00f6rpers wahrnimmst und ruhig darauf reagierst, entwickelst du Vertrauen, Sicherheit und eine gewisse Verspieltheit unter Wasser. Gleichzeitig werden grundlegende Fertigkeiten wie Druckausgleich, Tarierung und effiziente Bewegung nebenbei und spielerisch ge\u00fcbt.<\/p>\n\n\n\n<h4 class=\"wp-block-heading\">Au\u00dfenschau<\/h4>\n\n\n\n<p>Gleichzeitig laden Fundives dazu ein, die Welt um dich herum zu erkunden. Jeder Ort bietet seine ganz eigenen Unterwasser-Entdeckungen. Bunte Riffe, Landschaften und<a href=\"https:\/\/www.youtube.com\/watch?v=nsFpIP_AKKo&amp;list=RDnsFpIP_AKKo&amp;start_radio=1\" data-type=\"link\" data-id=\"https:\/\/www.youtube.com\/watch?v=nsFpIP_AKKo&amp;list=RDnsFpIP_AKKo&amp;start_radio=1\" target=\"_blank\" rel=\"noopener\"> Meeresbewohner<\/a> lassen jede Taucherfahrung einzigartig werden. Das gemeinsame Tauchen mit Buddys oder Freunden schafft eine inspirierende, unterst\u00fctzende Atmosph\u00e4re, w\u00e4hrend kreative Elemente wie Unterwasserfotografie oder -video neue Perspektiven unter Wasser er\u00f6ffnen.<\/p>\n\n\n\n<div style=\"height:30px\" aria-hidden=\"true\" class=\"wp-block-spacer\"><\/div>\n\n\n\n<h4 class=\"wp-block-heading\">Ein ausgewogenes Freitaucherlebnis<\/h4>\n\n\n\n<p>Fundives sind das ideale Mittel, um nach intensiven Trainingsphasen Abstand zu gewinnen und den Kopf frei zu bekommen. Sie bieten Raum, Neues zu entdecken und den Moment unter Wasser bewusst zu erleben und all das ohne Druck, ohne Zielvorgaben. Neben den <a href=\"https:\/\/ninaraem.de\/de\/aida-kurse\/\" data-type=\"link\" data-id=\"https:\/\/ninaraem.de\/de\/aida-kurse\/\">AIDA Kursen<\/a> und den Open <a href=\"https:\/\/ninaraem.de\/de\/open-water-coaching\/\" data-type=\"link\" data-id=\"https:\/\/ninaraem.de\/de\/open-water-coaching\/\">Water Coachings<\/a>, in denen in erster Linie Skills vermittelt werden, sind die Fundives der perfekte Ausgleich f\u00fcr eine individuell begleitete, ganzheitliche Erfahrung in der mentale Zust\u00e4nde, Entspannung und der eigene Tauchstil im Mittelpunkt stehen.<\/p>\n\n\n\n<h4 class=\"wp-block-heading\">Einfach! Frei! Tauchen!<\/h4>\n","protected":false},"excerpt":{"rendered":"<p>Mehr als nur Spa\u00df! Fundives sind entspannte Freitauchg\u00e4nge, frei vom Leistungsdruck. Im Fokus stehen das Erleben der Unterwasserwelt und die Verbindung zu dir selbst. Jeder einzelne Tauchgang wird zu einer Gelegenheit, Neues zu entdecken und den Moment unter Wasser bewusst zu genie\u00dfen. Innenschau W\u00e4hrend der Fundives richtet sich die Aufmerksamkeit nach innen. K\u00f6rperwahrnehmung und Atemkontrolle [&hellip;]<\/p>\n","protected":false},"author":1,"featured_media":0,"parent":559,"menu_order":0,"comment_status":"closed","ping_status":"closed","template":"","meta":{"footnotes":""},"class_list":["post-3428","page","type-page","status-publish","hentry"],"_links":{"self":[{"href":"https:\/\/ninaraem.de\/de\/wp-json\/wp\/v2\/pages\/3428","targetHints":{"allow":["GET"]}}],"collection":[{"href":"https:\/\/ninaraem.de\/de\/wp-json\/wp\/v2\/pages"}],"about":[{"href":"https:\/\/ninaraem.de\/de\/wp-json\/wp\/v2\/types\/page"}],"author":[{"embeddable":true,"href":"https:\/\/ninaraem.de\/de\/wp-json\/wp\/v2\/users\/1"}],"replies":[{"embeddable":true,"href":"https:\/\/ninaraem.de\/de\/wp-json\/wp\/v2\/comments?post=3428"}],"version-history":[{"count":13,"href":"https:\/\/ninaraem.de\/de\/wp-json\/wp\/v2\/pages\/3428\/revisions"}],"predecessor-version":[{"id":3558,"href":"https:\/\/ninaraem.de\/de\/wp-json\/wp\/v2\/pages\/3428\/revisions\/3558"}],"up":[{"embeddable":true,"href":"https:\/\/ninaraem.de\/de\/wp-json\/wp\/v2\/pages\/559"}],"wp:attachment":[{"href":"https:\/\/ninaraem.de\/de\/wp-json\/wp\/v2\/media?parent=3428"}],"curies":[{"name":"wp","href":"https:\/\/api.w.org\/{rel}","templated":true}]}}