{"id":3475,"date":"2026-03-29T18:33:49","date_gmt":"2026-03-29T18:33:49","guid":{"rendered":"https:\/\/ninaraem.de\/?page_id=3475"},"modified":"2026-03-30T18:48:43","modified_gmt":"2026-03-30T18:48:43","slug":"pre-dive-mastery","status":"publish","type":"page","link":"https:\/\/ninaraem.de\/de\/freedive\/pre-dive-mastery\/","title":{"rendered":"PRE-DIVE-MASTERY"},"content":{"rendered":"\n<h2 class=\"wp-block-heading\">Die Vorbereitung beginnt an Land<\/h2>\n\n\n\n<p>Pre-Dive-Mastery ist ein Trainingsprogramm f\u00fcr Freediver, das den Fokus auf die Vorbereitung vor dem Tauchgang legt. Noch bevor es ins Wasser geht entsteht die Grundlage f\u00fcr ruhige und entspannte Tauchg\u00e4nge. Hier geht es nicht um Leistung, sondern um Bewusstheit, Klarheit und Pr\u00e4senz.<\/p>\n\n\n\n<h4 class=\"wp-block-heading\">Teil 1: Entspannung im Freediving mit Hilfe von Yoga<\/h4>\n\n\n\n<p>Sanfte Dehnungen, Atem\u00fcbungen und Yoga Nidra helfen Spannungen zu l\u00f6sen und das Nervensystem zu beruhigen. Dabei werden Signale des K\u00f6rpers bewusst wahrgenommen und die Atmung kontrolliert. Die Yoga\u00fcbungen sind eine perfekte Vorbereitung f\u00fcr die anschlie\u00dfenden mentalen \u00dcbungen. Die drei Elemente der Praxis:<\/p>\n\n\n\n<ul class=\"wp-block-list\">\n<li>Yin Yoga zur Dehnung der Atemmuskulatur und F\u00f6rderung der K\u00f6rperwahrnehmung<\/li>\n\n\n\n<li>Atem\u00fcbungen zur Beruhigung des Nervensystems und Optimierung der Atemkontrolle<\/li>\n\n\n\n<li>Yoga Nidra als gef\u00fchrte Tiefenentspannung<\/li>\n<\/ul>\n\n\n\n<h4 class=\"wp-block-heading\"><a href=\"https:\/\/drive.google.com\/file\/d\/1POBdLX4DyfT5-WcVZHyzZROxm71TVbE1\/view\" data-type=\"link\" data-id=\"https:\/\/drive.google.com\/file\/d\/1POBdLX4DyfT5-WcVZHyzZROxm71TVbE1\/view\" target=\"_blank\" rel=\"noopener\">Kostenfreies Booklet herunterladen!<\/a><\/h4>\n\n\n\n<div class=\"wp-block-columns is-layout-flex wp-container-core-columns-is-layout-9d6595d7 wp-block-columns-is-layout-flex\">\n<div class=\"wp-block-column is-layout-flow wp-block-column-is-layout-flow\">\n<div class=\"wp-block-columns is-layout-flex wp-container-core-columns-is-layout-9d6595d7 wp-block-columns-is-layout-flex\">\n<div class=\"wp-block-column is-layout-flow wp-block-column-is-layout-flow\" style=\"flex-basis:100%\">\n<figure class=\"wp-block-image size-full is-style-default\"><img loading=\"lazy\" decoding=\"async\" width=\"2560\" height=\"1707\" src=\"https:\/\/ninaraem.de\/wp-content\/uploads\/2026\/03\/Nina-Raem_Freedive_PRE-DIVE-MASTERY_Yin-Yoga-scaled.jpg\" alt=\"\" class=\"wp-image-3531\" srcset=\"https:\/\/ninaraem.de\/wp-content\/uploads\/2026\/03\/Nina-Raem_Freedive_PRE-DIVE-MASTERY_Yin-Yoga-scaled.jpg 2560w, https:\/\/ninaraem.de\/wp-content\/uploads\/2026\/03\/Nina-Raem_Freedive_PRE-DIVE-MASTERY_Yin-Yoga-300x200.jpg 300w, https:\/\/ninaraem.de\/wp-content\/uploads\/2026\/03\/Nina-Raem_Freedive_PRE-DIVE-MASTERY_Yin-Yoga-1024x683.jpg 1024w, https:\/\/ninaraem.de\/wp-content\/uploads\/2026\/03\/Nina-Raem_Freedive_PRE-DIVE-MASTERY_Yin-Yoga-768x512.jpg 768w, https:\/\/ninaraem.de\/wp-content\/uploads\/2026\/03\/Nina-Raem_Freedive_PRE-DIVE-MASTERY_Yin-Yoga-1536x1024.jpg 1536w, https:\/\/ninaraem.de\/wp-content\/uploads\/2026\/03\/Nina-Raem_Freedive_PRE-DIVE-MASTERY_Yin-Yoga-2048x1365.jpg 2048w, https:\/\/ninaraem.de\/wp-content\/uploads\/2026\/03\/Nina-Raem_Freedive_PRE-DIVE-MASTERY_Yin-Yoga-18x12.jpg 18w, https:\/\/ninaraem.de\/wp-content\/uploads\/2026\/03\/Nina-Raem_Freedive_PRE-DIVE-MASTERY_Yin-Yoga-600x400.jpg 600w\" sizes=\"auto, (max-width: 2560px) 100vw, 2560px\" \/><\/figure>\n<\/div>\n<\/div>\n<\/div>\n<\/div>\n\n\n\n<h4 class=\"wp-block-heading\">Teil 2: Mentales Training im Freediving<\/h4>\n\n\n\n<p>Mentale \u00dcbungen wie Visualisierung, Affirmationen und Imagination st\u00e4rken Fokus, Vertrauen und Resilienz. Du lernst u.a. Gedanken bewusst wahrzunehmen und zu lenken, um dich optimal auf den Tauchgang vorzubereiten. Mentales Training kann separat praktiziert werden oder als Fortsetzung von Teil 1, so dass K\u00f6rper und Geist optimal in Einklang kommen.<\/p>\n\n\n\n<h4 class=\"wp-block-heading\">Kostenfreies Booklet BALD herunterladen!<\/h4>\n\n\n\n<div class=\"wp-block-columns is-layout-flex wp-container-core-columns-is-layout-9d6595d7 wp-block-columns-is-layout-flex\">\n<div class=\"wp-block-column is-layout-flow wp-block-column-is-layout-flow\">\n<figure class=\"wp-block-image size-full\"><img loading=\"lazy\" decoding=\"async\" width=\"2560\" height=\"1707\" src=\"https:\/\/ninaraem.de\/wp-content\/uploads\/2026\/03\/Nina-Raem_Freedive_PRE-DIVE-MASTERY_Mental-Training-scaled.jpg\" alt=\"\" class=\"wp-image-3535\" srcset=\"https:\/\/ninaraem.de\/wp-content\/uploads\/2026\/03\/Nina-Raem_Freedive_PRE-DIVE-MASTERY_Mental-Training-scaled.jpg 2560w, https:\/\/ninaraem.de\/wp-content\/uploads\/2026\/03\/Nina-Raem_Freedive_PRE-DIVE-MASTERY_Mental-Training-300x200.jpg 300w, https:\/\/ninaraem.de\/wp-content\/uploads\/2026\/03\/Nina-Raem_Freedive_PRE-DIVE-MASTERY_Mental-Training-1024x683.jpg 1024w, https:\/\/ninaraem.de\/wp-content\/uploads\/2026\/03\/Nina-Raem_Freedive_PRE-DIVE-MASTERY_Mental-Training-768x512.jpg 768w, https:\/\/ninaraem.de\/wp-content\/uploads\/2026\/03\/Nina-Raem_Freedive_PRE-DIVE-MASTERY_Mental-Training-1536x1024.jpg 1536w, https:\/\/ninaraem.de\/wp-content\/uploads\/2026\/03\/Nina-Raem_Freedive_PRE-DIVE-MASTERY_Mental-Training-2048x1365.jpg 2048w, https:\/\/ninaraem.de\/wp-content\/uploads\/2026\/03\/Nina-Raem_Freedive_PRE-DIVE-MASTERY_Mental-Training-18x12.jpg 18w, https:\/\/ninaraem.de\/wp-content\/uploads\/2026\/03\/Nina-Raem_Freedive_PRE-DIVE-MASTERY_Mental-Training-600x400.jpg 600w\" sizes=\"auto, (max-width: 2560px) 100vw, 2560px\" \/><\/figure>\n<\/div>\n<\/div>\n\n\n\n<h4 class=\"wp-block-heading\">Yoga Nidra: Die Br\u00fccke zwischen K\u00f6rper und Geist<\/h4>\n\n\n\n<p><a href=\"https:\/\/de.wikipedia.org\/wiki\/Yoga_Nidra\" data-type=\"link\" data-id=\"https:\/\/de.wikipedia.org\/wiki\/Yoga_Nidra\" target=\"_blank\" rel=\"noopener\">Yoga Nidra<\/a> bringt deinen K\u00f6rper in tiefe Entspannung und deinen Geist in einen wachen, klaren Alpha-Zustand, der ideal ist, um mentale St\u00e4rke zu trainieren. Mit ausf\u00fchrlichen Body Scans lernst du, deinen K\u00f6rper bewusst wahrzunehmen und Spannungen loszulassen. Die Visualisierungen im Yoga Nidra sind eine perfekte Vorbereitung auf das mentale Training: Sie schulen deine Vorstellungskraft und machen es leichter, mentale Bilder klar zu erzeugen und zu nutzen.<\/p>\n\n\n\n<h4 class=\"wp-block-heading\">Pre-Dive-Mastery: Ein bewusster Start in jeden Tauchgang<\/h4>\n\n\n\n<p>Mit Pre-Dive-Mastery startest du bewusst vorbereitet in jeden Tauchgang. Entspannung, klarer Fokus und ein ruhiges Nervensystem schaffen die Grundlage beim Training, bei <a href=\"https:\/\/ninaraem.de\/de\/freedive\/fundives\/\" data-type=\"link\" data-id=\"https:\/\/ninaraem.de\/de\/freedive\/fundives\/\">Fundives<\/a> oder in den <a href=\"https:\/\/ninaraem.de\/de\/freedive\/aida-kurse\/\" data-type=\"link\" data-id=\"https:\/\/ninaraem.de\/de\/freedive\/aida-kurse\/\">AIDA Kursen<\/a>.<\/p>\n\n\n\n<h4 class=\"wp-block-heading\">Einfach. Ruhig. Bereit.<\/h4>\n\n\n\n<p><\/p>\n","protected":false},"excerpt":{"rendered":"<p>Die Vorbereitung beginnt an Land Pre-Dive-Mastery ist ein Trainingsprogramm f\u00fcr Freediver, das den Fokus auf die Vorbereitung vor dem Tauchgang legt. Noch bevor es ins Wasser geht entsteht die Grundlage f\u00fcr ruhige und entspannte Tauchg\u00e4nge. Hier geht es nicht um Leistung, sondern um Bewusstheit, Klarheit und Pr\u00e4senz. Teil 1: Entspannung im Freediving mit Hilfe von [&hellip;]<\/p>\n","protected":false},"author":1,"featured_media":3481,"parent":559,"menu_order":0,"comment_status":"closed","ping_status":"closed","template":"","meta":{"footnotes":""},"class_list":["post-3475","page","type-page","status-publish","has-post-thumbnail","hentry"],"_links":{"self":[{"href":"https:\/\/ninaraem.de\/de\/wp-json\/wp\/v2\/pages\/3475","targetHints":{"allow":["GET"]}}],"collection":[{"href":"https:\/\/ninaraem.de\/de\/wp-json\/wp\/v2\/pages"}],"about":[{"href":"https:\/\/ninaraem.de\/de\/wp-json\/wp\/v2\/types\/page"}],"author":[{"embeddable":true,"href":"https:\/\/ninaraem.de\/de\/wp-json\/wp\/v2\/users\/1"}],"replies":[{"embeddable":true,"href":"https:\/\/ninaraem.de\/de\/wp-json\/wp\/v2\/comments?post=3475"}],"version-history":[{"count":51,"href":"https:\/\/ninaraem.de\/de\/wp-json\/wp\/v2\/pages\/3475\/revisions"}],"predecessor-version":[{"id":3563,"href":"https:\/\/ninaraem.de\/de\/wp-json\/wp\/v2\/pages\/3475\/revisions\/3563"}],"up":[{"embeddable":true,"href":"https:\/\/ninaraem.de\/de\/wp-json\/wp\/v2\/pages\/559"}],"wp:featuredmedia":[{"embeddable":true,"href":"https:\/\/ninaraem.de\/de\/wp-json\/wp\/v2\/media\/3481"}],"wp:attachment":[{"href":"https:\/\/ninaraem.de\/de\/wp-json\/wp\/v2\/media?parent=3475"}],"curies":[{"name":"wp","href":"https:\/\/api.w.org\/{rel}","templated":true}]}}