{"id":559,"date":"2022-04-11T13:24:12","date_gmt":"2022-04-11T13:24:12","guid":{"rendered":"http:\/\/ninaraem.de\/?page_id=559"},"modified":"2025-01-20T05:20:19","modified_gmt":"2025-01-20T05:20:19","slug":"freedive","status":"publish","type":"page","link":"https:\/\/ninaraem.de\/de\/freedive\/","title":{"rendered":"FREEDIVE"},"content":{"rendered":"\n<h2 class=\"wp-block-heading\">FREE DIVE FREE MIND<\/h2>\n\n\n\n<p>Das Freediven oder auch Freitauchen er\u00f6ffnet Menschen einen komplett neuen Zugang zur K\u00f6rperwahrnehmung und hat daher eine gewisse \u00c4hnlichkeit mit dem Yoga. Es ist magisch und faszinierend zugleich, es zieht uns in einen Bann und kann definitiv s\u00fcchtig machen.<\/p>\n\n\n\n<p>Auf der einen Seite geht es beim Freitauchen um Entspannung, auf der anderen Seite aber auch stark um Technik, so erlernen wir z.B. mit Fortschreiten unserer Praxis verschiedene Methoden des Druckausgleichs. F\u00fcr einige Menschen ist das Freitauchen ein Sport, f\u00fcr mich ist es mehr als das. Das Freitauchen hat f\u00fcr mich pers\u00f6nlich ebenfalls sowohl einen psychologischen als auch einen \u00e4sthetischen Aspekt. Aufgrund meines Hintergrundes als Mental und Atem Coach und auch als Stressmanagement Trainerin geht es  in meinem <a href=\"https:\/\/ninaraem.de\/de\/aida-kurse\/\" data-type=\"link\" data-id=\"https:\/\/ninaraem.de\/de\/aida-kurse\/\" target=\"_blank\" rel=\"noreferrer noopener\">Unterricht <\/a>und in meinen <a href=\"https:\/\/ninaraem.de\/de\/open-water-coaching\/\" data-type=\"link\" data-id=\"https:\/\/ninaraem.de\/de\/open-water-coaching\/\" target=\"_blank\" rel=\"noreferrer noopener\">Coachings<\/a> sehr stark um die mentale Dimension des Freitauchens.<\/p>\n\n\n\n<p>In meinem Unterricht wirst du lernen, Dich unter Wasser besser kennenzulernen, Dich mit schwierigen Situationen auseinanderzusetzen, Dich selber zu regulieren. Diese bewusste, ruhige Herangehensweise kannst Du schlie\u00dflich in Deinen Alltag integrieren und somit Deinen Stress reduzieren.<\/p>\n\n\n\n<p>F\u00fcr mehr allgemeine Informationen zum Freitauchen klicke <a rel=\"noreferrer noopener\" href=\"https:\/\/de.wikipedia.org\/wiki\/Apnoetauchen\" data-type=\"URL\" data-id=\"https:\/\/de.wikipedia.org\/wiki\/Apnoetauchen\" target=\"_blank\">HIER<\/a>.<\/p>\n\n\n\n<p>Es gibt mittlerweile verschiedene Organisationen, die systematische Ausbildungsprogramme entwickelt haben. Eine der \u00e4ltesten dieser Organisationen ist AIDA. Mehr Informationen findest Du <a href=\"https:\/\/www.aidainternational.org\/Education\/AIDAFreedivingCourses\" data-type=\"URL\" data-id=\"https:\/\/www.aidainternational.org\/Education\/AIDAFreedivingCourses\" target=\"_blank\" rel=\"noreferrer noopener\">HIER<\/a>. Seit 2021 durchlief ich das AIDA-System und biete nun auch <a href=\"https:\/\/ninaraem.de\/de\/aida-kurse\/\" data-type=\"URL\" data-id=\"https:\/\/ninaraem.de\/de\/aida-kurse\/\" target=\"_blank\" rel=\"noreferrer noopener\">AIDA Kurse<\/a> an.<\/p>\n\n\n\n<div style=\"height:50px\" aria-hidden=\"true\" class=\"wp-block-spacer\"><\/div>\n\n\n\n<p><strong>Kontakt<\/strong><br>M <a href=\"http:\/\/+4917621967547\" data-type=\"URL\" data-id=\"+4917621967547\">+4917621967547<\/a><br>E <a href=\"mailto:nina@ninaraem.de\" target=\"_blank\" rel=\"noreferrer noopener\">nina@ninaraem.de<\/a><\/p>\n","protected":false},"excerpt":{"rendered":"<p>FREE DIVE FREE MIND Das Freediven oder auch Freitauchen er\u00f6ffnet Menschen einen komplett neuen Zugang zur K\u00f6rperwahrnehmung und hat daher eine gewisse \u00c4hnlichkeit mit dem Yoga. Es ist magisch und faszinierend zugleich, es zieht uns in einen Bann und kann definitiv s\u00fcchtig machen. Auf der einen Seite geht es beim Freitauchen um Entspannung, auf der [&hellip;]<\/p>\n","protected":false},"author":1,"featured_media":1830,"parent":0,"menu_order":0,"comment_status":"closed","ping_status":"closed","template":"","meta":{"footnotes":""},"class_list":["post-559","page","type-page","status-publish","has-post-thumbnail","hentry"],"_links":{"self":[{"href":"https:\/\/ninaraem.de\/de\/wp-json\/wp\/v2\/pages\/559","targetHints":{"allow":["GET"]}}],"collection":[{"href":"https:\/\/ninaraem.de\/de\/wp-json\/wp\/v2\/pages"}],"about":[{"href":"https:\/\/ninaraem.de\/de\/wp-json\/wp\/v2\/types\/page"}],"author":[{"embeddable":true,"href":"https:\/\/ninaraem.de\/de\/wp-json\/wp\/v2\/users\/1"}],"replies":[{"embeddable":true,"href":"https:\/\/ninaraem.de\/de\/wp-json\/wp\/v2\/comments?post=559"}],"version-history":[{"count":32,"href":"https:\/\/ninaraem.de\/de\/wp-json\/wp\/v2\/pages\/559\/revisions"}],"predecessor-version":[{"id":3201,"href":"https:\/\/ninaraem.de\/de\/wp-json\/wp\/v2\/pages\/559\/revisions\/3201"}],"wp:featuredmedia":[{"embeddable":true,"href":"https:\/\/ninaraem.de\/de\/wp-json\/wp\/v2\/media\/1830"}],"wp:attachment":[{"href":"https:\/\/ninaraem.de\/de\/wp-json\/wp\/v2\/media?parent=559"}],"curies":[{"name":"wp","href":"https:\/\/api.w.org\/{rel}","templated":true}]}}