{"id":561,"date":"2022-04-11T13:24:34","date_gmt":"2022-04-11T13:24:34","guid":{"rendered":"http:\/\/ninaraem.de\/?page_id=561"},"modified":"2026-01-13T06:43:28","modified_gmt":"2026-01-13T06:43:28","slug":"home","status":"publish","type":"page","link":"https:\/\/ninaraem.de\/de\/","title":{"rendered":"Home"},"content":{"rendered":"\n<div class=\"wp-block-columns is-layout-flex wp-container-core-columns-is-layout-9d6595d7 wp-block-columns-is-layout-flex\">\n<div class=\"wp-block-column is-layout-flow wp-block-column-is-layout-flow\">\n<h2 class=\"wp-block-heading\"><strong>Stress? Frei? Leben!<\/strong><\/h2>\n\n\n\n<p>In Zeiten, in denen immer mehr Menschen gesundheitlich an Stress leiden, sehe ich mich dazu aufgefordert, Wege und Mittel anzubieten, die diesem Ph\u00e4nomen entgegenwirken. <strong>In meiner Arbeit fokussiere ich daher auf das Thema Entspannung.<\/strong><\/p>\n\n\n\n<p>Ich bin freiberuflich t\u00e4tig in den Bereichen:<\/p>\n\n\n\n<div style=\"height:20px\" aria-hidden=\"true\" class=\"wp-block-spacer\"><\/div>\n\n\n\n<figure class=\"wp-block-gallery has-nested-images columns-default is-cropped wp-block-gallery-1 is-layout-flex wp-block-gallery-is-layout-flex\">\n<figure class=\"wp-block-image size-large\"><a href=\"https:\/\/ninaraem.de\/de\/\"><img loading=\"lazy\" decoding=\"async\" width=\"1024\" height=\"768\" data-id=\"2013\" src=\"https:\/\/ninaraem.de\/wp-content\/uploads\/2021\/04\/Nina-Raem_Yogastellung-Hocke-1024x768.jpg\" alt=\"Nina Raem beim Yin Yoga online in der Yogastellung &quot;die Hocke&quot; mit H\u00e4nden vor dem Herzen\" class=\"wp-image-2013\" srcset=\"https:\/\/ninaraem.de\/wp-content\/uploads\/2021\/04\/Nina-Raem_Yogastellung-Hocke-1024x768.jpg 1024w, https:\/\/ninaraem.de\/wp-content\/uploads\/2021\/04\/Nina-Raem_Yogastellung-Hocke-300x225.jpg 300w, https:\/\/ninaraem.de\/wp-content\/uploads\/2021\/04\/Nina-Raem_Yogastellung-Hocke-768x576.jpg 768w, https:\/\/ninaraem.de\/wp-content\/uploads\/2021\/04\/Nina-Raem_Yogastellung-Hocke-16x12.jpg 16w, https:\/\/ninaraem.de\/wp-content\/uploads\/2021\/04\/Nina-Raem_Yogastellung-Hocke-600x450.jpg 600w, https:\/\/ninaraem.de\/wp-content\/uploads\/2021\/04\/Nina-Raem_Yogastellung-Hocke.jpg 1500w\" sizes=\"auto, (max-width: 1024px) 100vw, 1024px\" \/><\/a><figcaption class=\"wp-element-caption\"><strong>YOGA<\/strong><\/figcaption><\/figure>\n\n\n\n<figure class=\"wp-block-image size-large\"><a href=\"https:\/\/ninaraem.de\/de\/freedive\/\"><img loading=\"lazy\" decoding=\"async\" width=\"1024\" height=\"768\" data-id=\"2985\" src=\"https:\/\/ninaraem.de\/wp-content\/uploads\/2024\/07\/Nina-Raem_HOME_Freedive-1024x768.jpg\" alt=\"\" class=\"wp-image-2985\" srcset=\"https:\/\/ninaraem.de\/wp-content\/uploads\/2024\/07\/Nina-Raem_HOME_Freedive-1024x768.jpg 1024w, https:\/\/ninaraem.de\/wp-content\/uploads\/2024\/07\/Nina-Raem_HOME_Freedive-300x225.jpg 300w, https:\/\/ninaraem.de\/wp-content\/uploads\/2024\/07\/Nina-Raem_HOME_Freedive-768x576.jpg 768w, https:\/\/ninaraem.de\/wp-content\/uploads\/2024\/07\/Nina-Raem_HOME_Freedive-1536x1152.jpg 1536w, https:\/\/ninaraem.de\/wp-content\/uploads\/2024\/07\/Nina-Raem_HOME_Freedive-2048x1536.jpg 2048w, https:\/\/ninaraem.de\/wp-content\/uploads\/2024\/07\/Nina-Raem_HOME_Freedive-16x12.jpg 16w, https:\/\/ninaraem.de\/wp-content\/uploads\/2024\/07\/Nina-Raem_HOME_Freedive-600x450.jpg 600w\" sizes=\"auto, (max-width: 1024px) 100vw, 1024px\" \/><\/a><figcaption class=\"wp-element-caption\"><strong>FREEDIVE<\/strong><\/figcaption><\/figure>\n\n\n\n<figure class=\"wp-block-image size-large\"><a href=\"https:\/\/ninaraem.de\/de\/coaching\/\"><img loading=\"lazy\" decoding=\"async\" width=\"1024\" height=\"768\" data-id=\"2986\" src=\"https:\/\/ninaraem.de\/wp-content\/uploads\/2024\/07\/Nina-Raem_HOME_Coaching-1024x768.jpg\" alt=\"\" class=\"wp-image-2986\" srcset=\"https:\/\/ninaraem.de\/wp-content\/uploads\/2024\/07\/Nina-Raem_HOME_Coaching-1024x768.jpg 1024w, https:\/\/ninaraem.de\/wp-content\/uploads\/2024\/07\/Nina-Raem_HOME_Coaching-300x225.jpg 300w, https:\/\/ninaraem.de\/wp-content\/uploads\/2024\/07\/Nina-Raem_HOME_Coaching-768x576.jpg 768w, https:\/\/ninaraem.de\/wp-content\/uploads\/2024\/07\/Nina-Raem_HOME_Coaching-1536x1152.jpg 1536w, https:\/\/ninaraem.de\/wp-content\/uploads\/2024\/07\/Nina-Raem_HOME_Coaching-2048x1536.jpg 2048w, https:\/\/ninaraem.de\/wp-content\/uploads\/2024\/07\/Nina-Raem_HOME_Coaching-16x12.jpg 16w, https:\/\/ninaraem.de\/wp-content\/uploads\/2024\/07\/Nina-Raem_HOME_Coaching-600x450.jpg 600w\" sizes=\"auto, (max-width: 1024px) 100vw, 1024px\" \/><\/a><figcaption class=\"wp-element-caption\"><strong>COACHING<\/strong><\/figcaption><\/figure>\n<\/figure>\n\n\n\n<div style=\"height:20px\" aria-hidden=\"true\" class=\"wp-block-spacer\"><\/div>\n\n\n\n<p>Geht es im <strong><a href=\"https:\/\/ninaraem.de\/de\/yoga-spektrum\/\" data-type=\"link\" data-id=\"https:\/\/ninaraem.de\/de\/yoga-spektrum\/\">Yoga<\/a><\/strong>, <strong><a href=\"https:\/\/ninaraem.de\/de\/freedive\/\" data-type=\"link\" data-id=\"https:\/\/ninaraem.de\/de\/freedive\/\" target=\"_blank\" rel=\"noreferrer noopener\">Freediven<\/a><\/strong> und auch beim <strong><a href=\"https:\/\/ninaraem.de\/de\/atem-coaching\/\" data-type=\"link\" data-id=\"https:\/\/ninaraem.de\/de\/atem-coaching\/\">Atem Coaching<\/a><\/strong> um eine praktische, k\u00f6rperorientierte Herangehensweise, ist es beim <strong><a href=\"https:\/\/ninaraem.de\/de\/mental-coaching\/\" data-type=\"link\" data-id=\"https:\/\/ninaraem.de\/de\/mental-coaching\/\">Mental<\/a><\/strong> und <strong><a href=\"https:\/\/ninaraem.de\/de\/relax-coaching\/\" data-type=\"link\" data-id=\"https:\/\/ninaraem.de\/de\/relax-coaching\/\">Relax Coaching<\/a><\/strong> eine analytische, kognitive.<\/p>\n\n\n\n<p>Individuell an deine W\u00fcnsche und Bed\u00fcrfnisse angepasst werden wir genau das passende P\u00e4kchen f\u00fcr dich schn\u00fcren, so dass du gest\u00e4rkt und gut ausger\u00fcstet in deine Zukunft starten kannst &#8211; ohne Stress versteht sich.<\/p>\n\n\n\n<p>Melde dich gerne bei mir f\u00fcr ein kostenfreies Vorgespr\u00e4ch, so k\u00f6nnen wir uns erst einmal kennenlernen und sicherstellen, dass wir miteinander arbeiten wollen.<\/p>\n\n\n\n<p>Viel Spa\u00df beim St\u00f6bern auf meiner Webseite!<\/p>\n\n\n\n<p>Nina<\/p>\n\n\n\n<div style=\"height:50px\" aria-hidden=\"true\" class=\"wp-block-spacer\"><\/div>\n<\/div>\n<\/div>\n\n\n\n<h3 class=\"wp-block-heading\"><strong>Jetzt <a href=\"tel:017621967547\" data-type=\"tel\" data-id=\"tel:017621967547\">anrufen<\/a> oder <a href=\"mail: nina@ninaraem.de\" data-type=\"link\" data-id=\"mail:\">E-Mail schreiben<\/a> f\u00fcr ein kostenfreies Vorgespr\u00e4ch!<\/strong><\/h3>\n\n\n\n<p><\/p>\n","protected":false},"excerpt":{"rendered":"<p>Stress? Frei? Leben! In Zeiten, in denen immer mehr Menschen gesundheitlich an Stress leiden, sehe ich mich dazu aufgefordert, Wege und Mittel anzubieten, die diesem Ph\u00e4nomen entgegenwirken. In meiner Arbeit fokussiere ich daher auf das Thema Entspannung. Ich bin freiberuflich t\u00e4tig in den Bereichen: Geht es im Yoga, Freediven und auch beim Atem Coaching um [&hellip;]<\/p>\n","protected":false},"author":1,"featured_media":0,"parent":0,"menu_order":0,"comment_status":"closed","ping_status":"closed","template":"","meta":{"footnotes":""},"class_list":["post-561","page","type-page","status-publish","hentry"],"_links":{"self":[{"href":"https:\/\/ninaraem.de\/de\/wp-json\/wp\/v2\/pages\/561","targetHints":{"allow":["GET"]}}],"collection":[{"href":"https:\/\/ninaraem.de\/de\/wp-json\/wp\/v2\/pages"}],"about":[{"href":"https:\/\/ninaraem.de\/de\/wp-json\/wp\/v2\/types\/page"}],"author":[{"embeddable":true,"href":"https:\/\/ninaraem.de\/de\/wp-json\/wp\/v2\/users\/1"}],"replies":[{"embeddable":true,"href":"https:\/\/ninaraem.de\/de\/wp-json\/wp\/v2\/comments?post=561"}],"version-history":[{"count":108,"href":"https:\/\/ninaraem.de\/de\/wp-json\/wp\/v2\/pages\/561\/revisions"}],"predecessor-version":[{"id":3422,"href":"https:\/\/ninaraem.de\/de\/wp-json\/wp\/v2\/pages\/561\/revisions\/3422"}],"wp:attachment":[{"href":"https:\/\/ninaraem.de\/de\/wp-json\/wp\/v2\/media?parent=561"}],"curies":[{"name":"wp","href":"https:\/\/api.w.org\/{rel}","templated":true}]}}