{"id":746,"date":"2022-06-28T10:58:43","date_gmt":"2022-06-28T10:58:43","guid":{"rendered":"http:\/\/ninaraem.de\/?page_id=746"},"modified":"2023-04-01T04:44:35","modified_gmt":"2023-04-01T04:44:35","slug":"coaching","status":"publish","type":"page","link":"https:\/\/ninaraem.de\/de\/coaching\/","title":{"rendered":"COACHING"},"content":{"rendered":"\n<h2 class=\"wp-block-heading\">Wandlung in der Praxis<\/h2>\n\n\n\n<pre class=\"wp-block-verse\">\u201eDie gr\u00f6\u00dfte Entscheidung deines Lebens liegt darin, dass du dein Leben \u00e4ndern kannst, indem du deine Geisteshaltung \u00e4nderst.\u201c Albert Schweitzer<\/pre>\n\n\n\n<p>Eine einheitliche Definition des allgemeinen Begriffs Coaching gibt es nicht. \u201eCoach\u201c heisst sowas wie Kutsche und kann daher als Hilfsmittel verstanden werden, um sich auf den Weg zu machen und ein Ziel zu erreichen. In meinem Verst\u00e4ndnis ist ein Coaching ein kreativer Prozess von Klient*in und Coach*in, wobei sich beide auf Augenh\u00f6he begegnen. Die Coachin wird dabei als Prozessberaterin gesehen, die den Klienten pers\u00f6nlich ber\u00e4t und unterst\u00fctzt. Anders als in der Psychotherapie geht es nicht um die Vergangenheitsbew\u00e4ltigung des Klienten, sondern um die Gestaltung einer Zukunftsvision und dessen Umsetzung.<\/p>\n\n\n\n<div style=\"height:30px\" aria-hidden=\"true\" class=\"wp-block-spacer\"><\/div>\n\n\n\n<p>Allgemeine Ziele eines Coaching sind u.a.:<\/p>\n\n\n\n<p><\/p>\n\n\n\n<ul class=\"wp-block-list\">\n<li>Unterst\u00fctzung in pers\u00f6nlicher Zielfindung, Zielverfolgung, Zielerreichung<\/li>\n\n\n\n<li>Stressreduktion und Entwicklung von Strategien der besseren Stressbew\u00e4ltigung<\/li>\n\n\n\n<li>St\u00e4rkung zum problemorientierten Coping und der Selbstwirksamkeitserwartung<\/li>\n\n\n\n<li>Anregung zur und Verbesserung der Selbstreflexion<\/li>\n\n\n\n<li>Steigerung des Selbstbewusstseins<\/li>\n\n\n\n<li>Verbesserung der emotionalen Ausgeglichenheit<\/li>\n<\/ul>\n\n\n\n<div style=\"height:50px\" aria-hidden=\"true\" class=\"wp-block-spacer\"><\/div>\n\n\n\n<p><strong>Kontakt<\/strong><br>M <a href=\"http:\/\/+4917621967547\" data-type=\"URL\" data-id=\"+4917621967547\">+4917621967547<\/a><br>E <a href=\"mailto:nina@ninaraem.de\" target=\"_blank\" rel=\"noreferrer noopener\">nina@ninaraem.de<\/a><\/p>\n\n\n\n<div style=\"height:50px\" aria-hidden=\"true\" class=\"wp-block-spacer\"><\/div>\n\n\n\n<p><strong>Anmerkung<\/strong><\/p>\n\n\n\n<p>Coachings sind keine Psychotherapie und dienen auch nicht als Ersatz f\u00fcr psychotherapeutische Behandlungen. In einem pers\u00f6nlichen ca. 30-min\u00fctigen Vorgespr\u00e4ch live oder auch via zoom werden vorerst neben einem ersten Kennenlernen sehr allgemeine organisatorische Themen besprochen. Es wird schriftlich festgehalten, dass der Klient psychisch gesund ist und sich dar\u00fcber im Klaren, dass ein Coaching durchaus sp\u00fcrbare mentale Ver\u00e4nderungsprozesse in Gang setzen kann.<\/p>\n\n\n\n<p><\/p>\n","protected":false},"excerpt":{"rendered":"<p>Wandlung in der Praxis \u201eDie gr\u00f6\u00dfte Entscheidung deines Lebens liegt darin, dass du dein Leben \u00e4ndern kannst, indem du deine Geisteshaltung \u00e4nderst.\u201c Albert Schweitzer Eine einheitliche Definition des allgemeinen Begriffs Coaching gibt es nicht. \u201eCoach\u201c heisst sowas wie Kutsche und kann daher als Hilfsmittel verstanden werden, um sich auf den Weg zu machen und ein [&hellip;]<\/p>\n","protected":false},"author":1,"featured_media":1827,"parent":0,"menu_order":0,"comment_status":"closed","ping_status":"closed","template":"","meta":{"footnotes":""},"class_list":["post-746","page","type-page","status-publish","has-post-thumbnail","hentry"],"_links":{"self":[{"href":"https:\/\/ninaraem.de\/de\/wp-json\/wp\/v2\/pages\/746","targetHints":{"allow":["GET"]}}],"collection":[{"href":"https:\/\/ninaraem.de\/de\/wp-json\/wp\/v2\/pages"}],"about":[{"href":"https:\/\/ninaraem.de\/de\/wp-json\/wp\/v2\/types\/page"}],"author":[{"embeddable":true,"href":"https:\/\/ninaraem.de\/de\/wp-json\/wp\/v2\/users\/1"}],"replies":[{"embeddable":true,"href":"https:\/\/ninaraem.de\/de\/wp-json\/wp\/v2\/comments?post=746"}],"version-history":[{"count":36,"href":"https:\/\/ninaraem.de\/de\/wp-json\/wp\/v2\/pages\/746\/revisions"}],"predecessor-version":[{"id":2352,"href":"https:\/\/ninaraem.de\/de\/wp-json\/wp\/v2\/pages\/746\/revisions\/2352"}],"wp:featuredmedia":[{"embeddable":true,"href":"https:\/\/ninaraem.de\/de\/wp-json\/wp\/v2\/media\/1827"}],"wp:attachment":[{"href":"https:\/\/ninaraem.de\/de\/wp-json\/wp\/v2\/media?parent=746"}],"curies":[{"name":"wp","href":"https:\/\/api.w.org\/{rel}","templated":true}]}}