{"id":1183,"date":"2022-10-16T13:46:25","date_gmt":"2022-10-16T13:46:25","guid":{"rendered":"http:\/\/ninaraem.de\/?page_id=1183"},"modified":"2023-03-27T09:35:42","modified_gmt":"2023-03-27T09:35:42","slug":"allgemeine-geschaeftsbedingungen","status":"publish","type":"page","link":"https:\/\/ninaraem.de\/en\/allgemeine-geschaeftsbedingungen\/","title":{"rendered":"Terms &amp; Conditions"},"content":{"rendered":"<h2 class=\"wp-block-heading\">Allgemeine Gesch\u00e4ftsbedingungen<\/h2>\n\n\n\n<p><strong>Individual appointments<\/strong><\/p>\n\n\n\n<p>By making a binding appointment to use one of my services as a yoga teacher, freediving instructor or coach, you confirm that you are mentally healthy and that you do not have any physical limitations that would prevent you from participating in any of my offers. I, Nina Raem, as a teacher or coach, accept no liability for any damage that may arise in this regard.<\/p>\n\n\n\n<p>Cancellation of an appointment on my part: 100% refund on my part<br>Cancellation by a student or client:<br>Cancellation up to 24 hours before the appointment: 0% of the agreed price is due<br>Cancellation less than 24 hours before the appointment: 50% of the agreed price is due<br>Short-term cancellations up to 4 hours before the appointment: 100% of the agreed price is due<\/p>\n\n\n\n<div style=\"height:30px\" aria-hidden=\"true\" class=\"wp-block-spacer\"><\/div>\n\n\n\n<p><strong>Booking for e.g. training, retreats, trips<\/strong><\/p>\n\n\n\n<p>When booking one of my services as a yoga teacher, freediving instructor or coach for, among other things, training, retreats, travel events:<\/p>\n\n\n\n<p>Cancellation of an appointment on my part: 100% refund on my part<br>Cancellation by the client:<br>Cancellation up to 28 days before the date: 0% of the agreed price is due<br>Cancellation 28 to 14 days before the appointment: 50% of the agreed price is due<br>Cancellation less than 14 days before the date: 80% of the agreed price is due<br>Short-term cancellations up to 72 hours before the appointment: 100% of the agreed price is due<\/p>\n\n\n\n<div style=\"height:30px\" aria-hidden=\"true\" class=\"wp-block-spacer\"><\/div>\n\n\n\n<p>The fee must be transferred to the following account no later than 14 days after invoicing:<br>Nina Raem<br>Berliner Sparkasse<br>IBAN: DE43100500000610303783<br>BIC: BELADEBEXXX<\/p>\n\n\n\n<div style=\"height:31px\" aria-hidden=\"true\" class=\"wp-block-spacer\"><\/div>\n\n\n\n<p>Ich bin mit den Allgemeinen Gesch\u00e4ftsbedingungen einverstanden und erkl\u00e4re f\u00fcr mich allein verantwortlich zu sein. <br>I hereby agree to the terms and conditions.<\/p>\n\n\n\n<div style=\"height:30px\" aria-hidden=\"true\" class=\"wp-block-spacer\"><\/div>\n\n\n\n<p>Place, Date<\/p>\n\n\n\n<div style=\"height:30px\" aria-hidden=\"true\" class=\"wp-block-spacer\"><\/div>\n\n\n\n<p>Signature<\/p>\n\n\n\n<div style=\"height:30px\" aria-hidden=\"true\" class=\"wp-block-spacer\"><\/div>\n\n\n\n<p><a href=\"http:\/\/ninaraem.de\/wp-content\/uploads\/2022\/10\/Nina-Raem_AGB-PDF.pdf\" data-type=\"URL\" data-id=\"http:\/\/ninaraem.de\/wp-content\/uploads\/2022\/10\/Nina-Raem_AGB-PDF.pdf\" target=\"_blank\" rel=\"noreferrer noopener\"><strong>Allgemeine Gesch\u00e4ftsbedingungen als PDF zum Downloaden und Ausf\u00fcllen!<\/strong> <\/a><br>The terms and conditions always apply as they are listed in the current PDF.<\/p>","protected":false},"excerpt":{"rendered":"<p>Allgemeine Gesch\u00e4ftsbedingungen Einzeltermine Mit Ihrer verbindlich zugesagten Terminvereinbarung f\u00fcr die Inanspruchnahme einer meiner Dienstleitungen als Yogalehrerin, Freitauchlehrerin oder Coachin best\u00e4tigen Sie, dass Sie psychisch gesund sind und dass sie keine k\u00f6rperlichen Einschr\u00e4nkungen haben, welche die Teilnahme an einem meiner Angebote ausschlie\u00dfen. Ich, Nina Raem, \u00fcbernehme als Lehrerin oder Coachin f\u00fcr eventuell aufkommende Sch\u00e4den diesbez\u00fcglich keine [&hellip;]<\/p>\n","protected":false},"author":1,"featured_media":0,"parent":0,"menu_order":0,"comment_status":"closed","ping_status":"closed","template":"","meta":{"footnotes":""},"class_list":["post-1183","page","type-page","status-publish","hentry"],"_links":{"self":[{"href":"https:\/\/ninaraem.de\/en\/wp-json\/wp\/v2\/pages\/1183","targetHints":{"allow":["GET"]}}],"collection":[{"href":"https:\/\/ninaraem.de\/en\/wp-json\/wp\/v2\/pages"}],"about":[{"href":"https:\/\/ninaraem.de\/en\/wp-json\/wp\/v2\/types\/page"}],"author":[{"embeddable":true,"href":"https:\/\/ninaraem.de\/en\/wp-json\/wp\/v2\/users\/1"}],"replies":[{"embeddable":true,"href":"https:\/\/ninaraem.de\/en\/wp-json\/wp\/v2\/comments?post=1183"}],"version-history":[{"count":22,"href":"https:\/\/ninaraem.de\/en\/wp-json\/wp\/v2\/pages\/1183\/revisions"}],"predecessor-version":[{"id":1925,"href":"https:\/\/ninaraem.de\/en\/wp-json\/wp\/v2\/pages\/1183\/revisions\/1925"}],"wp:attachment":[{"href":"https:\/\/ninaraem.de\/en\/wp-json\/wp\/v2\/media?parent=1183"}],"curies":[{"name":"wp","href":"https:\/\/api.w.org\/{rel}","templated":true}]}}