{"id":20,"date":"2020-12-18T03:48:53","date_gmt":"2020-12-18T03:48:53","guid":{"rendered":"http:\/\/ninaraem.de\/?page_id=20"},"modified":"2026-03-21T06:35:35","modified_gmt":"2026-03-21T06:35:35","slug":"person-nina-raem","status":"publish","type":"page","link":"https:\/\/ninaraem.de\/en\/person-nina-raem\/","title":{"rendered":"About me"},"content":{"rendered":"<p><strong>Attitude &amp; Intention<\/strong><\/p>\n\n\n\n<p>The overarching goal of all my work is to help people relax more. Teaching with joy and fun is very important to me; it can be humorous. My intention is to approach my students openly and to support them in their process with patience and compassion.<\/p>\n\n\n\n<p>In my understanding, yoga is primarily about learning to explore our bodies, accept them and treat them carefully. Yoga also offers us the opportunity to free ourselves from habitual, unhealthy movement patterns and thought structures. My yoga classes are very on point, i.e. the alignment principles of Anusara Yoga are taught in a reduced, clear language.<\/p>\n\n\n\n<p>Freediving takes us to our limits. We rediscover them, expand them, leave our own comfort zone and overcome mental hurdles in the process. My greatest concern is to create a safe space for my students in which they can be themselves and share their experiences and feelings. For me, dealing sensitively with your challenges and fears is the foundation of my work as a freediving instructor.<\/p>\n\n\n\n<p>Listening is an art. In my coaching sessions, I always strive to have conversations at eye level. For me, it's about a calm atmosphere in which creative solutions are developed together that are easy to integrate into everyday life and are therefore sustainable.<\/p>\n\n\n\n<div style=\"height:30px\" aria-hidden=\"true\" class=\"wp-block-spacer\"><\/div>\n\n\n\n<div class=\"wp-block-media-text alignwide\"><figure class=\"wp-block-media-text__media\"><img loading=\"lazy\" decoding=\"async\" width=\"1000\" height=\"560\" src=\"https:\/\/ninaraem.de\/wp-content\/uploads\/2023\/03\/nina-raem_yoga.jpg\" alt=\"Corporate Identity von Nina Raem f\u00fcr den Arbeitsbereich Yoga\" class=\"wp-image-1829 size-medium\" srcset=\"https:\/\/ninaraem.de\/wp-content\/uploads\/2023\/03\/nina-raem_yoga.jpg 1000w, https:\/\/ninaraem.de\/wp-content\/uploads\/2023\/03\/nina-raem_yoga-300x168.jpg 300w, https:\/\/ninaraem.de\/wp-content\/uploads\/2023\/03\/nina-raem_yoga-768x430.jpg 768w, https:\/\/ninaraem.de\/wp-content\/uploads\/2023\/03\/nina-raem_yoga-18x10.jpg 18w, https:\/\/ninaraem.de\/wp-content\/uploads\/2023\/03\/nina-raem_yoga-600x336.jpg 600w\" sizes=\"auto, (max-width: 1000px) 100vw, 1000px\" \/><\/figure><div class=\"wp-block-media-text__content\">\n<h2 class=\"wp-block-heading\"><strong>YOGA SPECTRUM<\/strong><\/h2>\n<\/div><\/div>\n\n\n\n<div style=\"height:30px\" aria-hidden=\"true\" class=\"wp-block-spacer\"><\/div>\n\n\n\n<p class=\"has-text-align-left\"><strong>Training at a glance<\/strong><br>2009: four-week intensive training to become a Sivananda Yoga teacher with Swami Atmaramananda in Poland<br>2012 to 2014: Anusara Yoga training (200h) with Vilas and Lalla Turske and Christina Lobe in Berlin <br>2019 to 2021: Yin Yoga training with Katrin Knauth and Wolfgang Riedl in Berlin and online<br>2023: Training in Yoga Nidra at the AHAB Academy in Berlin<\/p>\n\n\n\n<p class=\"has-text-align-left translation-block\"><strong>Sivananda &amp; Satyananda Yoga<\/strong><br>\nIn 2004, while I was studying architecture at the Technical University of Berlin, I took part in the first yoga course offered by university sports. In the following years I practiced mainly in the Sivananda Yoga Vedanta Center Berlin. On a longer trip through New Zealand after my diploma, I spent a month at the Anahata Retreat (Satyananda Yoga) and wanted to become a yoga teacher from there. At the end of 2009 I completed my first yoga teacher training with Swami Atmaramananda in Poland and have been teaching in various studios ever since. From 2011 to 2015 I also led yoga seminars for children and teenagers in the seminar houses in Bad Meinberg and at the North Sea, where I used the physical yoga classes to promote the creative expression of the children and teenagers.<\/p>\n\n\n\n<p class=\"translation-block\"><strong>Anusara &amp; Iyengar Yoga<\/strong><br>In search of a new style of yoga, I got to know YogaRaumBerlin in 2011 and became a close student of <a href=\"https:\/\/elementyoga.de\/\" target data-type=\"URL\" data-id=\"https:\/\/elementyoga.de\/\" rel=\"noreferrer noopener\">Alexander Kr\u00f6ker<\/a>. I completed my Anusara Yoga Immersion in 2012 at <a href=\"https:\/\/www.lallaundvilas.de\/\" target=\"_blank\" data-type=\"URL\" data-id=\"https:\/\/www.lallaundvilas.de \/\" rel=\"noreferrer noopener\">Vilas and Lalla Turske<\/a>. In the same year I also spent some time in New York, learning with <a href=\"https:\/\/elenabrower.com\/\" target=\"_blank\" data-type=\"URL\" data-id=\"https:\/\/elenabrower. com\/\" rel=\"noreferrer noopener\">Elena Brower<\/a>. During my three-month trips through India in early 2013 and 2015, I intensified my Iyengar yoga practice with various teachers in Gokarna and Rishikesh. For more than 10 years I regularly attended yoga classes at the Berlin studio yogatribe. In autumn 2014 I had the opportunity to enjoy my Anusara Yoga Teacher Training with Tina Lobe there. For some time now, I have only been in Berlin during the summer and practice at various locations with selected teachers.<\/p>\n\n\n\n<p class=\"translation-block\"><strong>Yin Yoga<br><\/strong>Not enough of the training, I completed my yin yoga advanced training in April 2021 with <a href=\"https:\/\/www.yogaelements.de\/\" target=\"_blank\" data-type=\"URL\" data-id=\"https:\/\/www.yogaelements.de\/\" rel=\"noreferrer noopener\">Katrin Knauth<\/a> and Wolfgang Riedl (my basic training took place with Katrin in 2019).<\/p>\n\n\n\n<p class=\"translation-block\"><strong>Yoga Nidra<\/strong><br>I got to know and love Yoga Nidra in New Zealand in 2009 at the Anahata Yoga Retreat. In 2023 after several years i decided to take on a compact further training course, which I really enjoyed. I currently use Yoga Nidra primarily as a relaxation exercise at the end of my breathing courses and yin yoga classes.<\/p>\n\n\n\n<div style=\"height:50px\" aria-hidden=\"true\" class=\"wp-block-spacer\"><\/div>\n\n\n\n<div class=\"wp-block-media-text alignwide\"><figure class=\"wp-block-media-text__media\"><img loading=\"lazy\" decoding=\"async\" width=\"1000\" height=\"560\" src=\"https:\/\/ninaraem.de\/wp-content\/uploads\/2023\/03\/nina-raem_freedive.jpg\" alt=\"Corporate Identity von Nina Raem f\u00fcr den Arbeitsbereich Freedive\" class=\"wp-image-1830 size-full\" srcset=\"https:\/\/ninaraem.de\/wp-content\/uploads\/2023\/03\/nina-raem_freedive.jpg 1000w, https:\/\/ninaraem.de\/wp-content\/uploads\/2023\/03\/nina-raem_freedive-300x168.jpg 300w, https:\/\/ninaraem.de\/wp-content\/uploads\/2023\/03\/nina-raem_freedive-768x430.jpg 768w, https:\/\/ninaraem.de\/wp-content\/uploads\/2023\/03\/nina-raem_freedive-18x10.jpg 18w, https:\/\/ninaraem.de\/wp-content\/uploads\/2023\/03\/nina-raem_freedive-600x336.jpg 600w\" sizes=\"auto, (max-width: 1000px) 100vw, 1000px\" \/><\/figure><div class=\"wp-block-media-text__content\">\n<h2 class=\"wp-block-heading\"><strong>FREE DIVE <\/strong><br><strong>FREE MIND<\/strong><\/h2>\n<\/div><\/div>\n\n\n\n<div style=\"height:30px\" aria-hidden=\"true\" class=\"wp-block-spacer\"><\/div>\n\n\n\n<p class=\"translation-block\"><strong>Overview of Training Courses<\/strong><br>2021 and 2022: AIDA Courses 1-4<br>2021: AIDA Judge Course<br>2022: Training as an AIDA Pool Instructor at <a href=\"https:\/\/freedivenegypt.com\/\" data-type=\"link\" data-id=\"https:\/\/freedivenegypt.com\/\" target=\"_blank\" rel=\"noreferrer noopener\">Freedive 'N' Egypt<\/a><br>2024: Training as an AIDA Open Water Instructor at <a href=\"https:\/\/freedivenegypt.com\/\" data-type=\"link\" data-id=\"https:\/\/freedivenegypt.com\/\" target=\"_blank\" rel=\"noreferrer noopener\">Freedive 'N' Egypt<\/a><br>since 2024: Collaboration with the <a href=\"https:\/\/www.dahabfreedivers.com\/\" data-type=\"link\" data-id=\"https:\/\/www.dahabfreedivers.com\/\" target=\"_blank\" rel=\"noreferrer noopener\">Dahab Freedivers<\/a><br>2025: Initiator of the project <a href=\"https:\/\/ninaraem.de\/en\/freedive\/pre-dive-mastery-relaxation-in-freediving\/\" data-type=\"link\" data-id=\"https:\/\/ninaraem.de\/de\/freedive\/pre-dive-mastery-relaxation-in-freediving\/\" target=\"_self\">\"Pre-Dive-Mastery\"<\/a><br>2026: Training as an AIDA Youth Instructor<\/p>\n\n\n\n<p class=\"translation-block\"><strong>AIDA<\/strong><br>My new great passion besides yoga is freediving. In November 2020 I went to Egypt for the first time, more precisely to Dahab in the Sinai. During an eight-month stay I switched from scuba diving to freediving and completed my <a href=\"https:\/\/www.aidainternational.org\/\" data-type=\"URL\" data-id=\"https: \/\/www.aidainternational.org\/\" target=\"_blank\" rel=\"noreferrer noopener\">AIDA<\/a> 1 to 4 courses in a relatively short time. Further stays of several months in Dahab, the freediving mecca, in 2022, 2023 and 2024 gave me the opportunity to dive deeper into the essence of freediving. I have been a pool instructor since May 2022, and in spring 2024 I was also able to complete the open water part of the training.<\/p>\n\n\n\n<div style=\"height:50px\" aria-hidden=\"true\" class=\"wp-block-spacer\"><\/div>\n\n\n\n<div class=\"wp-block-media-text alignwide\"><figure class=\"wp-block-media-text__media\"><img loading=\"lazy\" decoding=\"async\" width=\"1000\" height=\"560\" src=\"https:\/\/ninaraem.de\/wp-content\/uploads\/2023\/03\/nina-raem_coaching.jpg\" alt=\"Corporate Identity von Nina Raem f\u00fcr den Arbeitsbereich Coaching\" class=\"wp-image-1827 size-full\" srcset=\"https:\/\/ninaraem.de\/wp-content\/uploads\/2023\/03\/nina-raem_coaching.jpg 1000w, https:\/\/ninaraem.de\/wp-content\/uploads\/2023\/03\/nina-raem_coaching-300x168.jpg 300w, https:\/\/ninaraem.de\/wp-content\/uploads\/2023\/03\/nina-raem_coaching-768x430.jpg 768w, https:\/\/ninaraem.de\/wp-content\/uploads\/2023\/03\/nina-raem_coaching-18x10.jpg 18w, https:\/\/ninaraem.de\/wp-content\/uploads\/2023\/03\/nina-raem_coaching-600x336.jpg 600w\" sizes=\"auto, (max-width: 1000px) 100vw, 1000px\" \/><\/figure><div class=\"wp-block-media-text__content\">\n<h2 class=\"wp-block-heading translation-block\"><strong>TRANSFORMATION IN PRACTICE<\/strong><\/h2>\n<\/div><\/div>\n\n\n\n<div style=\"height:30px\" aria-hidden=\"true\" class=\"wp-block-spacer\"><\/div>\n\n\n\n<p class=\"translation-block\"><strong>Further training at a glance<\/strong><br>2022: Mental Coach training at <a href=\"https:\/\/www.ahab-akademie.de\/\" data-type=\"URL\" data-id=\" https:\/\/www.ahab-akademie.de\/\" target=\"_blank\" rel=\"noreferrer noopener\">AHAB Academy<\/a><br>2023: Breath Coach training at <a href=\"https:\/\/www.ahab-akademie.de\/\" data-type=\"URL\" data-id=\"https:\/\/www.ahab-akademie.de\/\" target=\"_blank\" rel=\"noreferrer noopener\">AHAB Academy<\/a><br>2023: Training for <a href=\"https:\/\/www.mhfa-ersthelfer.de\/de\/\" data-type=\"URL\" data-id=\"https:\/\/www.mhfa-ersthelfer.de\/de\/\" target=\"_blank\" rel=\"noreferrer noopener\">Mental Health First Aid <\/a>at the <a href=\"https:\/\/kipggmbh.de\/\" data-type=\"URL\" data-id=\"https:\/\/kipggmbh.de\/\" target=\"_blank\" rel=\"noreferrer noopener\">KIP gGmbH<\/a><br>2023: Training as a stress management trainer at <a href=\"https:\/\/www.ahab-akademie.de\/\" data-type=\"link\" data-id=\"https:\/\/ www.ahab-akademie.de\/\" target=\"_blank\" rel=\"noopener\">AHAB Academy<\/a><br><br>I have been continuously training myself in my coaching activities for some time now. I gained my first comparable experiences as a yoga teacher in individual lessons, in which, among other things, the discussion portion is more extensive than in group lessons, an analysis of the current situation is carried out and concrete goals are set. I completed my training at the AHAB Academy in Berlin as a mental and breathing coach, as a mental health first aid helper at KIP gGmbH and as a stress management trainer.<\/p>\n\n\n\n<div style=\"height:50px\" aria-hidden=\"true\" class=\"wp-block-spacer\"><\/div>\n\n\n\n<p class=\"translation-block\"><strong>Other Inspiration<\/strong><br>Various methods of body work have always accompanied me and helped me to personal growth, for example <a href=\"http:\/\/www.grinbergmethod.com\/ge\/\" data-type=\"URL\" data-id=\"http:\/\/www.grinbergmethod.com\/ge\/\" target=\"_blank\" rel=\"noreferrer noopener\">Grinberg<\/a> and the <a href=\"https:\/\/de.wikipedia.org\/wiki\/Feldenkrais Method\" data-type=\"link\" data-id=\"https:\/\/de.wikipedia.org\/wiki\/Feldenkrais Method\" target=\" _blank\" rel=\"noreferrer noopener\">Feldenkrais method<\/a>. Massages of any kind and <a href=\"https:\/\/de.wikipedia.org\/wiki\/Osteopathie_(Alternativemedizin)\" data-type=\"link\" data-id=\"https:\/\/de.wikipedia.org\/wiki\/ Osteopathy_(Alternative Medicine)\" target=\"_blank\" rel=\"noreferrer noopener\">osteopathic treatments<\/a> are also another tool for me to reflect, relax and let go.<\/p>","protected":false},"excerpt":{"rendered":"<p>Haltung &amp; Intention Das \u00fcbergeordnete Ziel meiner gesamten Arbeit ist es, Menschen zu mehr Entspannung zu verhelfen. Das Unterrichten mit Freude und Spa\u00df ist mir sehr wichtig, es darf humorvoll zugehen. Meine Intention ist es, meinen Sch\u00fclern und Sch\u00fclerinnen offen zu begegnen, sie mit Geduld und Mitgef\u00fchl in ihrem Prozess zu unterst\u00fctzen. Im Yoga geht [&hellip;]<\/p>\n","protected":false},"author":1,"featured_media":1814,"parent":0,"menu_order":0,"comment_status":"closed","ping_status":"closed","template":"","meta":{"footnotes":""},"class_list":["post-20","page","type-page","status-publish","has-post-thumbnail","hentry"],"_links":{"self":[{"href":"https:\/\/ninaraem.de\/en\/wp-json\/wp\/v2\/pages\/20","targetHints":{"allow":["GET"]}}],"collection":[{"href":"https:\/\/ninaraem.de\/en\/wp-json\/wp\/v2\/pages"}],"about":[{"href":"https:\/\/ninaraem.de\/en\/wp-json\/wp\/v2\/types\/page"}],"author":[{"embeddable":true,"href":"https:\/\/ninaraem.de\/en\/wp-json\/wp\/v2\/users\/1"}],"replies":[{"embeddable":true,"href":"https:\/\/ninaraem.de\/en\/wp-json\/wp\/v2\/comments?post=20"}],"version-history":[{"count":295,"href":"https:\/\/ninaraem.de\/en\/wp-json\/wp\/v2\/pages\/20\/revisions"}],"predecessor-version":[{"id":3469,"href":"https:\/\/ninaraem.de\/en\/wp-json\/wp\/v2\/pages\/20\/revisions\/3469"}],"wp:featuredmedia":[{"embeddable":true,"href":"https:\/\/ninaraem.de\/en\/wp-json\/wp\/v2\/media\/1814"}],"wp:attachment":[{"href":"https:\/\/ninaraem.de\/en\/wp-json\/wp\/v2\/media?parent=20"}],"curies":[{"name":"wp","href":"https:\/\/api.w.org\/{rel}","templated":true}]}}