{"id":206,"date":"2021-05-19T10:22:37","date_gmt":"2021-05-19T10:22:37","guid":{"rendered":"http:\/\/ninaraem.de\/?page_id=206"},"modified":"2026-02-03T07:03:00","modified_gmt":"2026-02-03T07:03:00","slug":"yoga-fuer-freedivers","status":"publish","type":"page","link":"https:\/\/ninaraem.de\/en\/yoga-spektrum\/yoga-fuer-freedivers\/","title":{"rendered":"Yoga for Freedivers"},"content":{"rendered":"<p>Diving is not just diving. Most people only think of scuba diving, free diving or free diving (apnea) is less common. The two types of diving are completely different approaches, but yoga for freedivers is very useful for both.<\/p>\n\n\n\n<p class=\"translation-block\">Why do yoga and freediving complement each other so wonderfully? Both yoga for freedivers and freediving are physical activities that use little language and focus on body awareness. Both disciplines are about depth; in yoga for a deep introspection, in free diving, when we dive into deep water, we also encounter inner states that are reflected. The atmospheric experience is another aspect that both have in common. Almost the most important quality, however, is the importance of the breath. In yoga as well as in free diving, the breath is the ultimate orientation. For this reason, freedivers are also increasingly using yoga breathing techniques. In summary, it can be said that both disciplines complement each other perfectly. Yoga also benefits from freediving, after all breath-holding (Antara\/Bahya Kumbhaka) can be developed through freediving.<\/p>\n\n\n\n<div style=\"height:30px\" aria-hidden=\"true\" class=\"wp-block-spacer\"><\/div>\n\n\n\n<p><strong>Concepts<\/strong><br>Quick &amp; Go<br>Constant Yoga<br>Workshop \u201edive deep\u201c<\/p>\n\n\n\n<div style=\"height:30px\" aria-hidden=\"true\" class=\"wp-block-spacer\"><\/div>\n\n\n\n<p><strong>Offers &amp; fees<\/strong><br>Offer 1: Quick &amp; Go (yoga before the dive)<br>Individual appointments for diving groups over 30\/45\/60 minutes to relax and stretch the torso<br>Costs: depending on the size of the group and the time required, from 45 \u20ac<\/p>\n\n\n\n<p>Offer 2: Constant Yoga (Yoga especially for divers)<br>Continuous yoga course for divers over 90 minutes with special exercises for the torso and breathing techniques<br>Costs: 80 \u20ac<\/p>\n\n\n\n<p>Offer 3: Workshop \u201edive deep\u201c<br>150-minute compact workshop for divers with exercises for the torso and special breathing techniques, especially for freedivers<br>Costs: 180 \u20ac<\/p>\n\n\n\n<div style=\"height:31px\" aria-hidden=\"true\" class=\"wp-block-spacer\"><\/div>\n\n\n\n<p><strong>Contact<\/strong><br>M <a href=\"http:\/\/+4917621967547\" data-type=\"URL\" data-id=\"+4917621967547\">+4917621967547<\/a><br>E <a href=\"mailto:nina@ninaraem.de\" target=\"_blank\" rel=\"noreferrer noopener\">nina@ninaraem.de<\/a><\/p>","protected":false},"excerpt":{"rendered":"<p>Tauchen ist nicht gleich Tauchen. Die meisten Menschen denken lediglich ans Flaschentauchen (Scuba), bisher weniger verbreitet ist das Freediven oder auch Freitauchen (Apnea). Bei den beiden Taucharten handelt es sich um vollkommen unterschiedliche Herangehensweisen, dennoch ist f\u00fcr beide der Yoga f\u00fcr Freedivers sehr n\u00fctzlich. Warum erg\u00e4nzen sich der Yoga und das Freediven so grandios?Sowohl beim [&hellip;]<\/p>\n","protected":false},"author":1,"featured_media":1821,"parent":217,"menu_order":0,"comment_status":"closed","ping_status":"closed","template":"","meta":{"footnotes":""},"class_list":["post-206","page","type-page","status-publish","has-post-thumbnail","hentry"],"_links":{"self":[{"href":"https:\/\/ninaraem.de\/en\/wp-json\/wp\/v2\/pages\/206","targetHints":{"allow":["GET"]}}],"collection":[{"href":"https:\/\/ninaraem.de\/en\/wp-json\/wp\/v2\/pages"}],"about":[{"href":"https:\/\/ninaraem.de\/en\/wp-json\/wp\/v2\/types\/page"}],"author":[{"embeddable":true,"href":"https:\/\/ninaraem.de\/en\/wp-json\/wp\/v2\/users\/1"}],"replies":[{"embeddable":true,"href":"https:\/\/ninaraem.de\/en\/wp-json\/wp\/v2\/comments?post=206"}],"version-history":[{"count":43,"href":"https:\/\/ninaraem.de\/en\/wp-json\/wp\/v2\/pages\/206\/revisions"}],"predecessor-version":[{"id":1974,"href":"https:\/\/ninaraem.de\/en\/wp-json\/wp\/v2\/pages\/206\/revisions\/1974"}],"up":[{"embeddable":true,"href":"https:\/\/ninaraem.de\/en\/wp-json\/wp\/v2\/pages\/217"}],"wp:featuredmedia":[{"embeddable":true,"href":"https:\/\/ninaraem.de\/en\/wp-json\/wp\/v2\/media\/1821"}],"wp:attachment":[{"href":"https:\/\/ninaraem.de\/en\/wp-json\/wp\/v2\/media?parent=206"}],"curies":[{"name":"wp","href":"https:\/\/api.w.org\/{rel}","templated":true}]}}