{"id":217,"date":"2021-05-20T02:45:27","date_gmt":"2021-05-20T02:45:27","guid":{"rendered":"http:\/\/ninaraem.de\/?page_id=217"},"modified":"2023-03-23T05:07:50","modified_gmt":"2023-03-23T05:07:50","slug":"yoga-spektrum","status":"publish","type":"page","link":"https:\/\/ninaraem.de\/en\/yoga-spektrum\/","title":{"rendered":"YOGA"},"content":{"rendered":"<h2 class=\"wp-block-heading\">Yoga Spectrum: Unity in Diversity<\/h2>\n\n\n\n<pre class=\"wp-block-verse\">\"When I practice, I am a philosopher. When I teach, I am a scientist. When I demonstrate, I am an artist.\" B.K.S. Iyengar<\/pre>\n\n\n\n<p>The spectrum is originally a term from physics. There are three definitions:<br>1.) Ribbon in the rainbow colors, which is created when white light falls through a glass prism and is thus broken down into the individual wavelengths that make it up<br>2.) Totality of the vibrations of electromagnetic waves of a certain frequency range<br>3.) rich variety<\/p>\n\n\n\n<p class=\"translation-block\">My yoga offer covers a wide spectrum, but again focuses on the physical aspect of yoga. My main concern is to refine body awareness  and understand the body as a source  that enables and promotes creative work. Meditations are only marginally incorporated into the practice. I am familiar with Bhakti Yoga, Jnana Yoga and Karma Yoga as they are taught in Integral Yoga, but they do not play an essential role in my teaching.<\/p>\n\n\n\n<div style=\"height:50px\" aria-hidden=\"true\" class=\"wp-block-spacer\"><\/div>\n\n\n\n<p><strong>Contact<\/strong><br>M <a href=\"http:\/\/+4917621967547\" data-type=\"URL\" data-id=\"+4917621967547\">+4917621967547<\/a><br>E <a href=\"mailto:nina@ninaraem.de\" target=\"_blank\" rel=\"noreferrer noopener\">nina@ninaraem.de<\/a><\/p>","protected":false},"excerpt":{"rendered":"<p>Yoga Spektrum: Einheit in der Vielfalt &#8222;When I practice, I am a philosopher. When I teach, I am a scientist. When I demonstrate, I am an artist.&#8220; B.K.S. Iyengar Das Spektrum ist urspr\u00fcnglich ein Begriff aus der Physik. Es gibt drei Definitionen:1.) Band in den Regenbogenfarben, das entsteht, wenn wei\u00dfes Licht durch ein gl\u00e4sernes Prisma [&hellip;]<\/p>\n","protected":false},"author":1,"featured_media":1829,"parent":0,"menu_order":0,"comment_status":"closed","ping_status":"closed","template":"","meta":{"footnotes":""},"class_list":["post-217","page","type-page","status-publish","has-post-thumbnail","hentry"],"_links":{"self":[{"href":"https:\/\/ninaraem.de\/en\/wp-json\/wp\/v2\/pages\/217","targetHints":{"allow":["GET"]}}],"collection":[{"href":"https:\/\/ninaraem.de\/en\/wp-json\/wp\/v2\/pages"}],"about":[{"href":"https:\/\/ninaraem.de\/en\/wp-json\/wp\/v2\/types\/page"}],"author":[{"embeddable":true,"href":"https:\/\/ninaraem.de\/en\/wp-json\/wp\/v2\/users\/1"}],"replies":[{"embeddable":true,"href":"https:\/\/ninaraem.de\/en\/wp-json\/wp\/v2\/comments?post=217"}],"version-history":[{"count":26,"href":"https:\/\/ninaraem.de\/en\/wp-json\/wp\/v2\/pages\/217\/revisions"}],"predecessor-version":[{"id":1913,"href":"https:\/\/ninaraem.de\/en\/wp-json\/wp\/v2\/pages\/217\/revisions\/1913"}],"wp:featuredmedia":[{"embeddable":true,"href":"https:\/\/ninaraem.de\/en\/wp-json\/wp\/v2\/media\/1829"}],"wp:attachment":[{"href":"https:\/\/ninaraem.de\/en\/wp-json\/wp\/v2\/media?parent=217"}],"curies":[{"name":"wp","href":"https:\/\/api.w.org\/{rel}","templated":true}]}}