{"id":2897,"date":"2024-05-03T10:37:46","date_gmt":"2024-05-03T10:37:46","guid":{"rendered":"https:\/\/ninaraem.de\/?page_id=2897"},"modified":"2026-04-19T13:37:06","modified_gmt":"2026-04-19T13:37:06","slug":"open-water-coaching","status":"publish","type":"page","link":"https:\/\/ninaraem.de\/en\/freedive\/open-water-coaching\/","title":{"rendered":"Open Water Coaching"},"content":{"rendered":"<h2 class=\"wp-block-heading\">Better technique &amp; more relaxation!<\/h2>\n\n\n\n<p>Are you looking for suitable coaching for your Open Water training? Are you a beginner and would like support during your dives? Or are you already advanced in your diving, need a training program and are looking for mental strength?<\/p>\n\n\n\n<p class=\"translation-block\">My open water coaching sessions are designed for both freedivers new to deep diving and advanced divers looking to further improve their performance. I also offer mental training for freedivers. Various mental training methods, such as visualizations, imagination, and affirmations, are used to harness the power of thought.<\/p>\n\n\n\n<p class=\"translation-block\">There are also relaxation exercises from yoga. A number of approaches can be pursued in Open Water Coaching:<br>1.) The <a href=\"http:\/\/ninaraem.de\/en\/yin-yoga\/\" data-type=\"link\" data-id=\" http:\/\/ninaraem.de\/de\/yin-yoga\/\" target=\"_self\">Yin Yoga<\/a> ensures the stretching of the deeper fascia and activates the parasympathetic nervous system, which relaxes us.<br>2.) <a href=\"http:\/\/ninaraem.de\/en\/atem-coaching\/\" data-type=\"link\" data-id=\"http:\/\/ninaraem.de\/de\/atem-coaching\/\" target=\"_self \">Breathing exercises<\/a> do not just ensure optimal preparation for the lungs, but also regulate the nervous system, strengthen the immune system and, depending on which breathing techniques are chosen, they can also cleanse and energize the body.<br>3.) <a href=\"http:\/\/ninaraem.de\/en\/yoga-nidra\/\" data-type=\"link\" data-id=\"http:\/\/ninaraem.de\/de\/yoga-nidra\/\" target=\"_self \">Yoga Nidra<\/a> is a method of deep relaxation that can also be a great enrichment.<\/p>\n\n\n\n<div style=\"height:30px\" aria-hidden=\"true\" class=\"wp-block-spacer\"><\/div>\n\n\n\n<p class=\"translation-block\"><strong>Preise<\/strong><br>1 Coaching: 45 \u20ac (1 Person), 35 \u20ac (2 Personen)<br>5 Coachings: 215 \u20ac (1 Person), 165 \u20ac (2 Personen)<br>10 Coachings: 405 \u20ac (1 Person), 315 \u20ac (2 Personen)<\/p>\n\n\n\n<div style=\"height:30px\" aria-hidden=\"true\" class=\"wp-block-spacer\"><\/div>\n\n\n\n<p><strong>Contact<\/strong><br>M +4917621967547<br>E <a href=\"mailto:nina@ninaraem.de\">nina@ninaraem.de<\/a><\/p>","protected":false},"excerpt":{"rendered":"<p>Bessere Technik &amp; mehr Entspannung! Suchst du nach einem passenden Coaching f\u00fcr dein Open Water Training? Bist du Anf\u00e4nger*in und w\u00fcnschst dir Unterst\u00fctzung bei deinen Tauchg\u00e4ngen? Oder bist du bereits fortgeschritten in deinem Tauchen, brauchst ein Trainingsprogramm und suchst nach mentaler St\u00e4rke? Meine Open Water Coachings richten sich sowohl an Freitaucher*innen, die neu sind im [&hellip;]<\/p>\n","protected":false},"author":1,"featured_media":3580,"parent":559,"menu_order":0,"comment_status":"closed","ping_status":"closed","template":"","meta":{"footnotes":""},"class_list":["post-2897","page","type-page","status-publish","has-post-thumbnail","hentry"],"_links":{"self":[{"href":"https:\/\/ninaraem.de\/en\/wp-json\/wp\/v2\/pages\/2897","targetHints":{"allow":["GET"]}}],"collection":[{"href":"https:\/\/ninaraem.de\/en\/wp-json\/wp\/v2\/pages"}],"about":[{"href":"https:\/\/ninaraem.de\/en\/wp-json\/wp\/v2\/types\/page"}],"author":[{"embeddable":true,"href":"https:\/\/ninaraem.de\/en\/wp-json\/wp\/v2\/users\/1"}],"replies":[{"embeddable":true,"href":"https:\/\/ninaraem.de\/en\/wp-json\/wp\/v2\/comments?post=2897"}],"version-history":[{"count":36,"href":"https:\/\/ninaraem.de\/en\/wp-json\/wp\/v2\/pages\/2897\/revisions"}],"predecessor-version":[{"id":3614,"href":"https:\/\/ninaraem.de\/en\/wp-json\/wp\/v2\/pages\/2897\/revisions\/3614"}],"up":[{"embeddable":true,"href":"https:\/\/ninaraem.de\/en\/wp-json\/wp\/v2\/pages\/559"}],"wp:featuredmedia":[{"embeddable":true,"href":"https:\/\/ninaraem.de\/en\/wp-json\/wp\/v2\/media\/3580"}],"wp:attachment":[{"href":"https:\/\/ninaraem.de\/en\/wp-json\/wp\/v2\/media?parent=2897"}],"curies":[{"name":"wp","href":"https:\/\/api.w.org\/{rel}","templated":true}]}}