{"id":3430,"date":"2026-01-19T16:26:48","date_gmt":"2026-01-19T16:26:48","guid":{"rendered":"https:\/\/ninaraem.de\/?page_id=3430"},"modified":"2026-03-30T18:41:58","modified_gmt":"2026-03-30T18:41:58","slug":"prep-kurs","status":"publish","type":"page","link":"https:\/\/ninaraem.de\/en\/freedive\/prep-kurs\/","title":{"rendered":"Prep Course"},"content":{"rendered":"<h2 class=\"wp-block-heading\">Your ideal introduction to freediving!<\/h2>\n\n\n\n<p class=\"translation-block\">The Prep Course is the perfect introduction for anyone who wants to prepare for the <a href=\"https:\/\/ninaraem.de\/en\/freedive\/aida-kurse\/\" data-type=\"link\" data-id=\"https:\/\/ninaraem.de\/de\/freedive\/aida-kurse\/\" target=\"_self\">AIDA course system<\/a>. You can attend a one-day introductory course with no prerequisites before the Prep Course or start directly with the course. It is aimed at beginners, people with little water experience, those who feel insecure, and participants with ear problems who want to practice equalizing pressure.<\/p>\n\n\n\n<p class=\"translation-block\">This course focuses on practical training in the water, but also includes exercises on land. You'll learn step by step how to move safely in the water, how to use a mask, snorkel, and long fins, and practice equalization techniques before diving. Together, we'll explore our first dives, for example, at a reef in the style of a fun dive. You can also experience elements of <a href=\"https:\/\/www.youtube.com\/watch?v=fT0LwdNZxDY\" data-type=\"link\" data-id=\"https:\/\/www.youtube.com\/watch?v=fT0LwdNZxDY\" target=\"_blank\" rel=\"noopener\">Janzu<\/a> or <a href=\"https:\/\/de.wikipedia.org\/wiki\/Watsu\" data-type=\"link\" data-id=\"https:\/\/de.wikipedia.org\/wiki\/Watsu\" target=\"_blank\" rel=\"noopener\">Watsu<\/a>, where you are gently carried through the water to relax and gain confidence in your body.<\/p>\n\n\n\n<p>Another focus is building trust: You spend time with your instructor and other participants, practice in a supportive environment and gradually gain safety and confidence in the water.<\/p>\n\n\n\n<p>At the end of the course, you will feel relaxed, safe and ready to join the AIDA course system and begin your freediving journey.<\/p>\n\n\n\n<h4 class=\"wp-block-heading\">In short: a gentle introduction with practical exercises to gain self-confidence.<\/h4>\n\n\n\n<p><\/p>","protected":false},"excerpt":{"rendered":"<p>Dein idealer Einstieg ins Freediving! Der Prep Kurs ist der perfekte Einstieg f\u00fcr alle, die sich auf das AIDA-Kurssystem vorbereiten m\u00f6chten. Du kannst vor dem Prep Kurs eine eint\u00e4gige Einf\u00fchrung ohne Anforderungen besuchen oder direkt mit dem Kurs starten. Er richtet sich an Anf\u00e4nger*innen, Menschen mit wenig Wassererfahrung, an diejenigen, die sich unsicher f\u00fchlen, sowie [&hellip;]<\/p>\n","protected":false},"author":1,"featured_media":3451,"parent":559,"menu_order":0,"comment_status":"closed","ping_status":"closed","template":"","meta":{"footnotes":""},"class_list":["post-3430","page","type-page","status-publish","has-post-thumbnail","hentry"],"_links":{"self":[{"href":"https:\/\/ninaraem.de\/en\/wp-json\/wp\/v2\/pages\/3430","targetHints":{"allow":["GET"]}}],"collection":[{"href":"https:\/\/ninaraem.de\/en\/wp-json\/wp\/v2\/pages"}],"about":[{"href":"https:\/\/ninaraem.de\/en\/wp-json\/wp\/v2\/types\/page"}],"author":[{"embeddable":true,"href":"https:\/\/ninaraem.de\/en\/wp-json\/wp\/v2\/users\/1"}],"replies":[{"embeddable":true,"href":"https:\/\/ninaraem.de\/en\/wp-json\/wp\/v2\/comments?post=3430"}],"version-history":[{"count":15,"href":"https:\/\/ninaraem.de\/en\/wp-json\/wp\/v2\/pages\/3430\/revisions"}],"predecessor-version":[{"id":3557,"href":"https:\/\/ninaraem.de\/en\/wp-json\/wp\/v2\/pages\/3430\/revisions\/3557"}],"up":[{"embeddable":true,"href":"https:\/\/ninaraem.de\/en\/wp-json\/wp\/v2\/pages\/559"}],"wp:featuredmedia":[{"embeddable":true,"href":"https:\/\/ninaraem.de\/en\/wp-json\/wp\/v2\/media\/3451"}],"wp:attachment":[{"href":"https:\/\/ninaraem.de\/en\/wp-json\/wp\/v2\/media?parent=3430"}],"curies":[{"name":"wp","href":"https:\/\/api.w.org\/{rel}","templated":true}]}}