{"id":559,"date":"2022-04-11T13:24:12","date_gmt":"2022-04-11T13:24:12","guid":{"rendered":"http:\/\/ninaraem.de\/?page_id=559"},"modified":"2025-01-20T05:20:19","modified_gmt":"2025-01-20T05:20:19","slug":"freedive","status":"publish","type":"page","link":"https:\/\/ninaraem.de\/en\/freedive\/","title":{"rendered":"FREEDIVE"},"content":{"rendered":"<h2 class=\"wp-block-heading\">FREE DIVE FREE MIND<\/h2>\n\n\n\n<p>Freediving or freediving gives people a completely new approach to body perception and therefore has a certain similarity to yoga. It is magical and fascinating at the same time, it captivates us and can definitely be addictive.<\/p>\n\n\n\n<p class=\"translation-block\">On the one hand, freediving is about relaxation, but on the other hand it is also very much about technique. For example, as our practice progresses, we learn different methods of pressure equalization. For some people freediving is a sport, for me it is more than that. For me personally, freediving also has both a psychological and an aesthetic aspect. Due to my background as a mental and breathing coach and also as a stress management trainer, my <a href=\"http:\/\/ninaraem.de\/en\/aida-kurs\/\" data-type=\"link\" data-id=\"http :\/\/ninaraem.de\/de\/aida-kurs\/\" target=\"_blank\" rel=\"noreferrer noopener\">lessons <\/a>and in my <a href=\"http:\/\/ninaraem.de\/en\/open-water-coaching\/\" data-type=\"link\" data-id=\"http:\/\/ninaraem.de\/de\/open-water-coaching\/\" target=\"_blank\" rel=\"noreferrer noopener\">Coachings<\/a> are very much about the mental dimension of freediving.<\/p>\n\n\n\n<p>In my lessons you will learn to get to know yourself better under water, to deal with difficult situations, to regulate yourself. You can finally integrate this conscious, calm approach into your everyday life and thus reduce your stress.<\/p>\n\n\n\n<p>For more general information on freediving click <a rel=\"noreferrer noopener\" href=\"https:\/\/de.wikipedia.org\/wiki\/Apnoetauchen\" data-type=\"URL\" data-id=\"https:\/\/de.wikipedia.org\/wiki\/Apnoetauchen\" target=\"_blank\">HERE<\/a>.<\/p>\n\n\n\n<p class=\"translation-block\">There are now various organizations that have developed systematic training programs. One of the oldest of these organizations is AIDA. You can find more information at <a href=\"https:\/\/www.aidainternational.org\/Education\/AIDAFreedivingCourses\" data-type=\"URL\" data-id=\"https:\/\/www.aidainternational.org\/Education\/AIDAFreedivingCourses\" target=\"_blank\" rel=\"noreferrer noopener\">HERE<\/a>. I have been going through the AIDA system since 2021 and now also offer <a href=\"http:\/\/ninaraem.de\/en\/aida-kurs\/\" data-type=\"URL\" data-id=\"http:\/\/ninaraem. de\/de\/aida-kurs\/\" target=\"_blank\" rel=\"noreferrer noopener\">AIDA courses<\/a>.<\/p>\n\n\n\n<div style=\"height:50px\" aria-hidden=\"true\" class=\"wp-block-spacer\"><\/div>\n\n\n\n<p><strong>Contact<\/strong><br>M <a href=\"http:\/\/+4917621967547\" data-type=\"URL\" data-id=\"+4917621967547\">+4917621967547<\/a><br>E <a href=\"mailto:nina@ninaraem.de\" target=\"_blank\" rel=\"noreferrer noopener\">nina@ninaraem.de<\/a><\/p>","protected":false},"excerpt":{"rendered":"<p>FREE DIVE FREE MIND Das Freediven oder auch Freitauchen er\u00f6ffnet Menschen einen komplett neuen Zugang zur K\u00f6rperwahrnehmung und hat daher eine gewisse \u00c4hnlichkeit mit dem Yoga. Es ist magisch und faszinierend zugleich, es zieht uns in einen Bann und kann definitiv s\u00fcchtig machen. Auf der einen Seite geht es beim Freitauchen um Entspannung, auf der [&hellip;]<\/p>\n","protected":false},"author":1,"featured_media":1830,"parent":0,"menu_order":0,"comment_status":"closed","ping_status":"closed","template":"","meta":{"footnotes":""},"class_list":["post-559","page","type-page","status-publish","has-post-thumbnail","hentry"],"_links":{"self":[{"href":"https:\/\/ninaraem.de\/en\/wp-json\/wp\/v2\/pages\/559","targetHints":{"allow":["GET"]}}],"collection":[{"href":"https:\/\/ninaraem.de\/en\/wp-json\/wp\/v2\/pages"}],"about":[{"href":"https:\/\/ninaraem.de\/en\/wp-json\/wp\/v2\/types\/page"}],"author":[{"embeddable":true,"href":"https:\/\/ninaraem.de\/en\/wp-json\/wp\/v2\/users\/1"}],"replies":[{"embeddable":true,"href":"https:\/\/ninaraem.de\/en\/wp-json\/wp\/v2\/comments?post=559"}],"version-history":[{"count":32,"href":"https:\/\/ninaraem.de\/en\/wp-json\/wp\/v2\/pages\/559\/revisions"}],"predecessor-version":[{"id":3201,"href":"https:\/\/ninaraem.de\/en\/wp-json\/wp\/v2\/pages\/559\/revisions\/3201"}],"wp:featuredmedia":[{"embeddable":true,"href":"https:\/\/ninaraem.de\/en\/wp-json\/wp\/v2\/media\/1830"}],"wp:attachment":[{"href":"https:\/\/ninaraem.de\/en\/wp-json\/wp\/v2\/media?parent=559"}],"curies":[{"name":"wp","href":"https:\/\/api.w.org\/{rel}","templated":true}]}}