{"id":608,"date":"2022-05-04T09:12:05","date_gmt":"2022-05-04T09:12:05","guid":{"rendered":"http:\/\/ninaraem.de\/?page_id=608"},"modified":"2026-02-03T06:57:49","modified_gmt":"2026-02-03T06:57:49","slug":"aida-kurse","status":"publish","type":"page","link":"https:\/\/ninaraem.de\/en\/freedive\/aida-kurse\/","title":{"rendered":"AIDA courses"},"content":{"rendered":"<h2 class=\"wp-block-heading\">AIDA 1: Introduction to Freediving<\/h2>\n\n\n\n<p class=\"translation-block\">In this one-day introduction you will learn the absolute basics of freediving, such as the breathing cycle. You will be given theoretical information, but you will also go into the water and try out the first exercises in time diving as well as deep diving. This module in <a href=\"https:\/\/www.aidainternational.org\/\" data-type=\"URL\" data-id=\"https:\/\/www.aidainternational.org\/\" target=\"_blank\" rel=\" noopener\">AIDA<\/a> training system is not mandatory for participation in the next AIDA courses, but gives you the opportunity to get a taste of freediving without having to incur large costs. In this sense, there are no special requirements to be able to take part in the following AIDA 2 course.<br><strong>Price: \u20ac110 (+ possible rental fees for the equipment, script included)<\/strong><\/p>\n\n\n\n<div style=\"height:50px\" aria-hidden=\"true\" class=\"wp-block-spacer\"><\/div>\n\n\n\n<h2 class=\"wp-block-heading\">AIDA 2: Build a foundation<\/h2>\n\n\n\n<p>Dieser AIDA Kurs erfolgt in der Regel an mindestens 2,5 Tagen. Du erlernst die Grundlagen des Freitauchens, die n\u00f6tigen praktischen Fertigkeiten und theoretischen Kenntnisse um als Freizeit-Freitaucher*in sicher tauchen zu k\u00f6nnen. Du lernst au\u00dferdem, Dich an der Boje zu orientieren und die entsprechenden Sicherheitsvorkehrungen solide auszuf\u00fchren. Im AIDA*2 Kurs bekommst Du erste Eindr\u00fccke der verschiedenen Disziplinen wie Zeittauchen, Streckentauchen und Tieftauchen. Das Anlegen des Equipments und das Freitauchen mit Equipment werden f\u00fcr Dich vertraut. Weitere wichtige Aspekte sind die Atmung und Entspannung. Im Rahmen des Kurses wirst Du beides n\u00e4her erfahren. Maximale Tiefe in diesem Kurs sind 20 Meter.<br><strong>Preis: 275\u20ac (+ eventuelle Leihgeb\u00fchren f\u00fcr das Equipment, Skript inklusive)<\/strong><\/p>\n\n\n\n<div style=\"height:50px\" aria-hidden=\"true\" class=\"wp-block-spacer\"><\/div>\n\n\n\n<h2 class=\"wp-block-heading\">AIDA 3: Advanced Freediving<\/h2>\n\n\n\n<p>Another AIDA course designed for advanced recreational freedivers. Building on the skills you learned from the previous course, you will be taught both new theoretical knowledge and new practical tools, such as special training methods, over at least 3 days. You will also develop a new technique for equalizing your pressure and gain your first experience with the so-called free fall, so that you can dive deeper without any problems. To make your dives with your buddies safer, you will also be taught other safety exercises.<\/p>\n\n\n\n<p class=\"translation-block\">At the end of the course you will be able to hold your breath for 2:45 minutes, dive 55m and 24 to 32m deep.<br><strong>Price: \u20ac325 (+ possible rental fees for the equipment, script included)<\/strong><\/p>\n\n\n\n<div style=\"height:50px\" aria-hidden=\"true\" class=\"wp-block-spacer\"><\/div>\n\n\n\n<h2 class=\"wp-block-heading\">Also: Open Water Coaching<\/h2>\n\n\n\n<p class=\"translation-block\">In addition to the AIDA courses, I also offer individual <a href=\"http:\/\/ninaraem.de\/en\/open-water-coaching\/\" data-type=\"link\" data-id=\"http:\/\/ninaraem.de\/ de\/open-water-coaching\/\" target=\"_self\">Open Water Coachings<\/a> outside of the AIDA course system. They are aimed at beginners who want an introduction to freediving and at advanced freedivers who are primarily looking for mental training and support.<\/p>\n\n\n\n<div style=\"height:49px\" aria-hidden=\"true\" class=\"wp-block-spacer\"><\/div>\n\n\n\n<p><strong>Contact<\/strong><br>M <a href=\"http:\/\/+4917621967547\" data-type=\"URL\" data-id=\"+4917621967547\">+4917621967547<\/a><br>E <a href=\"mailto:nina@ninaraem.de\" target=\"_blank\" rel=\"noreferrer noopener\">nina@ninaraem.de<\/a><\/p>","protected":false},"excerpt":{"rendered":"<p>AIDA 1: Einf\u00fchrung ins Freitauchen In dieser eint\u00e4gigen Einf\u00fchrung lernst Du die absoluten Grundlagen des Freitauchens kennen, so z.B. den Atemzyklus. Es werden Dir theoretische Informationen vermittelt, Du wirst aber auch ins Wasser gehen und Dich sowohl an erste \u00dcbungen des Zeittauchens als auch an das Tieftauchen herantasten. Dieser Baustein im AIDA-Ausbildungssystem ist nicht zwingend [&hellip;]<\/p>\n","protected":false},"author":1,"featured_media":0,"parent":559,"menu_order":0,"comment_status":"closed","ping_status":"closed","template":"","meta":{"footnotes":""},"class_list":["post-608","page","type-page","status-publish","hentry"],"_links":{"self":[{"href":"https:\/\/ninaraem.de\/en\/wp-json\/wp\/v2\/pages\/608","targetHints":{"allow":["GET"]}}],"collection":[{"href":"https:\/\/ninaraem.de\/en\/wp-json\/wp\/v2\/pages"}],"about":[{"href":"https:\/\/ninaraem.de\/en\/wp-json\/wp\/v2\/types\/page"}],"author":[{"embeddable":true,"href":"https:\/\/ninaraem.de\/en\/wp-json\/wp\/v2\/users\/1"}],"replies":[{"embeddable":true,"href":"https:\/\/ninaraem.de\/en\/wp-json\/wp\/v2\/comments?post=608"}],"version-history":[{"count":43,"href":"https:\/\/ninaraem.de\/en\/wp-json\/wp\/v2\/pages\/608\/revisions"}],"predecessor-version":[{"id":3258,"href":"https:\/\/ninaraem.de\/en\/wp-json\/wp\/v2\/pages\/608\/revisions\/3258"}],"up":[{"embeddable":true,"href":"https:\/\/ninaraem.de\/en\/wp-json\/wp\/v2\/pages\/559"}],"wp:attachment":[{"href":"https:\/\/ninaraem.de\/en\/wp-json\/wp\/v2\/media?parent=608"}],"curies":[{"name":"wp","href":"https:\/\/api.w.org\/{rel}","templated":true}]}}