{"id":65,"date":"2020-12-21T16:45:09","date_gmt":"2020-12-21T16:45:09","guid":{"rendered":"http:\/\/ninaraem.de\/?page_id=65"},"modified":"2026-02-03T07:03:27","modified_gmt":"2026-02-03T07:03:27","slug":"yoga-individuell","status":"publish","type":"page","link":"https:\/\/ninaraem.de\/en\/yoga-spektrum\/yoga-individuell\/","title":{"rendered":"Personal Yoga"},"content":{"rendered":"<figure class=\"wp-block-image size-full\"><img loading=\"lazy\" decoding=\"async\" width=\"1500\" height=\"1000\" src=\"https:\/\/ninaraem.de\/wp-content\/uploads\/2023\/03\/Nina-Raem_Personal-Yoga.jpg\" alt=\"Nina Raem bietet Yoga individuell. Hier dehnt sie die rechte Beinr\u00fcckseite und nutz daf\u00fcr einen Yogagurt\" class=\"wp-image-1872\" srcset=\"https:\/\/ninaraem.de\/wp-content\/uploads\/2023\/03\/Nina-Raem_Personal-Yoga.jpg 1500w, https:\/\/ninaraem.de\/wp-content\/uploads\/2023\/03\/Nina-Raem_Personal-Yoga-300x200.jpg 300w, https:\/\/ninaraem.de\/wp-content\/uploads\/2023\/03\/Nina-Raem_Personal-Yoga-1024x683.jpg 1024w, https:\/\/ninaraem.de\/wp-content\/uploads\/2023\/03\/Nina-Raem_Personal-Yoga-768x512.jpg 768w, https:\/\/ninaraem.de\/wp-content\/uploads\/2023\/03\/Nina-Raem_Personal-Yoga-18x12.jpg 18w, https:\/\/ninaraem.de\/wp-content\/uploads\/2023\/03\/Nina-Raem_Personal-Yoga-600x400.jpg 600w\" sizes=\"auto, (max-width: 1500px) 100vw, 1500px\" \/><\/figure>\n\n\n\n<p>Again and again we get into yoga classes that move us, but still do not respond to our individual needs and wishes. Some courses are overcrowded, selected topics and general announcements do not help us or cause more and more questions that cannot be clarified in this context.<\/p>\n\n\n\n<p>Individual yoga classes may be of interest to you if...<\/p>\n\n\n\n<p>... you want to regularly practice a yoga sequence that is individually tailored to you<br>... you want to improve your practice in a targeted manner<br>... you want to learn special postures<br>... want to develop yourself as a personality and are looking for support in this, want to change your body posture and attitude towards life<br>... you have a different reason than the one already mentioned<\/p>\n\n\n\n<div style=\"height:30px\" aria-hidden=\"true\" class=\"wp-block-spacer\"><\/div>\n\n\n\n<p><strong>Offers &amp; fees<br><\/strong>Offer 1: Single lesson 60 minutes = 60 \u20ac<br>Offer 2: Individual yoga lesson 90 minutes = 80 \u20ac<br>Offer 3: single lesson 120 minutes = 100 \u20ac<br>Package of 3 single lessons 60 minutes: 140 \u20ac<\/p>\n\n\n\n<div style=\"height:30px\" aria-hidden=\"true\" class=\"wp-block-spacer\"><\/div>\n\n\n\n<p class=\"translation-block\">This offer is also very suitable for online lessons.<\/p>\n\n\n\n<div style=\"height:50px\" aria-hidden=\"true\" class=\"wp-block-spacer\"><\/div>\n\n\n\n<p><strong>Contact<\/strong><br>M <a href=\"http:\/\/+4917621967547\" data-type=\"URL\" data-id=\"+4917621967547\">+4917621967547<\/a><br>E <a href=\"mailto:nina@ninaraem.de\" target=\"_blank\" rel=\"noreferrer noopener\">nina@ninaraem.de<\/a><\/p>","protected":false},"excerpt":{"rendered":"<p>Immer wieder geraten wir in Yogaklassen, die uns zwar bewegen, aber dennoch nicht auf unsere individuellen Bed\u00fcrfnisse und W\u00fcnsche eingehen. Einige Kurse sind \u00fcberf\u00fcllt, gew\u00e4hlte Themen und allgemeine Ansagen helfen uns nicht weiter bzw. sorgen f\u00fcr immer mehr Fragen, die in diesem Rahmen nicht gekl\u00e4rt werden k\u00f6nnen. Yoga individuell als Einzelunterricht kann f\u00fcr Dich u.a. [&hellip;]<\/p>\n","protected":false},"author":1,"featured_media":0,"parent":217,"menu_order":0,"comment_status":"closed","ping_status":"closed","template":"","meta":{"footnotes":""},"class_list":["post-65","page","type-page","status-publish","hentry"],"_links":{"self":[{"href":"https:\/\/ninaraem.de\/en\/wp-json\/wp\/v2\/pages\/65","targetHints":{"allow":["GET"]}}],"collection":[{"href":"https:\/\/ninaraem.de\/en\/wp-json\/wp\/v2\/pages"}],"about":[{"href":"https:\/\/ninaraem.de\/en\/wp-json\/wp\/v2\/types\/page"}],"author":[{"embeddable":true,"href":"https:\/\/ninaraem.de\/en\/wp-json\/wp\/v2\/users\/1"}],"replies":[{"embeddable":true,"href":"https:\/\/ninaraem.de\/en\/wp-json\/wp\/v2\/comments?post=65"}],"version-history":[{"count":32,"href":"https:\/\/ninaraem.de\/en\/wp-json\/wp\/v2\/pages\/65\/revisions"}],"predecessor-version":[{"id":1963,"href":"https:\/\/ninaraem.de\/en\/wp-json\/wp\/v2\/pages\/65\/revisions\/1963"}],"up":[{"embeddable":true,"href":"https:\/\/ninaraem.de\/en\/wp-json\/wp\/v2\/pages\/217"}],"wp:attachment":[{"href":"https:\/\/ninaraem.de\/en\/wp-json\/wp\/v2\/media?parent=65"}],"curies":[{"name":"wp","href":"https:\/\/api.w.org\/{rel}","templated":true}]}}