{"id":746,"date":"2022-06-28T10:58:43","date_gmt":"2022-06-28T10:58:43","guid":{"rendered":"http:\/\/ninaraem.de\/?page_id=746"},"modified":"2023-04-01T04:44:35","modified_gmt":"2023-04-01T04:44:35","slug":"coaching","status":"publish","type":"page","link":"https:\/\/ninaraem.de\/en\/coaching\/","title":{"rendered":"COACHING"},"content":{"rendered":"<h2 class=\"wp-block-heading\">Transformation in Practice<\/h2>\n\n\n\n<pre class=\"wp-block-verse\">\"The biggest decision of your life is that you can change your life by changing your mindset.\" Albert Schweitzer<\/pre>\n\n\n\n<p>There is no uniform definition of the general term coaching. \"Coach\" means something like carriage and can therefore be understood as a tool to set off and achieve a goal. In my understanding, coaching is a creative process of client and coach, whereby both meet on an equal footing. The coach is seen as a process consultant who personally advises and supports the client. Unlike in psychotherapy, it is not about the client coming to terms with the past, but about creating a vision of the future and implementing it.<\/p>\n\n\n\n<div style=\"height:30px\" aria-hidden=\"true\" class=\"wp-block-spacer\"><\/div>\n\n\n\n<p>General goals of coaching include:<\/p>\n\n\n\n<p><\/p>\n\n\n\n<ul class=\"wp-block-list\">\n<li>Support in personal goal setting, goal tracking, goal achievement<\/li>\n\n\n\n<li>Stress reduction and development of strategies for better stress management<\/li>\n\n\n\n<li>Strengthening of problem-oriented coping and the expectation of self-efficacy<\/li>\n\n\n\n<li>Stimulate and improve self-reflection<\/li>\n\n\n\n<li>Increase in self-confidence<\/li>\n\n\n\n<li>Improving emotional balance<\/li>\n<\/ul>\n\n\n\n<div style=\"height:50px\" aria-hidden=\"true\" class=\"wp-block-spacer\"><\/div>\n\n\n\n<p><strong>Contact<\/strong><br>M <a href=\"http:\/\/+4917621967547\" data-type=\"URL\" data-id=\"+4917621967547\">+4917621967547<\/a><br>E <a href=\"mailto:nina@ninaraem.de\" target=\"_blank\" rel=\"noreferrer noopener\">nina@ninaraem.de<\/a><\/p>\n\n\n\n<div style=\"height:50px\" aria-hidden=\"true\" class=\"wp-block-spacer\"><\/div>\n\n\n\n<p><strong>Anmerkung<\/strong><\/p>\n\n\n\n<p>Coaching is not psychotherapy and does not serve as a substitute for psychotherapeutic treatment. In a personal approx. 30-minute preliminary talk live or via zoom, in addition to getting to know each other for the time being, very general organizational topics are discussed. It is recorded in writing that the client is psychologically healthy and is aware that coaching can certainly initiate noticeable mental change processes.<\/p>\n\n\n\n<p><\/p>","protected":false},"excerpt":{"rendered":"<p>Wandlung in der Praxis \u201eDie gr\u00f6\u00dfte Entscheidung deines Lebens liegt darin, dass du dein Leben \u00e4ndern kannst, indem du deine Geisteshaltung \u00e4nderst.\u201c Albert Schweitzer Eine einheitliche Definition des allgemeinen Begriffs Coaching gibt es nicht. \u201eCoach\u201c heisst sowas wie Kutsche und kann daher als Hilfsmittel verstanden werden, um sich auf den Weg zu machen und ein [&hellip;]<\/p>\n","protected":false},"author":1,"featured_media":1827,"parent":0,"menu_order":0,"comment_status":"closed","ping_status":"closed","template":"","meta":{"footnotes":""},"class_list":["post-746","page","type-page","status-publish","has-post-thumbnail","hentry"],"_links":{"self":[{"href":"https:\/\/ninaraem.de\/en\/wp-json\/wp\/v2\/pages\/746","targetHints":{"allow":["GET"]}}],"collection":[{"href":"https:\/\/ninaraem.de\/en\/wp-json\/wp\/v2\/pages"}],"about":[{"href":"https:\/\/ninaraem.de\/en\/wp-json\/wp\/v2\/types\/page"}],"author":[{"embeddable":true,"href":"https:\/\/ninaraem.de\/en\/wp-json\/wp\/v2\/users\/1"}],"replies":[{"embeddable":true,"href":"https:\/\/ninaraem.de\/en\/wp-json\/wp\/v2\/comments?post=746"}],"version-history":[{"count":36,"href":"https:\/\/ninaraem.de\/en\/wp-json\/wp\/v2\/pages\/746\/revisions"}],"predecessor-version":[{"id":2352,"href":"https:\/\/ninaraem.de\/en\/wp-json\/wp\/v2\/pages\/746\/revisions\/2352"}],"wp:featuredmedia":[{"embeddable":true,"href":"https:\/\/ninaraem.de\/en\/wp-json\/wp\/v2\/media\/1827"}],"wp:attachment":[{"href":"https:\/\/ninaraem.de\/en\/wp-json\/wp\/v2\/media?parent=746"}],"curies":[{"name":"wp","href":"https:\/\/api.w.org\/{rel}","templated":true}]}}